{"id":6571,"date":"2020-03-05T15:34:34","date_gmt":"2020-03-05T14:34:34","guid":{"rendered":"https:\/\/tepas.nl\/verzekeringsrecht\/"},"modified":"2020-05-14T13:14:17","modified_gmt":"2020-05-14T11:14:17","slug":"prawo-ubezpieczeniowe","status":"publish","type":"page","link":"https:\/\/tepas.nl\/pl\/prawo-ubezpieczeniowe\/","title":{"rendered":"Prawo ubezpieczeniowe"},"content":{"rendered":"<div class=\"wpb-content-wrapper\">[vc_row full_width=&#8221;stretch_row&#8221; content_placement=&#8221;middle&#8221; column_spacing=&#8221;0px&#8221; remove_bottom_col_margin=&#8221;true&#8221; wpex_bg_overlay=&#8221;color&#8221; wpex_fixed_bg=&#8221;fixed&#8221; bg_style=&#8221;stretch&#8221; min_height=&#8221;125&#8243; css=&#8221;.vc_custom_1583852995277{background-image: url(https:\/\/tepas.nl\/wp-content\/uploads\/2020\/03\/Algemeen-1.jpg?id=6144) !important;background-position: center !important;background-repeat: no-repeat !important;background-size: cover !important;}&#8221; wpex_bg_position=&#8221;center center&#8221; wpex_bg_overlay_color=&#8221;#125d7a&#8221; wpex_bg_overlay_opacity=&#8221;0.85&#8243;][vc_column]<div class=\"vcex-spacing wpex-w-100 wpex-clear\" style=\"height:10px;\"><\/div><style>.vcex-heading.vcex_69e1e49c966ae{color:#ffffff;font-size:30px;font-weight:600;}<\/style><h1 class=\"vcex-heading vcex-heading-plain vcex-module wpex-heading wpex-text-2xl wpex-text-left vcex_69e1e49c966ae\"><span class=\"vcex-heading-inner wpex-inline-block\">Prawo ubezpieczeniowe<\/span><\/h1>[\/vc_column][\/vc_row][vc_row css=&#8221;.vc_custom_1583917828032{padding-top: 50px !important;}&#8221;][vc_column][vc_column_text]Wszelkie rodzaje spor\u00f3w mog\u0105 wynika\u0107 z umowy ubezpieczeniowej. Spory te mog\u0105 odbywa\u0107 si\u0119 na r\u00f3\u017cnych poziomach. Pomy\u015bl o sporach mi\u0119dzy ubezpieczycielami, a ubezpieczonymi stronami lub mi\u0119dzy samymi ubezpieczycielami.<\/p>\n<p>Z przyjemno\u015bci\u0105 doradzimy r\u00f3wnie\u017c w sprawie Twojej sytuacji prawnej, je\u015bli ponosisz odpowiedzialno\u015b\u0107. Kancelaria Te Pas &#8211; Kowalczyk Advocaten zdoby\u0142a w ostatnich latach du\u017ce do\u015bwiadczenie w doradztwie zar\u00f3wno ma\u0142ych, \u015brednich, jak i du\u017cych firm w zakresie prawa odpowiedzialno\u015bci cywilnej.[\/vc_column_text][\/vc_column][\/vc_row][vc_row full_width=&#8221;stretch_row&#8221; column_spacing=&#8221;40&#8243; equal_height=&#8221;yes&#8221; remove_bottom_col_margin=&#8221;true&#8221; bg_style=&#8221;stretch&#8221; css=&#8221;.vc_custom_1585041893392{padding-top: 80px !important;padding-bottom: 60px !important;background-image: url(https:\/\/tepas.nl\/wp-content\/uploads\/2020\/03\/verzekering3.jpg?id=6406) !important;background-position: center !important;background-repeat: no-repeat !important;background-size: cover !important;}&#8221; wpex_bg_position=&#8221;center center&#8221;][vc_column width=&#8221;3\/5&#8243; css=&#8221;.vc_custom_1583854415191{padding-top: 7% !important;padding-right: 7% !important;padding-bottom: 7% !important;padding-left: 7% !important;background-color: #125d7a !important;}&#8221;][vc_column_text italic=&#8221;true&#8221; color=&#8221;#ffffff&#8221; font_size=&#8221;20&#8243; text_align=&#8221;left&#8221; line_height=&#8221;1.5&#8243;]Kancelaria Te Pas &#8211; Kowalczyk Advocaten specjalizuje si\u0119 w doradztwie dotycz\u0105cym procedur. Oczywi\u015bcie zawsze badana jest mo\u017cliwo\u015b\u0107 ugody.[\/vc_column_text][\/vc_column][vc_column width=&#8221;2\/5&#8243; css=&#8221;.vc_custom_1583847769852{margin-bottom: 0px !important;}&#8221;][\/vc_column][\/vc_row]\n<\/div>","protected":false},"excerpt":{"rendered":"<p>[vc_row full_width=&#8221;stretch_row&#8221; content_placement=&#8221;middle&#8221; column_spacing=&#8221;0px&#8221; remove_bottom_col_margin=&#8221;true&#8221; wpex_bg_overlay=&#8221;color&#8221; wpex_fixed_bg=&#8221;fixed&#8221; bg_style=&#8221;stretch&#8221; min_height=&#8221;125&#8243; css=&#8221;.vc_custom_1583852995277{background-image: url(https:\/\/tepas.nl\/wp-content\/uploads\/2020\/03\/Algemeen-1.jpg?id=6144) !important;background-position: center !important;background-repeat: no-repeat !important;background-size: cover !important;}&#8221; wpex_bg_position=&#8221;center center&#8221; wpex_bg_overlay_color=&#8221;#125d7a&#8221; wpex_bg_overlay_opacity=&#8221;0.85&#8243;][vc_column][\/vc_column][\/vc_row][vc_row css=&#8221;.vc_custom_1583917828032{padding-top: 50px !important;}&#8221;][vc_column][vc_column_text]Wszelkie rodzaje spor\u00f3w mog\u0105 wynika\u0107 z umowy ubezpieczeniowej. Spory te mog\u0105 odbywa\u0107 si\u0119 na r\u00f3\u017cnych poziomach. Pomy\u015bl o sporach mi\u0119dzy ubezpieczycielami, a ubezpieczonymi stronami lub mi\u0119dzy samymi ubezpieczycielami. Z przyjemno\u015bci\u0105 doradzimy&hellip;<\/p>\n","protected":false},"author":2,"featured_media":6515,"parent":0,"menu_order":0,"comment_status":"closed","ping_status":"closed","template":"","meta":{"footnotes":""},"class_list":["post-6571","page","type-page","status-publish","has-post-thumbnail","hentry","entry","has-media"],"yoast_head":"<!-- This site is optimized with the Yoast SEO plugin v27.4 - https:\/\/yoast.com\/product\/yoast-seo-wordpress\/ -->\n<title>Prawo ubezpieczeniowe - Te Pas - Kowalczyk<\/title>\n<meta name=\"robots\" content=\"index, follow, max-snippet:-1, max-image-preview:large, max-video-preview:-1\" \/>\n<link rel=\"canonical\" href=\"https:\/\/tepas.nl\/pl\/prawo-ubezpieczeniowe\/\" \/>\n<meta property=\"og:locale\" content=\"pl_PL\" \/>\n<meta property=\"og:type\" content=\"article\" \/>\n<meta property=\"og:title\" content=\"Prawo ubezpieczeniowe - Te Pas - Kowalczyk\" \/>\n<meta property=\"og:description\" content=\"[vc_row full_width=&#8221;stretch_row&#8221; content_placement=&#8221;middle&#8221; column_spacing=&#8221;0px&#8221; remove_bottom_col_margin=&#8221;true&#8221; wpex_bg_overlay=&#8221;color&#8221; wpex_fixed_bg=&#8221;fixed&#8221; bg_style=&#8221;stretch&#8221; min_height=&#8221;125&#8243; css=&#8221;.vc_custom_1583852995277{background-image: url(https:\/\/tepas.nl\/wp-content\/uploads\/2020\/03\/Algemeen-1.jpg?id=6144) !important;background-position: center !important;background-repeat: no-repeat !important;background-size: cover !important;}&#8221; wpex_bg_position=&#8221;center center&#8221; wpex_bg_overlay_color=&#8221;#125d7a&#8221; wpex_bg_overlay_opacity=&#8221;0.85&#8243;][vc_column][\/vc_column][\/vc_row][vc_row css=&#8221;.vc_custom_1583917828032{padding-top: 50px !important;}&#8221;][vc_column][vc_column_text]Wszelkie rodzaje spor\u00f3w mog\u0105 wynika\u0107 z umowy ubezpieczeniowej. Spory te mog\u0105 odbywa\u0107 si\u0119 na r\u00f3\u017cnych poziomach. Pomy\u015bl o sporach mi\u0119dzy ubezpieczycielami, a ubezpieczonymi stronami lub mi\u0119dzy samymi ubezpieczycielami. Z przyjemno\u015bci\u0105 doradzimy&hellip;\" \/>\n<meta property=\"og:url\" content=\"https:\/\/tepas.nl\/pl\/prawo-ubezpieczeniowe\/\" \/>\n<meta property=\"og:site_name\" content=\"Te Pas - Kowalczyk\" \/>\n<meta property=\"article:modified_time\" content=\"2020-05-14T11:14:17+00:00\" \/>\n<meta property=\"og:image\" content=\"https:\/\/tepas.nl\/wp-content\/uploads\/2020\/03\/Algemeen.jpg\" \/>\n\t<meta property=\"og:image:width\" content=\"1000\" \/>\n\t<meta property=\"og:image:height\" content=\"667\" \/>\n\t<meta property=\"og:image:type\" content=\"image\/jpeg\" \/>\n<meta name=\"twitter:card\" content=\"summary_large_image\" \/>\n<meta name=\"twitter:label1\" content=\"Szacowany czas czytania\" \/>\n\t<meta name=\"twitter:data1\" content=\"2 minuty\" \/>\n<script type=\"application\/ld+json\" class=\"yoast-schema-graph\">{\"@context\":\"https:\\\/\\\/schema.org\",\"@graph\":[{\"@type\":\"WebPage\",\"@id\":\"https:\\\/\\\/tepas.nl\\\/pl\\\/prawo-ubezpieczeniowe\\\/\",\"url\":\"https:\\\/\\\/tepas.nl\\\/pl\\\/prawo-ubezpieczeniowe\\\/\",\"name\":\"Prawo ubezpieczeniowe - Te Pas - Kowalczyk\",\"isPartOf\":{\"@id\":\"https:\\\/\\\/tepas.nl\\\/#website\"},\"primaryImageOfPage\":{\"@id\":\"https:\\\/\\\/tepas.nl\\\/pl\\\/prawo-ubezpieczeniowe\\\/#primaryimage\"},\"image\":{\"@id\":\"https:\\\/\\\/tepas.nl\\\/pl\\\/prawo-ubezpieczeniowe\\\/#primaryimage\"},\"thumbnailUrl\":\"https:\\\/\\\/tepas.nl\\\/wp-content\\\/uploads\\\/2020\\\/03\\\/Algemeen.jpg\",\"datePublished\":\"2020-03-05T14:34:34+00:00\",\"dateModified\":\"2020-05-14T11:14:17+00:00\",\"breadcrumb\":{\"@id\":\"https:\\\/\\\/tepas.nl\\\/pl\\\/prawo-ubezpieczeniowe\\\/#breadcrumb\"},\"inLanguage\":\"pl-PL\",\"potentialAction\":[{\"@type\":\"ReadAction\",\"target\":[\"https:\\\/\\\/tepas.nl\\\/pl\\\/prawo-ubezpieczeniowe\\\/\"]}]},{\"@type\":\"ImageObject\",\"inLanguage\":\"pl-PL\",\"@id\":\"https:\\\/\\\/tepas.nl\\\/pl\\\/prawo-ubezpieczeniowe\\\/#primaryimage\",\"url\":\"https:\\\/\\\/tepas.nl\\\/wp-content\\\/uploads\\\/2020\\\/03\\\/Algemeen.jpg\",\"contentUrl\":\"https:\\\/\\\/tepas.nl\\\/wp-content\\\/uploads\\\/2020\\\/03\\\/Algemeen.jpg\",\"width\":1000,\"height\":667},{\"@type\":\"BreadcrumbList\",\"@id\":\"https:\\\/\\\/tepas.nl\\\/pl\\\/prawo-ubezpieczeniowe\\\/#breadcrumb\",\"itemListElement\":[{\"@type\":\"ListItem\",\"position\":1,\"name\":\"Home\",\"item\":\"https:\\\/\\\/tepas.nl\\\/pl\\\/\"},{\"@type\":\"ListItem\",\"position\":2,\"name\":\"Prawo ubezpieczeniowe\"}]},{\"@type\":\"WebSite\",\"@id\":\"https:\\\/\\\/tepas.nl\\\/#website\",\"url\":\"https:\\\/\\\/tepas.nl\\\/\",\"name\":\"Te Pas - Kowalczyk\",\"description\":\"Advocatenkantoor in Rotterdam\",\"publisher\":{\"@id\":\"https:\\\/\\\/tepas.nl\\\/#organization\"},\"potentialAction\":[{\"@type\":\"SearchAction\",\"target\":{\"@type\":\"EntryPoint\",\"urlTemplate\":\"https:\\\/\\\/tepas.nl\\\/?s={search_term_string}\"},\"query-input\":{\"@type\":\"PropertyValueSpecification\",\"valueRequired\":true,\"valueName\":\"search_term_string\"}}],\"inLanguage\":\"pl-PL\"},{\"@type\":\"Organization\",\"@id\":\"https:\\\/\\\/tepas.nl\\\/#organization\",\"name\":\"Te Pas - Kowalczyk\",\"url\":\"https:\\\/\\\/tepas.nl\\\/\",\"logo\":{\"@type\":\"ImageObject\",\"inLanguage\":\"pl-PL\",\"@id\":\"https:\\\/\\\/tepas.nl\\\/#\\\/schema\\\/logo\\\/image\\\/\",\"url\":\"https:\\\/\\\/tepas.nl\\\/wp-content\\\/uploads\\\/2020\\\/03\\\/Te-Pas-Kowalczyk-Advocaten_norm.png\",\"contentUrl\":\"https:\\\/\\\/tepas.nl\\\/wp-content\\\/uploads\\\/2020\\\/03\\\/Te-Pas-Kowalczyk-Advocaten_norm.png\",\"width\":600,\"height\":150,\"caption\":\"Te Pas - Kowalczyk\"},\"image\":{\"@id\":\"https:\\\/\\\/tepas.nl\\\/#\\\/schema\\\/logo\\\/image\\\/\"}}]}<\/script>\n<!-- \/ Yoast SEO plugin. -->","yoast_head_json":{"title":"Prawo ubezpieczeniowe - Te Pas - Kowalczyk","robots":{"index":"index","follow":"follow","max-snippet":"max-snippet:-1","max-image-preview":"max-image-preview:large","max-video-preview":"max-video-preview:-1"},"canonical":"https:\/\/tepas.nl\/pl\/prawo-ubezpieczeniowe\/","og_locale":"pl_PL","og_type":"article","og_title":"Prawo ubezpieczeniowe - Te Pas - Kowalczyk","og_description":"[vc_row full_width=&#8221;stretch_row&#8221; content_placement=&#8221;middle&#8221; column_spacing=&#8221;0px&#8221; remove_bottom_col_margin=&#8221;true&#8221; wpex_bg_overlay=&#8221;color&#8221; wpex_fixed_bg=&#8221;fixed&#8221; bg_style=&#8221;stretch&#8221; min_height=&#8221;125&#8243; css=&#8221;.vc_custom_1583852995277{background-image: url(https:\/\/tepas.nl\/wp-content\/uploads\/2020\/03\/Algemeen-1.jpg?id=6144) !important;background-position: center !important;background-repeat: no-repeat !important;background-size: cover !important;}&#8221; wpex_bg_position=&#8221;center center&#8221; wpex_bg_overlay_color=&#8221;#125d7a&#8221; wpex_bg_overlay_opacity=&#8221;0.85&#8243;][vc_column][\/vc_column][\/vc_row][vc_row css=&#8221;.vc_custom_1583917828032{padding-top: 50px !important;}&#8221;][vc_column][vc_column_text]Wszelkie rodzaje spor\u00f3w mog\u0105 wynika\u0107 z umowy ubezpieczeniowej. Spory te mog\u0105 odbywa\u0107 si\u0119 na r\u00f3\u017cnych poziomach. Pomy\u015bl o sporach mi\u0119dzy ubezpieczycielami, a ubezpieczonymi stronami lub mi\u0119dzy samymi ubezpieczycielami. Z przyjemno\u015bci\u0105 doradzimy&hellip;","og_url":"https:\/\/tepas.nl\/pl\/prawo-ubezpieczeniowe\/","og_site_name":"Te Pas - Kowalczyk","article_modified_time":"2020-05-14T11:14:17+00:00","og_image":[{"width":1000,"height":667,"url":"https:\/\/tepas.nl\/wp-content\/uploads\/2020\/03\/Algemeen.jpg","type":"image\/jpeg"}],"twitter_card":"summary_large_image","twitter_misc":{"Szacowany czas czytania":"2 minuty"},"schema":{"@context":"https:\/\/schema.org","@graph":[{"@type":"WebPage","@id":"https:\/\/tepas.nl\/pl\/prawo-ubezpieczeniowe\/","url":"https:\/\/tepas.nl\/pl\/prawo-ubezpieczeniowe\/","name":"Prawo ubezpieczeniowe - Te Pas - Kowalczyk","isPartOf":{"@id":"https:\/\/tepas.nl\/#website"},"primaryImageOfPage":{"@id":"https:\/\/tepas.nl\/pl\/prawo-ubezpieczeniowe\/#primaryimage"},"image":{"@id":"https:\/\/tepas.nl\/pl\/prawo-ubezpieczeniowe\/#primaryimage"},"thumbnailUrl":"https:\/\/tepas.nl\/wp-content\/uploads\/2020\/03\/Algemeen.jpg","datePublished":"2020-03-05T14:34:34+00:00","dateModified":"2020-05-14T11:14:17+00:00","breadcrumb":{"@id":"https:\/\/tepas.nl\/pl\/prawo-ubezpieczeniowe\/#breadcrumb"},"inLanguage":"pl-PL","potentialAction":[{"@type":"ReadAction","target":["https:\/\/tepas.nl\/pl\/prawo-ubezpieczeniowe\/"]}]},{"@type":"ImageObject","inLanguage":"pl-PL","@id":"https:\/\/tepas.nl\/pl\/prawo-ubezpieczeniowe\/#primaryimage","url":"https:\/\/tepas.nl\/wp-content\/uploads\/2020\/03\/Algemeen.jpg","contentUrl":"https:\/\/tepas.nl\/wp-content\/uploads\/2020\/03\/Algemeen.jpg","width":1000,"height":667},{"@type":"BreadcrumbList","@id":"https:\/\/tepas.nl\/pl\/prawo-ubezpieczeniowe\/#breadcrumb","itemListElement":[{"@type":"ListItem","position":1,"name":"Home","item":"https:\/\/tepas.nl\/pl\/"},{"@type":"ListItem","position":2,"name":"Prawo ubezpieczeniowe"}]},{"@type":"WebSite","@id":"https:\/\/tepas.nl\/#website","url":"https:\/\/tepas.nl\/","name":"Te Pas - Kowalczyk","description":"Advocatenkantoor in Rotterdam","publisher":{"@id":"https:\/\/tepas.nl\/#organization"},"potentialAction":[{"@type":"SearchAction","target":{"@type":"EntryPoint","urlTemplate":"https:\/\/tepas.nl\/?s={search_term_string}"},"query-input":{"@type":"PropertyValueSpecification","valueRequired":true,"valueName":"search_term_string"}}],"inLanguage":"pl-PL"},{"@type":"Organization","@id":"https:\/\/tepas.nl\/#organization","name":"Te Pas - Kowalczyk","url":"https:\/\/tepas.nl\/","logo":{"@type":"ImageObject","inLanguage":"pl-PL","@id":"https:\/\/tepas.nl\/#\/schema\/logo\/image\/","url":"https:\/\/tepas.nl\/wp-content\/uploads\/2020\/03\/Te-Pas-Kowalczyk-Advocaten_norm.png","contentUrl":"https:\/\/tepas.nl\/wp-content\/uploads\/2020\/03\/Te-Pas-Kowalczyk-Advocaten_norm.png","width":600,"height":150,"caption":"Te Pas - Kowalczyk"},"image":{"@id":"https:\/\/tepas.nl\/#\/schema\/logo\/image\/"}}]}},"_links":{"self":[{"href":"https:\/\/tepas.nl\/pl\/wp-json\/wp\/v2\/pages\/6571","targetHints":{"allow":["GET"]}}],"collection":[{"href":"https:\/\/tepas.nl\/pl\/wp-json\/wp\/v2\/pages"}],"about":[{"href":"https:\/\/tepas.nl\/pl\/wp-json\/wp\/v2\/types\/page"}],"author":[{"embeddable":true,"href":"https:\/\/tepas.nl\/pl\/wp-json\/wp\/v2\/users\/2"}],"replies":[{"embeddable":true,"href":"https:\/\/tepas.nl\/pl\/wp-json\/wp\/v2\/comments?post=6571"}],"version-history":[{"count":3,"href":"https:\/\/tepas.nl\/pl\/wp-json\/wp\/v2\/pages\/6571\/revisions"}],"predecessor-version":[{"id":6574,"href":"https:\/\/tepas.nl\/pl\/wp-json\/wp\/v2\/pages\/6571\/revisions\/6574"}],"wp:featuredmedia":[{"embeddable":true,"href":"https:\/\/tepas.nl\/pl\/wp-json\/wp\/v2\/media\/6515"}],"wp:attachment":[{"href":"https:\/\/tepas.nl\/pl\/wp-json\/wp\/v2\/media?parent=6571"}],"curies":[{"name":"wp","href":"https:\/\/api.w.org\/{rel}","templated":true}]}}