{"id":6576,"date":"2020-03-05T15:33:42","date_gmt":"2020-03-05T14:33:42","guid":{"rendered":"https:\/\/tepas.nl\/huurrecht\/"},"modified":"2020-05-14T13:17:47","modified_gmt":"2020-05-14T11:17:47","slug":"prawo-najmu","status":"publish","type":"page","link":"https:\/\/tepas.nl\/pl\/prawo-najmu\/","title":{"rendered":"Prawo najmu"},"content":{"rendered":"<div class=\"wpb-content-wrapper\">[vc_row full_width=&#8221;stretch_row&#8221; content_placement=&#8221;middle&#8221; column_spacing=&#8221;0px&#8221; remove_bottom_col_margin=&#8221;true&#8221; wpex_bg_overlay=&#8221;color&#8221; wpex_fixed_bg=&#8221;fixed&#8221; bg_style=&#8221;stretch&#8221; min_height=&#8221;125&#8243; css=&#8221;.vc_custom_1583852995277{background-image: url(https:\/\/tepas.nl\/wp-content\/uploads\/2020\/03\/Algemeen-1.jpg?id=6144) !important;background-position: center !important;background-repeat: no-repeat !important;background-size: cover !important;}&#8221; wpex_bg_position=&#8221;center center&#8221; wpex_bg_overlay_color=&#8221;#125d7a&#8221; wpex_bg_overlay_opacity=&#8221;0.85&#8243;][vc_column]<div class=\"vcex-spacing wpex-w-100 wpex-clear\" style=\"height:10px;\"><\/div><style>.vcex-heading.vcex_69e5c660568e7{color:#ffffff;font-size:30px;font-weight:600;}<\/style><h1 class=\"vcex-heading vcex-heading-plain vcex-module wpex-heading wpex-text-2xl wpex-text-left vcex_69e5c660568e7\"><span class=\"vcex-heading-inner wpex-inline-block\">Prawo najmu<\/span><\/h1>[\/vc_column][\/vc_row][vc_row css=&#8221;.vc_custom_1585038604299{padding-top: 50px !important;}&#8221; wpex_bg_position=&#8221;center left&#8221;][vc_column][vc_column_text]W ramach umowy najmu, zar\u00f3wno na lokale mieszkalne, jak i pomieszczenia firmowe, mo\u017ce powsta\u0107 sp\u00f3r mi\u0119dzy najemc\u0105, a wynajemc\u0105 nieruchomo\u015bci. Sp\u00f3r ten mo\u017ce dotyczy\u0107 czasu trwania umowy, tre\u015bci og\u00f3lnych warunk\u00f3w, okresu wypowiedzenia, obowi\u0105zku konserwacji mieszkania, podnajmu lub obowi\u0105zku eksploatacji.<\/p>\n<p>W kancelarii Te Pas \u2013 Kowalczyk Advocaten wy\u017cej wspomniane spory by\u0142y ju\u017c cz\u0119sto rozwi\u0105zywane, dzi\u0119ki czemu mo\u017cemy fachowo pom\u00f3c w wy\u017cej wymienionych konfliktach.[\/vc_column_text][\/vc_column][\/vc_row][vc_row full_width=&#8221;stretch_row&#8221; column_spacing=&#8221;40&#8243; equal_height=&#8221;yes&#8221; remove_bottom_col_margin=&#8221;true&#8221; bg_style=&#8221;stretch&#8221; css=&#8221;.vc_custom_1585041938964{padding-top: 80px !important;padding-bottom: 60px !important;background-image: url(https:\/\/tepas.nl\/wp-content\/uploads\/2020\/03\/Huurrecht4.jpg?id=6404) !important;background-position: center !important;background-repeat: no-repeat !important;background-size: cover !important;}&#8221; wpex_bg_position=&#8221;center center&#8221;][vc_column width=&#8221;3\/5&#8243; css=&#8221;.vc_custom_1583854415191{padding-top: 7% !important;padding-right: 7% !important;padding-bottom: 7% !important;padding-left: 7% !important;background-color: #125d7a !important;}&#8221;][vc_column_text italic=&#8221;true&#8221; color=&#8221;#ffffff&#8221; font_size=&#8221;20&#8243; text_align=&#8221;left&#8221; line_height=&#8221;1.5&#8243;]\u201cDzi\u0119ki naszemu wieloletniemu do\u015bwiadczeniu w tej dziedzinie mo\u017cemy zapewni\u0107 dobre porady zar\u00f3wno najemcom, jak i wynajemcom.\u201d[\/vc_column_text][\/vc_column][vc_column width=&#8221;2\/5&#8243; css=&#8221;.vc_custom_1583847769852{margin-bottom: 0px !important;}&#8221;][\/vc_column][\/vc_row]\n<\/div>","protected":false},"excerpt":{"rendered":"<p>[vc_row full_width=&#8221;stretch_row&#8221; content_placement=&#8221;middle&#8221; column_spacing=&#8221;0px&#8221; remove_bottom_col_margin=&#8221;true&#8221; wpex_bg_overlay=&#8221;color&#8221; wpex_fixed_bg=&#8221;fixed&#8221; bg_style=&#8221;stretch&#8221; min_height=&#8221;125&#8243; css=&#8221;.vc_custom_1583852995277{background-image: url(https:\/\/tepas.nl\/wp-content\/uploads\/2020\/03\/Algemeen-1.jpg?id=6144) !important;background-position: center !important;background-repeat: no-repeat !important;background-size: cover !important;}&#8221; wpex_bg_position=&#8221;center center&#8221; wpex_bg_overlay_color=&#8221;#125d7a&#8221; wpex_bg_overlay_opacity=&#8221;0.85&#8243;][vc_column][\/vc_column][\/vc_row][vc_row css=&#8221;.vc_custom_1585038604299{padding-top: 50px !important;}&#8221; wpex_bg_position=&#8221;center left&#8221;][vc_column][vc_column_text]W ramach umowy najmu, zar\u00f3wno na lokale mieszkalne, jak i pomieszczenia firmowe, mo\u017ce powsta\u0107 sp\u00f3r mi\u0119dzy najemc\u0105, a wynajemc\u0105 nieruchomo\u015bci. Sp\u00f3r ten mo\u017ce dotyczy\u0107 czasu trwania umowy, tre\u015bci og\u00f3lnych&hellip;<\/p>\n","protected":false},"author":2,"featured_media":6510,"parent":0,"menu_order":0,"comment_status":"closed","ping_status":"closed","template":"","meta":{"footnotes":""},"class_list":["post-6576","page","type-page","status-publish","has-post-thumbnail","hentry","entry","has-media"],"yoast_head":"<!-- This site is optimized with the Yoast SEO plugin v27.4 - https:\/\/yoast.com\/product\/yoast-seo-wordpress\/ -->\n<title>Prawo najmu - Te Pas - Kowalczyk<\/title>\n<meta name=\"robots\" content=\"index, follow, max-snippet:-1, max-image-preview:large, max-video-preview:-1\" \/>\n<link rel=\"canonical\" href=\"https:\/\/tepas.nl\/pl\/prawo-najmu\/\" \/>\n<meta property=\"og:locale\" content=\"pl_PL\" \/>\n<meta property=\"og:type\" content=\"article\" \/>\n<meta property=\"og:title\" content=\"Prawo najmu - Te Pas - Kowalczyk\" \/>\n<meta property=\"og:description\" content=\"[vc_row full_width=&#8221;stretch_row&#8221; content_placement=&#8221;middle&#8221; column_spacing=&#8221;0px&#8221; remove_bottom_col_margin=&#8221;true&#8221; wpex_bg_overlay=&#8221;color&#8221; wpex_fixed_bg=&#8221;fixed&#8221; bg_style=&#8221;stretch&#8221; min_height=&#8221;125&#8243; css=&#8221;.vc_custom_1583852995277{background-image: url(https:\/\/tepas.nl\/wp-content\/uploads\/2020\/03\/Algemeen-1.jpg?id=6144) !important;background-position: center !important;background-repeat: no-repeat !important;background-size: cover !important;}&#8221; wpex_bg_position=&#8221;center center&#8221; wpex_bg_overlay_color=&#8221;#125d7a&#8221; wpex_bg_overlay_opacity=&#8221;0.85&#8243;][vc_column][\/vc_column][\/vc_row][vc_row css=&#8221;.vc_custom_1585038604299{padding-top: 50px !important;}&#8221; wpex_bg_position=&#8221;center left&#8221;][vc_column][vc_column_text]W ramach umowy najmu, zar\u00f3wno na lokale mieszkalne, jak i pomieszczenia firmowe, mo\u017ce powsta\u0107 sp\u00f3r mi\u0119dzy najemc\u0105, a wynajemc\u0105 nieruchomo\u015bci. Sp\u00f3r ten mo\u017ce dotyczy\u0107 czasu trwania umowy, tre\u015bci og\u00f3lnych&hellip;\" \/>\n<meta property=\"og:url\" content=\"https:\/\/tepas.nl\/pl\/prawo-najmu\/\" \/>\n<meta property=\"og:site_name\" content=\"Te Pas - Kowalczyk\" \/>\n<meta property=\"article:modified_time\" content=\"2020-05-14T11:17:47+00:00\" \/>\n<meta property=\"og:image\" content=\"https:\/\/tepas.nl\/wp-content\/uploads\/2020\/03\/Huurrecht-1.jpg\" \/>\n\t<meta property=\"og:image:width\" content=\"1000\" \/>\n\t<meta property=\"og:image:height\" content=\"667\" \/>\n\t<meta property=\"og:image:type\" content=\"image\/jpeg\" \/>\n<meta name=\"twitter:card\" content=\"summary_large_image\" \/>\n<meta name=\"twitter:label1\" content=\"Szacowany czas czytania\" \/>\n\t<meta name=\"twitter:data1\" content=\"2 minuty\" \/>\n<script type=\"application\/ld+json\" class=\"yoast-schema-graph\">{\"@context\":\"https:\\\/\\\/schema.org\",\"@graph\":[{\"@type\":\"WebPage\",\"@id\":\"https:\\\/\\\/tepas.nl\\\/pl\\\/prawo-najmu\\\/\",\"url\":\"https:\\\/\\\/tepas.nl\\\/pl\\\/prawo-najmu\\\/\",\"name\":\"Prawo najmu - Te Pas - Kowalczyk\",\"isPartOf\":{\"@id\":\"https:\\\/\\\/tepas.nl\\\/#website\"},\"primaryImageOfPage\":{\"@id\":\"https:\\\/\\\/tepas.nl\\\/pl\\\/prawo-najmu\\\/#primaryimage\"},\"image\":{\"@id\":\"https:\\\/\\\/tepas.nl\\\/pl\\\/prawo-najmu\\\/#primaryimage\"},\"thumbnailUrl\":\"https:\\\/\\\/tepas.nl\\\/wp-content\\\/uploads\\\/2020\\\/03\\\/Huurrecht-1.jpg\",\"datePublished\":\"2020-03-05T14:33:42+00:00\",\"dateModified\":\"2020-05-14T11:17:47+00:00\",\"breadcrumb\":{\"@id\":\"https:\\\/\\\/tepas.nl\\\/pl\\\/prawo-najmu\\\/#breadcrumb\"},\"inLanguage\":\"pl-PL\",\"potentialAction\":[{\"@type\":\"ReadAction\",\"target\":[\"https:\\\/\\\/tepas.nl\\\/pl\\\/prawo-najmu\\\/\"]}]},{\"@type\":\"ImageObject\",\"inLanguage\":\"pl-PL\",\"@id\":\"https:\\\/\\\/tepas.nl\\\/pl\\\/prawo-najmu\\\/#primaryimage\",\"url\":\"https:\\\/\\\/tepas.nl\\\/wp-content\\\/uploads\\\/2020\\\/03\\\/Huurrecht-1.jpg\",\"contentUrl\":\"https:\\\/\\\/tepas.nl\\\/wp-content\\\/uploads\\\/2020\\\/03\\\/Huurrecht-1.jpg\",\"width\":1000,\"height\":667},{\"@type\":\"BreadcrumbList\",\"@id\":\"https:\\\/\\\/tepas.nl\\\/pl\\\/prawo-najmu\\\/#breadcrumb\",\"itemListElement\":[{\"@type\":\"ListItem\",\"position\":1,\"name\":\"Home\",\"item\":\"https:\\\/\\\/tepas.nl\\\/pl\\\/\"},{\"@type\":\"ListItem\",\"position\":2,\"name\":\"Prawo najmu\"}]},{\"@type\":\"WebSite\",\"@id\":\"https:\\\/\\\/tepas.nl\\\/#website\",\"url\":\"https:\\\/\\\/tepas.nl\\\/\",\"name\":\"Te Pas - Kowalczyk\",\"description\":\"Advocatenkantoor in Rotterdam\",\"publisher\":{\"@id\":\"https:\\\/\\\/tepas.nl\\\/#organization\"},\"potentialAction\":[{\"@type\":\"SearchAction\",\"target\":{\"@type\":\"EntryPoint\",\"urlTemplate\":\"https:\\\/\\\/tepas.nl\\\/?s={search_term_string}\"},\"query-input\":{\"@type\":\"PropertyValueSpecification\",\"valueRequired\":true,\"valueName\":\"search_term_string\"}}],\"inLanguage\":\"pl-PL\"},{\"@type\":\"Organization\",\"@id\":\"https:\\\/\\\/tepas.nl\\\/#organization\",\"name\":\"Te Pas - Kowalczyk\",\"url\":\"https:\\\/\\\/tepas.nl\\\/\",\"logo\":{\"@type\":\"ImageObject\",\"inLanguage\":\"pl-PL\",\"@id\":\"https:\\\/\\\/tepas.nl\\\/#\\\/schema\\\/logo\\\/image\\\/\",\"url\":\"https:\\\/\\\/tepas.nl\\\/wp-content\\\/uploads\\\/2020\\\/03\\\/Te-Pas-Kowalczyk-Advocaten_norm.png\",\"contentUrl\":\"https:\\\/\\\/tepas.nl\\\/wp-content\\\/uploads\\\/2020\\\/03\\\/Te-Pas-Kowalczyk-Advocaten_norm.png\",\"width\":600,\"height\":150,\"caption\":\"Te Pas - Kowalczyk\"},\"image\":{\"@id\":\"https:\\\/\\\/tepas.nl\\\/#\\\/schema\\\/logo\\\/image\\\/\"}}]}<\/script>\n<!-- \/ Yoast SEO plugin. -->","yoast_head_json":{"title":"Prawo najmu - Te Pas - Kowalczyk","robots":{"index":"index","follow":"follow","max-snippet":"max-snippet:-1","max-image-preview":"max-image-preview:large","max-video-preview":"max-video-preview:-1"},"canonical":"https:\/\/tepas.nl\/pl\/prawo-najmu\/","og_locale":"pl_PL","og_type":"article","og_title":"Prawo najmu - Te Pas - Kowalczyk","og_description":"[vc_row full_width=&#8221;stretch_row&#8221; content_placement=&#8221;middle&#8221; column_spacing=&#8221;0px&#8221; remove_bottom_col_margin=&#8221;true&#8221; wpex_bg_overlay=&#8221;color&#8221; wpex_fixed_bg=&#8221;fixed&#8221; bg_style=&#8221;stretch&#8221; min_height=&#8221;125&#8243; css=&#8221;.vc_custom_1583852995277{background-image: url(https:\/\/tepas.nl\/wp-content\/uploads\/2020\/03\/Algemeen-1.jpg?id=6144) !important;background-position: center !important;background-repeat: no-repeat !important;background-size: cover !important;}&#8221; wpex_bg_position=&#8221;center center&#8221; wpex_bg_overlay_color=&#8221;#125d7a&#8221; wpex_bg_overlay_opacity=&#8221;0.85&#8243;][vc_column][\/vc_column][\/vc_row][vc_row css=&#8221;.vc_custom_1585038604299{padding-top: 50px !important;}&#8221; wpex_bg_position=&#8221;center left&#8221;][vc_column][vc_column_text]W ramach umowy najmu, zar\u00f3wno na lokale mieszkalne, jak i pomieszczenia firmowe, mo\u017ce powsta\u0107 sp\u00f3r mi\u0119dzy najemc\u0105, a wynajemc\u0105 nieruchomo\u015bci. Sp\u00f3r ten mo\u017ce dotyczy\u0107 czasu trwania umowy, tre\u015bci og\u00f3lnych&hellip;","og_url":"https:\/\/tepas.nl\/pl\/prawo-najmu\/","og_site_name":"Te Pas - Kowalczyk","article_modified_time":"2020-05-14T11:17:47+00:00","og_image":[{"width":1000,"height":667,"url":"https:\/\/tepas.nl\/wp-content\/uploads\/2020\/03\/Huurrecht-1.jpg","type":"image\/jpeg"}],"twitter_card":"summary_large_image","twitter_misc":{"Szacowany czas czytania":"2 minuty"},"schema":{"@context":"https:\/\/schema.org","@graph":[{"@type":"WebPage","@id":"https:\/\/tepas.nl\/pl\/prawo-najmu\/","url":"https:\/\/tepas.nl\/pl\/prawo-najmu\/","name":"Prawo najmu - Te Pas - Kowalczyk","isPartOf":{"@id":"https:\/\/tepas.nl\/#website"},"primaryImageOfPage":{"@id":"https:\/\/tepas.nl\/pl\/prawo-najmu\/#primaryimage"},"image":{"@id":"https:\/\/tepas.nl\/pl\/prawo-najmu\/#primaryimage"},"thumbnailUrl":"https:\/\/tepas.nl\/wp-content\/uploads\/2020\/03\/Huurrecht-1.jpg","datePublished":"2020-03-05T14:33:42+00:00","dateModified":"2020-05-14T11:17:47+00:00","breadcrumb":{"@id":"https:\/\/tepas.nl\/pl\/prawo-najmu\/#breadcrumb"},"inLanguage":"pl-PL","potentialAction":[{"@type":"ReadAction","target":["https:\/\/tepas.nl\/pl\/prawo-najmu\/"]}]},{"@type":"ImageObject","inLanguage":"pl-PL","@id":"https:\/\/tepas.nl\/pl\/prawo-najmu\/#primaryimage","url":"https:\/\/tepas.nl\/wp-content\/uploads\/2020\/03\/Huurrecht-1.jpg","contentUrl":"https:\/\/tepas.nl\/wp-content\/uploads\/2020\/03\/Huurrecht-1.jpg","width":1000,"height":667},{"@type":"BreadcrumbList","@id":"https:\/\/tepas.nl\/pl\/prawo-najmu\/#breadcrumb","itemListElement":[{"@type":"ListItem","position":1,"name":"Home","item":"https:\/\/tepas.nl\/pl\/"},{"@type":"ListItem","position":2,"name":"Prawo najmu"}]},{"@type":"WebSite","@id":"https:\/\/tepas.nl\/#website","url":"https:\/\/tepas.nl\/","name":"Te Pas - Kowalczyk","description":"Advocatenkantoor in Rotterdam","publisher":{"@id":"https:\/\/tepas.nl\/#organization"},"potentialAction":[{"@type":"SearchAction","target":{"@type":"EntryPoint","urlTemplate":"https:\/\/tepas.nl\/?s={search_term_string}"},"query-input":{"@type":"PropertyValueSpecification","valueRequired":true,"valueName":"search_term_string"}}],"inLanguage":"pl-PL"},{"@type":"Organization","@id":"https:\/\/tepas.nl\/#organization","name":"Te Pas - Kowalczyk","url":"https:\/\/tepas.nl\/","logo":{"@type":"ImageObject","inLanguage":"pl-PL","@id":"https:\/\/tepas.nl\/#\/schema\/logo\/image\/","url":"https:\/\/tepas.nl\/wp-content\/uploads\/2020\/03\/Te-Pas-Kowalczyk-Advocaten_norm.png","contentUrl":"https:\/\/tepas.nl\/wp-content\/uploads\/2020\/03\/Te-Pas-Kowalczyk-Advocaten_norm.png","width":600,"height":150,"caption":"Te Pas - Kowalczyk"},"image":{"@id":"https:\/\/tepas.nl\/#\/schema\/logo\/image\/"}}]}},"_links":{"self":[{"href":"https:\/\/tepas.nl\/pl\/wp-json\/wp\/v2\/pages\/6576","targetHints":{"allow":["GET"]}}],"collection":[{"href":"https:\/\/tepas.nl\/pl\/wp-json\/wp\/v2\/pages"}],"about":[{"href":"https:\/\/tepas.nl\/pl\/wp-json\/wp\/v2\/types\/page"}],"author":[{"embeddable":true,"href":"https:\/\/tepas.nl\/pl\/wp-json\/wp\/v2\/users\/2"}],"replies":[{"embeddable":true,"href":"https:\/\/tepas.nl\/pl\/wp-json\/wp\/v2\/comments?post=6576"}],"version-history":[{"count":3,"href":"https:\/\/tepas.nl\/pl\/wp-json\/wp\/v2\/pages\/6576\/revisions"}],"predecessor-version":[{"id":6579,"href":"https:\/\/tepas.nl\/pl\/wp-json\/wp\/v2\/pages\/6576\/revisions\/6579"}],"wp:featuredmedia":[{"embeddable":true,"href":"https:\/\/tepas.nl\/pl\/wp-json\/wp\/v2\/media\/6510"}],"wp:attachment":[{"href":"https:\/\/tepas.nl\/pl\/wp-json\/wp\/v2\/media?parent=6576"}],"curies":[{"name":"wp","href":"https:\/\/api.w.org\/{rel}","templated":true}]}}