{"id":6581,"date":"2020-03-05T15:33:31","date_gmt":"2020-03-05T14:33:31","guid":{"rendered":"https:\/\/tepas.nl\/transportrecht\/"},"modified":"2020-05-14T13:24:50","modified_gmt":"2020-05-14T11:24:50","slug":"prawo-transportowe","status":"publish","type":"page","link":"https:\/\/tepas.nl\/pl\/prawo-transportowe\/","title":{"rendered":"Prawo transportowe"},"content":{"rendered":"<div class=\"wpb-content-wrapper\">[vc_row full_width=&#8221;stretch_row&#8221; content_placement=&#8221;middle&#8221; column_spacing=&#8221;0px&#8221; remove_bottom_col_margin=&#8221;true&#8221; wpex_bg_overlay=&#8221;color&#8221; wpex_fixed_bg=&#8221;fixed&#8221; bg_style=&#8221;stretch&#8221; min_height=&#8221;125&#8243; css=&#8221;.vc_custom_1583852995277{background-image: url(https:\/\/tepas.nl\/wp-content\/uploads\/2020\/03\/Algemeen-1.jpg?id=6144) !important;background-position: center !important;background-repeat: no-repeat !important;background-size: cover !important;}&#8221; wpex_bg_position=&#8221;center center&#8221; wpex_bg_overlay_color=&#8221;#125d7a&#8221; wpex_bg_overlay_opacity=&#8221;0.85&#8243;][vc_column]<div class=\"vcex-spacing wpex-w-100 wpex-clear\" style=\"height:10px;\"><\/div><style>.vcex-heading.vcex_69d09f87e5245{color:#ffffff;font-size:30px;font-weight:600;}<\/style><h1 class=\"vcex-heading vcex-heading-plain vcex-module wpex-heading wpex-text-2xl wpex-text-left vcex_69d09f87e5245\"><span class=\"vcex-heading-inner wpex-inline-block\">Prawo transportowe<\/span><\/h1>[\/vc_column][\/vc_row][vc_row css=&#8221;.vc_custom_1583922983909{padding-top: 50px !important;padding-bottom: 30px !important;}&#8221;][vc_column][vc_column_text]Jako biuro z siedzib\u0105 w Rotterdamie kancelaria Te Pas \u2013 Kowalczyk Advocaten ma du\u017ce do\u015bwiadczenie w zakresie prawa transportowego. Dzia\u0142amy dla ubezpieczycieli, broker\u00f3w ubezpieczeniowych i dostawc\u00f3w us\u0142ug logistycznych, zar\u00f3wno w obronie jak i powodowie.<\/p>\n<p>Z przyjemno\u015bci\u0105 s\u0142u\u017cymy rad\u0105 lub pomoc\u0105 prawn\u0105 w zakresie: transportu drogowego, transportu morskiego, transportu wodami \u015br\u00f3dl\u0105dowymi, spedycji, dystrybucji fizycznej, czarteru, przechowywania, udzielania pomocy, warunk\u00f3w ubezpieczenia.<\/p>\n<p>Mo\u017cemy r\u00f3wnie\u017c oceni\u0107 dla Ciebie ryzyko prawne, gdzie sprawdzimy warunki umowy, przejdziemy przez proces zam\u00f3wienia i wydamy rekomendacje dla standardowych procedur.[\/vc_column_text][\/vc_column][\/vc_row][vc_row full_width=&#8221;stretch_row&#8221; column_spacing=&#8221;40&#8243; equal_height=&#8221;yes&#8221; remove_bottom_col_margin=&#8221;true&#8221; bg_style=&#8221;stretch&#8221; css=&#8221;.vc_custom_1583918140548{padding-top: 80px !important;padding-bottom: 60px !important;background-image: url(https:\/\/tepas.nl\/wp-content\/uploads\/2020\/03\/Transport-1.jpg?id=6257) !important;background-position: center !important;background-repeat: no-repeat !important;background-size: cover !important;}&#8221;][vc_column width=&#8221;3\/5&#8243; css=&#8221;.vc_custom_1583918191512{padding-top: 7% !important;padding-right: 7% !important;padding-bottom: 7% !important;padding-left: 7% !important;background-color: #125d7a !important;}&#8221;][vc_column_text italic=&#8221;true&#8221; color=&#8221;#ffffff&#8221; font_size=&#8221;20&#8243; text_align=&#8221;left&#8221; line_height=&#8221;1.5&#8243;]\u201cDzi\u0119ki naszemu wieloletniemu do\u015bwiadczeniu jako prawnicy specjalizuj\u0105cy si\u0119 w prawie transportowym jeste\u015bmy w stanie dok\u0142adnie okre\u015bli\u0107 obszar problematyczny.&#8221;[\/vc_column_text][\/vc_column][vc_column width=&#8221;2\/5&#8243; css=&#8221;.vc_custom_1583847769852{margin-bottom: 0px !important;}&#8221;][\/vc_column][\/vc_row]\n<\/div>","protected":false},"excerpt":{"rendered":"<p>[vc_row full_width=&#8221;stretch_row&#8221; content_placement=&#8221;middle&#8221; column_spacing=&#8221;0px&#8221; remove_bottom_col_margin=&#8221;true&#8221; wpex_bg_overlay=&#8221;color&#8221; wpex_fixed_bg=&#8221;fixed&#8221; bg_style=&#8221;stretch&#8221; min_height=&#8221;125&#8243; css=&#8221;.vc_custom_1583852995277{background-image: url(https:\/\/tepas.nl\/wp-content\/uploads\/2020\/03\/Algemeen-1.jpg?id=6144) !important;background-position: center !important;background-repeat: no-repeat !important;background-size: cover !important;}&#8221; wpex_bg_position=&#8221;center center&#8221; wpex_bg_overlay_color=&#8221;#125d7a&#8221; wpex_bg_overlay_opacity=&#8221;0.85&#8243;][vc_column][\/vc_column][\/vc_row][vc_row css=&#8221;.vc_custom_1583922983909{padding-top: 50px !important;padding-bottom: 30px !important;}&#8221;][vc_column][vc_column_text]Jako biuro z siedzib\u0105 w Rotterdamie kancelaria Te Pas \u2013 Kowalczyk Advocaten ma du\u017ce do\u015bwiadczenie w zakresie prawa transportowego. Dzia\u0142amy dla ubezpieczycieli, broker\u00f3w ubezpieczeniowych i dostawc\u00f3w us\u0142ug logistycznych, zar\u00f3wno&hellip;<\/p>\n","protected":false},"author":2,"featured_media":6512,"parent":0,"menu_order":0,"comment_status":"closed","ping_status":"closed","template":"","meta":{"footnotes":""},"class_list":["post-6581","page","type-page","status-publish","has-post-thumbnail","hentry","entry","has-media"],"yoast_head":"<!-- This site is optimized with the Yoast SEO plugin v27.3 - https:\/\/yoast.com\/product\/yoast-seo-wordpress\/ -->\n<title>Prawo transportowe - Te Pas - Kowalczyk<\/title>\n<meta name=\"robots\" content=\"index, follow, max-snippet:-1, max-image-preview:large, max-video-preview:-1\" \/>\n<link rel=\"canonical\" href=\"https:\/\/tepas.nl\/pl\/prawo-transportowe\/\" \/>\n<meta property=\"og:locale\" content=\"pl_PL\" \/>\n<meta property=\"og:type\" content=\"article\" \/>\n<meta property=\"og:title\" content=\"Prawo transportowe - Te Pas - Kowalczyk\" \/>\n<meta property=\"og:description\" content=\"[vc_row full_width=&#8221;stretch_row&#8221; content_placement=&#8221;middle&#8221; column_spacing=&#8221;0px&#8221; remove_bottom_col_margin=&#8221;true&#8221; wpex_bg_overlay=&#8221;color&#8221; wpex_fixed_bg=&#8221;fixed&#8221; bg_style=&#8221;stretch&#8221; min_height=&#8221;125&#8243; css=&#8221;.vc_custom_1583852995277{background-image: url(https:\/\/tepas.nl\/wp-content\/uploads\/2020\/03\/Algemeen-1.jpg?id=6144) !important;background-position: center !important;background-repeat: no-repeat !important;background-size: cover !important;}&#8221; wpex_bg_position=&#8221;center center&#8221; wpex_bg_overlay_color=&#8221;#125d7a&#8221; wpex_bg_overlay_opacity=&#8221;0.85&#8243;][vc_column][\/vc_column][\/vc_row][vc_row css=&#8221;.vc_custom_1583922983909{padding-top: 50px !important;padding-bottom: 30px !important;}&#8221;][vc_column][vc_column_text]Jako biuro z siedzib\u0105 w Rotterdamie kancelaria Te Pas \u2013 Kowalczyk Advocaten ma du\u017ce do\u015bwiadczenie w zakresie prawa transportowego. Dzia\u0142amy dla ubezpieczycieli, broker\u00f3w ubezpieczeniowych i dostawc\u00f3w us\u0142ug logistycznych, zar\u00f3wno&hellip;\" \/>\n<meta property=\"og:url\" content=\"https:\/\/tepas.nl\/pl\/prawo-transportowe\/\" \/>\n<meta property=\"og:site_name\" content=\"Te Pas - Kowalczyk\" \/>\n<meta property=\"article:modified_time\" content=\"2020-05-14T11:24:50+00:00\" \/>\n<meta property=\"og:image\" content=\"https:\/\/tepas.nl\/wp-content\/uploads\/2020\/03\/Transport-1-klein.jpg\" \/>\n\t<meta property=\"og:image:width\" content=\"1000\" \/>\n\t<meta property=\"og:image:height\" content=\"667\" \/>\n\t<meta property=\"og:image:type\" content=\"image\/jpeg\" \/>\n<meta name=\"twitter:card\" content=\"summary_large_image\" \/>\n<meta name=\"twitter:label1\" content=\"Szacowany czas czytania\" \/>\n\t<meta name=\"twitter:data1\" content=\"2 minuty\" \/>\n<script type=\"application\/ld+json\" class=\"yoast-schema-graph\">{\"@context\":\"https:\\\/\\\/schema.org\",\"@graph\":[{\"@type\":\"WebPage\",\"@id\":\"https:\\\/\\\/tepas.nl\\\/pl\\\/prawo-transportowe\\\/\",\"url\":\"https:\\\/\\\/tepas.nl\\\/pl\\\/prawo-transportowe\\\/\",\"name\":\"Prawo transportowe - Te Pas - Kowalczyk\",\"isPartOf\":{\"@id\":\"https:\\\/\\\/tepas.nl\\\/#website\"},\"primaryImageOfPage\":{\"@id\":\"https:\\\/\\\/tepas.nl\\\/pl\\\/prawo-transportowe\\\/#primaryimage\"},\"image\":{\"@id\":\"https:\\\/\\\/tepas.nl\\\/pl\\\/prawo-transportowe\\\/#primaryimage\"},\"thumbnailUrl\":\"https:\\\/\\\/tepas.nl\\\/wp-content\\\/uploads\\\/2020\\\/03\\\/Transport-1-klein.jpg\",\"datePublished\":\"2020-03-05T14:33:31+00:00\",\"dateModified\":\"2020-05-14T11:24:50+00:00\",\"breadcrumb\":{\"@id\":\"https:\\\/\\\/tepas.nl\\\/pl\\\/prawo-transportowe\\\/#breadcrumb\"},\"inLanguage\":\"pl-PL\",\"potentialAction\":[{\"@type\":\"ReadAction\",\"target\":[\"https:\\\/\\\/tepas.nl\\\/pl\\\/prawo-transportowe\\\/\"]}]},{\"@type\":\"ImageObject\",\"inLanguage\":\"pl-PL\",\"@id\":\"https:\\\/\\\/tepas.nl\\\/pl\\\/prawo-transportowe\\\/#primaryimage\",\"url\":\"https:\\\/\\\/tepas.nl\\\/wp-content\\\/uploads\\\/2020\\\/03\\\/Transport-1-klein.jpg\",\"contentUrl\":\"https:\\\/\\\/tepas.nl\\\/wp-content\\\/uploads\\\/2020\\\/03\\\/Transport-1-klein.jpg\",\"width\":1000,\"height\":667},{\"@type\":\"BreadcrumbList\",\"@id\":\"https:\\\/\\\/tepas.nl\\\/pl\\\/prawo-transportowe\\\/#breadcrumb\",\"itemListElement\":[{\"@type\":\"ListItem\",\"position\":1,\"name\":\"Home\",\"item\":\"https:\\\/\\\/tepas.nl\\\/pl\\\/\"},{\"@type\":\"ListItem\",\"position\":2,\"name\":\"Prawo transportowe\"}]},{\"@type\":\"WebSite\",\"@id\":\"https:\\\/\\\/tepas.nl\\\/#website\",\"url\":\"https:\\\/\\\/tepas.nl\\\/\",\"name\":\"Te Pas - Kowalczyk\",\"description\":\"Advocatenkantoor in Rotterdam\",\"publisher\":{\"@id\":\"https:\\\/\\\/tepas.nl\\\/#organization\"},\"potentialAction\":[{\"@type\":\"SearchAction\",\"target\":{\"@type\":\"EntryPoint\",\"urlTemplate\":\"https:\\\/\\\/tepas.nl\\\/?s={search_term_string}\"},\"query-input\":{\"@type\":\"PropertyValueSpecification\",\"valueRequired\":true,\"valueName\":\"search_term_string\"}}],\"inLanguage\":\"pl-PL\"},{\"@type\":\"Organization\",\"@id\":\"https:\\\/\\\/tepas.nl\\\/#organization\",\"name\":\"Te Pas - Kowalczyk\",\"url\":\"https:\\\/\\\/tepas.nl\\\/\",\"logo\":{\"@type\":\"ImageObject\",\"inLanguage\":\"pl-PL\",\"@id\":\"https:\\\/\\\/tepas.nl\\\/#\\\/schema\\\/logo\\\/image\\\/\",\"url\":\"https:\\\/\\\/tepas.nl\\\/wp-content\\\/uploads\\\/2020\\\/03\\\/Te-Pas-Kowalczyk-Advocaten_norm.png\",\"contentUrl\":\"https:\\\/\\\/tepas.nl\\\/wp-content\\\/uploads\\\/2020\\\/03\\\/Te-Pas-Kowalczyk-Advocaten_norm.png\",\"width\":600,\"height\":150,\"caption\":\"Te Pas - Kowalczyk\"},\"image\":{\"@id\":\"https:\\\/\\\/tepas.nl\\\/#\\\/schema\\\/logo\\\/image\\\/\"}}]}<\/script>\n<!-- \/ Yoast SEO plugin. -->","yoast_head_json":{"title":"Prawo transportowe - Te Pas - Kowalczyk","robots":{"index":"index","follow":"follow","max-snippet":"max-snippet:-1","max-image-preview":"max-image-preview:large","max-video-preview":"max-video-preview:-1"},"canonical":"https:\/\/tepas.nl\/pl\/prawo-transportowe\/","og_locale":"pl_PL","og_type":"article","og_title":"Prawo transportowe - Te Pas - Kowalczyk","og_description":"[vc_row full_width=&#8221;stretch_row&#8221; content_placement=&#8221;middle&#8221; column_spacing=&#8221;0px&#8221; remove_bottom_col_margin=&#8221;true&#8221; wpex_bg_overlay=&#8221;color&#8221; wpex_fixed_bg=&#8221;fixed&#8221; bg_style=&#8221;stretch&#8221; min_height=&#8221;125&#8243; css=&#8221;.vc_custom_1583852995277{background-image: url(https:\/\/tepas.nl\/wp-content\/uploads\/2020\/03\/Algemeen-1.jpg?id=6144) !important;background-position: center !important;background-repeat: no-repeat !important;background-size: cover !important;}&#8221; wpex_bg_position=&#8221;center center&#8221; wpex_bg_overlay_color=&#8221;#125d7a&#8221; wpex_bg_overlay_opacity=&#8221;0.85&#8243;][vc_column][\/vc_column][\/vc_row][vc_row css=&#8221;.vc_custom_1583922983909{padding-top: 50px !important;padding-bottom: 30px !important;}&#8221;][vc_column][vc_column_text]Jako biuro z siedzib\u0105 w Rotterdamie kancelaria Te Pas \u2013 Kowalczyk Advocaten ma du\u017ce do\u015bwiadczenie w zakresie prawa transportowego. Dzia\u0142amy dla ubezpieczycieli, broker\u00f3w ubezpieczeniowych i dostawc\u00f3w us\u0142ug logistycznych, zar\u00f3wno&hellip;","og_url":"https:\/\/tepas.nl\/pl\/prawo-transportowe\/","og_site_name":"Te Pas - Kowalczyk","article_modified_time":"2020-05-14T11:24:50+00:00","og_image":[{"width":1000,"height":667,"url":"https:\/\/tepas.nl\/wp-content\/uploads\/2020\/03\/Transport-1-klein.jpg","type":"image\/jpeg"}],"twitter_card":"summary_large_image","twitter_misc":{"Szacowany czas czytania":"2 minuty"},"schema":{"@context":"https:\/\/schema.org","@graph":[{"@type":"WebPage","@id":"https:\/\/tepas.nl\/pl\/prawo-transportowe\/","url":"https:\/\/tepas.nl\/pl\/prawo-transportowe\/","name":"Prawo transportowe - Te Pas - Kowalczyk","isPartOf":{"@id":"https:\/\/tepas.nl\/#website"},"primaryImageOfPage":{"@id":"https:\/\/tepas.nl\/pl\/prawo-transportowe\/#primaryimage"},"image":{"@id":"https:\/\/tepas.nl\/pl\/prawo-transportowe\/#primaryimage"},"thumbnailUrl":"https:\/\/tepas.nl\/wp-content\/uploads\/2020\/03\/Transport-1-klein.jpg","datePublished":"2020-03-05T14:33:31+00:00","dateModified":"2020-05-14T11:24:50+00:00","breadcrumb":{"@id":"https:\/\/tepas.nl\/pl\/prawo-transportowe\/#breadcrumb"},"inLanguage":"pl-PL","potentialAction":[{"@type":"ReadAction","target":["https:\/\/tepas.nl\/pl\/prawo-transportowe\/"]}]},{"@type":"ImageObject","inLanguage":"pl-PL","@id":"https:\/\/tepas.nl\/pl\/prawo-transportowe\/#primaryimage","url":"https:\/\/tepas.nl\/wp-content\/uploads\/2020\/03\/Transport-1-klein.jpg","contentUrl":"https:\/\/tepas.nl\/wp-content\/uploads\/2020\/03\/Transport-1-klein.jpg","width":1000,"height":667},{"@type":"BreadcrumbList","@id":"https:\/\/tepas.nl\/pl\/prawo-transportowe\/#breadcrumb","itemListElement":[{"@type":"ListItem","position":1,"name":"Home","item":"https:\/\/tepas.nl\/pl\/"},{"@type":"ListItem","position":2,"name":"Prawo transportowe"}]},{"@type":"WebSite","@id":"https:\/\/tepas.nl\/#website","url":"https:\/\/tepas.nl\/","name":"Te Pas - Kowalczyk","description":"Advocatenkantoor in Rotterdam","publisher":{"@id":"https:\/\/tepas.nl\/#organization"},"potentialAction":[{"@type":"SearchAction","target":{"@type":"EntryPoint","urlTemplate":"https:\/\/tepas.nl\/?s={search_term_string}"},"query-input":{"@type":"PropertyValueSpecification","valueRequired":true,"valueName":"search_term_string"}}],"inLanguage":"pl-PL"},{"@type":"Organization","@id":"https:\/\/tepas.nl\/#organization","name":"Te Pas - Kowalczyk","url":"https:\/\/tepas.nl\/","logo":{"@type":"ImageObject","inLanguage":"pl-PL","@id":"https:\/\/tepas.nl\/#\/schema\/logo\/image\/","url":"https:\/\/tepas.nl\/wp-content\/uploads\/2020\/03\/Te-Pas-Kowalczyk-Advocaten_norm.png","contentUrl":"https:\/\/tepas.nl\/wp-content\/uploads\/2020\/03\/Te-Pas-Kowalczyk-Advocaten_norm.png","width":600,"height":150,"caption":"Te Pas - Kowalczyk"},"image":{"@id":"https:\/\/tepas.nl\/#\/schema\/logo\/image\/"}}]}},"_links":{"self":[{"href":"https:\/\/tepas.nl\/pl\/wp-json\/wp\/v2\/pages\/6581","targetHints":{"allow":["GET"]}}],"collection":[{"href":"https:\/\/tepas.nl\/pl\/wp-json\/wp\/v2\/pages"}],"about":[{"href":"https:\/\/tepas.nl\/pl\/wp-json\/wp\/v2\/types\/page"}],"author":[{"embeddable":true,"href":"https:\/\/tepas.nl\/pl\/wp-json\/wp\/v2\/users\/2"}],"replies":[{"embeddable":true,"href":"https:\/\/tepas.nl\/pl\/wp-json\/wp\/v2\/comments?post=6581"}],"version-history":[{"count":3,"href":"https:\/\/tepas.nl\/pl\/wp-json\/wp\/v2\/pages\/6581\/revisions"}],"predecessor-version":[{"id":6584,"href":"https:\/\/tepas.nl\/pl\/wp-json\/wp\/v2\/pages\/6581\/revisions\/6584"}],"wp:featuredmedia":[{"embeddable":true,"href":"https:\/\/tepas.nl\/pl\/wp-json\/wp\/v2\/media\/6512"}],"wp:attachment":[{"href":"https:\/\/tepas.nl\/pl\/wp-json\/wp\/v2\/media?parent=6581"}],"curies":[{"name":"wp","href":"https:\/\/api.w.org\/{rel}","templated":true}]}}