{"id":6599,"date":"2020-03-05T15:22:50","date_gmt":"2020-03-05T14:22:50","guid":{"rendered":"https:\/\/tepas.nl\/letselschade\/"},"modified":"2025-01-10T13:22:54","modified_gmt":"2025-01-10T12:22:54","slug":"obrazenia-cielesne","status":"publish","type":"page","link":"https:\/\/tepas.nl\/pl\/obrazenia-cielesne\/","title":{"rendered":"Obra\u017cenia cielesne"},"content":{"rendered":"<div class=\"wpb-content-wrapper\">[vc_row full_width=&#8221;stretch_row&#8221; content_placement=&#8221;middle&#8221; column_spacing=&#8221;0px&#8221; remove_bottom_col_margin=&#8221;true&#8221; bg_style=&#8221;stretch&#8221; wpex_fixed_bg=&#8221;fixed&#8221; wpex_bg_overlay=&#8221;color&#8221; min_height=&#8221;125&#8243; css=&#8221;.vc_custom_1583852995277{background-image: url(https:\/\/tepas.nl\/wp-content\/uploads\/2020\/03\/Algemeen-1.jpg?id=6144) !important;background-position: center !important;background-repeat: no-repeat !important;background-size: cover !important;}&#8221; wpex_bg_position=&#8221;center center&#8221; wpex_bg_overlay_color=&#8221;#125d7a&#8221; wpex_bg_overlay_opacity=&#8221;0.85&#8243;][vc_column]<div class=\"vcex-spacing wpex-w-100 wpex-clear\" style=\"height:10px;\"><\/div><style>.vcex-heading.vcex_69e5af84a2f33{color:#ffffff;font-size:30px;font-weight:600;}<\/style><h1 class=\"vcex-heading vcex-heading-plain vcex-module wpex-heading wpex-text-2xl wpex-text-left vcex_69e5af84a2f33\"><span class=\"vcex-heading-inner wpex-inline-block\">Obra\u017cenia cielesne<\/span><\/h1>[\/vc_column][\/vc_row][vc_row css=&#8221;.vc_custom_1734010731281{padding-top: 50px !important;}&#8221;][vc_column width=&#8221;1\/2&#8243; css=&#8221;.vc_custom_1734077026401{padding-right: 0px !important;padding-bottom: 0px !important;padding-left: 0px !important;}&#8221;]<figure class=\"vcex-image vcex-module\"><div class=\"vcex-image-inner wpex-relative wpex-inline-block\"><img width=\"1200\" height=\"800\" src=\"https:\/\/tepas.nl\/wp-content\/uploads\/2018\/08\/Pawel-web.jpg\" class=\"vcex-image-img wpex-align-middle\" alt=\"\" loading=\"lazy\" decoding=\"async\" srcset=\"https:\/\/tepas.nl\/wp-content\/uploads\/2018\/08\/Pawel-web.jpg 1200w, https:\/\/tepas.nl\/wp-content\/uploads\/2018\/08\/Pawel-web-300x200.jpg 300w, https:\/\/tepas.nl\/wp-content\/uploads\/2018\/08\/Pawel-web-1024x683.jpg 1024w, https:\/\/tepas.nl\/wp-content\/uploads\/2018\/08\/Pawel-web-768x512.jpg 768w\" sizes=\"auto, (max-width: 1200px) 100vw, 1200px\" \/><\/div><\/figure>[\/vc_column][vc_column width=&#8221;1\/2&#8243;][\/vc_column][\/vc_row][vc_row column_spacing=&#8221;40&#8243; equal_height=&#8221;yes&#8221; remove_bottom_col_margin=&#8221;true&#8221; css=&#8221;.vc_custom_1734076999870{padding-top: 0px !important;}&#8221;][vc_column width=&#8221;1\/2&#8243; css=&#8221;.vc_custom_1734077074319{margin-top: -20px !important;border-top-width: 4px !important;border-right-width: 2px !important;border-left-width: 2px !important;padding-top: 30px !important;padding-bottom: 30px !important;padding-left: 30px !important;background-color: #f4f4f4 !important;border-left-style: solid !important;border-right-style: solid !important;border-top-style: solid !important;border-color: #ffffff !important;}&#8221;]<style>.vcex-list_item.vcex_69e5af84a9f70 .vcex-list-item-icon-inner{color:#125d7a;font-size:20px;}<\/style><div class=\"vcex-list_item vcex-module wpex-m-0 wpex-max-w-100 wpex-mb-5 vcex_69e5af84a9f70\"><a href=\"tel:+31624727160\" class=\"vcex-list-item-link wpex-no-underline\"><div class=\"vcex-list-item-inner wpex-inline-flex wpex-flex-no-wrap\"><div class=\"vcex-list-item-icon wpex-mr-10\"><div class=\"vcex-list-item-icon-inner vcex-icon-wrap wpex-inline-flex wpex-justify-center wpex-items-center wpex-leading-none wpex-child-inherit-color\"><span class=\"wpex-icon--w wpex-icon\" aria-hidden=\"true\"><svg xmlns=\"http:\/\/www.w3.org\/2000\/svg\" viewBox=\"0 0 512 512\"><path d=\"M164.9 24.6c-7.7-18.6-28-28.5-47.4-23.2l-88 24C12.1 30.2 0 46 0 64C0 311.4 200.6 512 448 512c18 0 33.8-12.1 38.6-29.5l24-88c5.3-19.4-4.6-39.7-23.2-47.4l-96-40c-16.3-6.8-35.2-2.1-46.3 11.6L304.7 368C234.3 334.7 177.3 277.7 144 207.3L193.3 167c13.7-11.2 18.4-30 11.6-46.3l-40-96z\"\/><\/svg><\/span><\/div><\/div><div class=\"vcex-list-item-text vcex-content wpex-flex-grow\">06 247 271 60<\/div><\/div><\/a><\/div><style>.vcex-list_item.vcex_69e5af84af6e9 .vcex-list-item-icon-inner{color:#125d7a;}<\/style><div class=\"vcex-list_item vcex-module wpex-m-0 wpex-max-w-100 wpex-mb-5 vcex_69e5af84af6e9\"><a href=\"mailto:p.k&#111;w&#097;l&#099;z&#121;k&#064;t&#101;pa&#115;.&#110;&#108;\" class=\"vcex-list-item-link wpex-no-underline\"><div class=\"vcex-list-item-inner wpex-inline-flex wpex-flex-no-wrap\"><div class=\"vcex-list-item-icon wpex-mr-10\"><div class=\"vcex-list-item-icon-inner vcex-icon-wrap wpex-inline-flex wpex-justify-center wpex-items-center wpex-leading-none wpex-child-inherit-color\"><span class=\"wpex-icon--w wpex-icon\" aria-hidden=\"true\"><svg xmlns=\"http:\/\/www.w3.org\/2000\/svg\" viewBox=\"0 0 32 32\"><path d=\"M32 11.679v17.464q0 1.179-0.839 2.018t-2.018 0.839h-26.286q-1.179 0-2.018-0.839t-0.839-2.018v-17.464q0-0.268 0.196-0.429 0.143-0.125 0.696-0.616t0.741-0.643 0.813-0.67 1.25-0.991 1.714-1.304 2.563-1.911 3.438-2.509q0.089-0.071 0.938-0.714t1.277-0.938 1.143-0.625 1.232-0.33 1.232 0.33 1.161 0.634 1.268 0.929 0.929 0.714q1.964 1.429 3.438 2.509t2.563 1.911 1.714 1.304 1.25 0.991 0.813 0.67 0.741 0.643 0.696 0.616q0.196 0.161 0.196 0.429zM21.929 22.125q4.696-3.411 6.161-4.5 0.196-0.143 0.223-0.366t-0.116-0.42l-0.679-0.929q-0.143-0.196-0.375-0.223t-0.429 0.116q-4.125 3.018-6.125 4.464-0.089 0.054-0.929 0.696t-1.277 0.938-1.152 0.625-1.232 0.33-1.232-0.33-1.152-0.625-1.277-0.938-0.929-0.696q-3.321-2.393-6.125-4.464-0.196-0.143-0.429-0.116t-0.375 0.223l-0.679 0.929q-0.143 0.196-0.116 0.42t0.223 0.366q1.464 1.089 6.161 4.5 0.179 0.143 0.893 0.679t1.161 0.839 1.143 0.705 1.384 0.598 1.348 0.196 1.348-0.196 1.411-0.616 1.152-0.705 1.161-0.848 0.857-0.652z\"><\/path><\/svg><\/span><\/div><\/div><div class=\"vcex-list-item-text vcex-content wpex-flex-grow\">&#112;.&#107;&#111;&#119;&#97;&#108;&#99;zy&#107;&#64;&#116;&#101;&#112;&#97;&#115;.n&#108;<\/div><\/div><\/a><\/div><div class=\"vcex-spacing wpex-w-100 wpex-clear\"><\/div><style>.vcex-heading.vcex_69e5af84b213b{color:#125d7a;font-size:16px;font-weight:700;}<\/style><div class=\"vcex-heading vcex-heading-plain vcex-module wpex-heading wpex-text-2xl vc_custom_1583757958839 vcex_69e5af84b213b\"><span class=\"vcex-heading-inner wpex-inline-block\">Talen<\/span><\/div>[vc_column_text]Nederlands, Engels, Pools.[\/vc_column_text][\/vc_column][vc_column width=&#8221;1\/2&#8243; css=&#8221;.vc_custom_1583759594038{border-top-width: 4px !important;border-right-width: 2px !important;border-left-width: 2px !important;padding-top: 30px !important;padding-left: 30px !important;border-left-color: #ffffff !important;border-left-style: solid !important;border-right-color: #ffffff !important;border-right-style: solid !important;border-top-color: #ffffff !important;border-top-style: solid !important;}&#8221;][\/vc_column][\/vc_row][vc_row css=&#8221;.vc_custom_1583854461864{padding-top: 50px !important;padding-bottom: 30px !important;}&#8221;][vc_column][vc_column_text css=&#8221;&#8221;]<strong>O mnie \/ co oferuj\u0119?<\/strong><\/p>\n<p><strong>Adwokat w Rotterdamie (Holandia)<\/strong><br \/>\n<strong>Pawe\u0142 Kowalczyk<\/strong><\/p>\n<ul>\n<li>Od ponad 20 lat w Holandii, du\u017ce do\u015bwiadczenie zawodowe, najpierw jako prawnik, obecnie jako adwokat<\/li>\n<li>Od ponad 10 lat pracuje w kancelarii adwokackiej Te Pas<\/li>\n<li>Bezpo\u015brednia obs\u0142uga w j\u0119zyku Polskim<\/li>\n<li>Wieloletnie do\u015bwiadczenie w likwidacji szk\u00f3d osobowych<\/li>\n<li>Jako adwokat mog\u0119 uzyska\u0107 dofinansowanie do adwokata je\u017celi istnieje potrzeba skierowania sprawy na drog\u0119 s\u0105dow\u0105<\/li>\n<li>Mo\u017cliwy dojazd do klienta<\/li>\n<\/ul>\n[\/vc_column_text][\/vc_column][\/vc_row][vc_row full_width=&#8221;stretch_row&#8221; column_spacing=&#8221;40&#8243; equal_height=&#8221;yes&#8221; remove_bottom_col_margin=&#8221;true&#8221; bg_style=&#8221;stretch&#8221; css=&#8221;.vc_custom_1584535159737{padding-top: 80px !important;padding-bottom: 60px !important;background-image: url(https:\/\/tepas.nl\/wp-content\/uploads\/2020\/03\/Letselschade-2-1.jpg?id=6356) !important;background-position: center !important;background-repeat: no-repeat !important;background-size: cover !important;}&#8221;][vc_column width=&#8221;3\/5&#8243; css=&#8221;.vc_custom_1583854415191{padding-top: 7% !important;padding-right: 7% !important;padding-bottom: 7% !important;padding-left: 7% !important;background-color: #125d7a !important;}&#8221;]<style>.vcex-heading.vcex_69e5af84b2d05{color:#ffffff;font-weight:600;}<\/style><h2 class=\"vcex-heading vcex-heading-plain vcex-module wpex-heading wpex-text-2xl wpex-text-left vcex_69e5af84b2d05\"><span class=\"vcex-heading-inner wpex-inline-block\">Letselschade<\/span><\/h2>[vc_column_text color=&#8221;#ffffff&#8221; font_size=&#8221;18&#8243; text_align=&#8221;left&#8221; line_height=&#8221;1.5&#8243;]Czy dozna\u0142e\u015b obra\u017ce\u0144 cia\u0142a w wyniku wypadku drogowego, wypadku zak\u0142adowego lub b\u0142\u0119du medycznego i czy chcia\u0142by\u015b uzyska\u0107 pomoc w uzyskaniu odszkodowania? Kancelaria Te Pas-Kowalczyk Advocaten przyjemno\u015bci\u0105 pomo\u017ce Ci w kwestiach prawnych.[\/vc_column_text]<div class=\"vcex-spacing wpex-w-100 wpex-clear\"><\/div><a href=\"https:\/\/tepas.nl\/pl\/kontakt\/\" class=\"vcex-button theme-button align-left inline\"><span class=\"vcex-button-inner theme-button-inner wpex-flex wpex-flex-wrap wpex-items-center wpex-justify-center\">Skontaktuj si\u0119 z nami<\/span><\/a> [\/vc_column][vc_column width=&#8221;2\/5&#8243; css=&#8221;.vc_custom_1583847769852{margin-bottom: 0px !important;}&#8221;][\/vc_column][\/vc_row]\n<\/div>","protected":false},"excerpt":{"rendered":"<p>[vc_row full_width=&#8221;stretch_row&#8221; content_placement=&#8221;middle&#8221; column_spacing=&#8221;0px&#8221; remove_bottom_col_margin=&#8221;true&#8221; bg_style=&#8221;stretch&#8221; wpex_fixed_bg=&#8221;fixed&#8221; wpex_bg_overlay=&#8221;color&#8221; min_height=&#8221;125&#8243; css=&#8221;.vc_custom_1583852995277{background-image: url(https:\/\/tepas.nl\/wp-content\/uploads\/2020\/03\/Algemeen-1.jpg?id=6144) !important;background-position: center !important;background-repeat: no-repeat !important;background-size: cover !important;}&#8221; wpex_bg_position=&#8221;center center&#8221; wpex_bg_overlay_color=&#8221;#125d7a&#8221; wpex_bg_overlay_opacity=&#8221;0.85&#8243;][vc_column][\/vc_column][\/vc_row][vc_row css=&#8221;.vc_custom_1734010731281{padding-top: 50px !important;}&#8221;][vc_column width=&#8221;1\/2&#8243; css=&#8221;.vc_custom_1734077026401{padding-right: 0px !important;padding-bottom: 0px !important;padding-left: 0px !important;}&#8221;][\/vc_column][vc_column width=&#8221;1\/2&#8243;][\/vc_column][\/vc_row][vc_row column_spacing=&#8221;40&#8243; equal_height=&#8221;yes&#8221; remove_bottom_col_margin=&#8221;true&#8221; css=&#8221;.vc_custom_1734076999870{padding-top: 0px !important;}&#8221;][vc_column width=&#8221;1\/2&#8243; css=&#8221;.vc_custom_1734077074319{margin-top: -20px !important;border-top-width: 4px !important;border-right-width: 2px !important;border-left-width: 2px !important;padding-top: 30px !important;padding-bottom: 30px !important;padding-left: 30px&hellip;<\/p>\n","protected":false},"author":2,"featured_media":6511,"parent":0,"menu_order":0,"comment_status":"closed","ping_status":"closed","template":"","meta":{"footnotes":""},"class_list":["post-6599","page","type-page","status-publish","has-post-thumbnail","hentry","entry","has-media"],"yoast_head":"<!-- This site is optimized with the Yoast SEO plugin v27.4 - https:\/\/yoast.com\/product\/yoast-seo-wordpress\/ -->\n<title>Obra\u017cenia cielesne - Te Pas - Kowalczyk<\/title>\n<meta name=\"robots\" content=\"index, follow, max-snippet:-1, max-image-preview:large, max-video-preview:-1\" \/>\n<link rel=\"canonical\" href=\"https:\/\/tepas.nl\/pl\/obrazenia-cielesne\/\" \/>\n<meta property=\"og:locale\" content=\"pl_PL\" \/>\n<meta property=\"og:type\" content=\"article\" \/>\n<meta property=\"og:title\" content=\"Obra\u017cenia cielesne - Te Pas - Kowalczyk\" \/>\n<meta property=\"og:description\" content=\"[vc_row full_width=&#8221;stretch_row&#8221; content_placement=&#8221;middle&#8221; column_spacing=&#8221;0px&#8221; remove_bottom_col_margin=&#8221;true&#8221; bg_style=&#8221;stretch&#8221; wpex_fixed_bg=&#8221;fixed&#8221; wpex_bg_overlay=&#8221;color&#8221; min_height=&#8221;125&#8243; css=&#8221;.vc_custom_1583852995277{background-image: url(https:\/\/tepas.nl\/wp-content\/uploads\/2020\/03\/Algemeen-1.jpg?id=6144) !important;background-position: center !important;background-repeat: no-repeat !important;background-size: cover !important;}&#8221; wpex_bg_position=&#8221;center center&#8221; wpex_bg_overlay_color=&#8221;#125d7a&#8221; wpex_bg_overlay_opacity=&#8221;0.85&#8243;][vc_column][\/vc_column][\/vc_row][vc_row css=&#8221;.vc_custom_1734010731281{padding-top: 50px !important;}&#8221;][vc_column width=&#8221;1\/2&#8243; css=&#8221;.vc_custom_1734077026401{padding-right: 0px !important;padding-bottom: 0px !important;padding-left: 0px !important;}&#8221;][\/vc_column][vc_column width=&#8221;1\/2&#8243;][\/vc_column][\/vc_row][vc_row column_spacing=&#8221;40&#8243; equal_height=&#8221;yes&#8221; remove_bottom_col_margin=&#8221;true&#8221; css=&#8221;.vc_custom_1734076999870{padding-top: 0px !important;}&#8221;][vc_column width=&#8221;1\/2&#8243; css=&#8221;.vc_custom_1734077074319{margin-top: -20px !important;border-top-width: 4px !important;border-right-width: 2px !important;border-left-width: 2px !important;padding-top: 30px !important;padding-bottom: 30px !important;padding-left: 30px&hellip;\" \/>\n<meta property=\"og:url\" content=\"https:\/\/tepas.nl\/pl\/obrazenia-cielesne\/\" \/>\n<meta property=\"og:site_name\" content=\"Te Pas - Kowalczyk\" \/>\n<meta property=\"article:modified_time\" content=\"2025-01-10T12:22:54+00:00\" \/>\n<meta property=\"og:image\" content=\"https:\/\/tepas.nl\/wp-content\/uploads\/2020\/03\/Letselschade-2.jpg\" \/>\n\t<meta property=\"og:image:width\" content=\"1000\" \/>\n\t<meta property=\"og:image:height\" content=\"667\" \/>\n\t<meta property=\"og:image:type\" content=\"image\/jpeg\" \/>\n<meta name=\"twitter:card\" content=\"summary_large_image\" \/>\n<meta name=\"twitter:label1\" content=\"Szacowany czas czytania\" \/>\n\t<meta name=\"twitter:data1\" content=\"3 minuty\" \/>\n<script type=\"application\/ld+json\" class=\"yoast-schema-graph\">{\"@context\":\"https:\\\/\\\/schema.org\",\"@graph\":[{\"@type\":\"WebPage\",\"@id\":\"https:\\\/\\\/tepas.nl\\\/pl\\\/obrazenia-cielesne\\\/\",\"url\":\"https:\\\/\\\/tepas.nl\\\/pl\\\/obrazenia-cielesne\\\/\",\"name\":\"Obra\u017cenia cielesne - Te Pas - Kowalczyk\",\"isPartOf\":{\"@id\":\"https:\\\/\\\/tepas.nl\\\/#website\"},\"primaryImageOfPage\":{\"@id\":\"https:\\\/\\\/tepas.nl\\\/pl\\\/obrazenia-cielesne\\\/#primaryimage\"},\"image\":{\"@id\":\"https:\\\/\\\/tepas.nl\\\/pl\\\/obrazenia-cielesne\\\/#primaryimage\"},\"thumbnailUrl\":\"https:\\\/\\\/tepas.nl\\\/wp-content\\\/uploads\\\/2020\\\/03\\\/Letselschade-2.jpg\",\"datePublished\":\"2020-03-05T14:22:50+00:00\",\"dateModified\":\"2025-01-10T12:22:54+00:00\",\"breadcrumb\":{\"@id\":\"https:\\\/\\\/tepas.nl\\\/pl\\\/obrazenia-cielesne\\\/#breadcrumb\"},\"inLanguage\":\"pl-PL\",\"potentialAction\":[{\"@type\":\"ReadAction\",\"target\":[\"https:\\\/\\\/tepas.nl\\\/pl\\\/obrazenia-cielesne\\\/\"]}]},{\"@type\":\"ImageObject\",\"inLanguage\":\"pl-PL\",\"@id\":\"https:\\\/\\\/tepas.nl\\\/pl\\\/obrazenia-cielesne\\\/#primaryimage\",\"url\":\"https:\\\/\\\/tepas.nl\\\/wp-content\\\/uploads\\\/2020\\\/03\\\/Letselschade-2.jpg\",\"contentUrl\":\"https:\\\/\\\/tepas.nl\\\/wp-content\\\/uploads\\\/2020\\\/03\\\/Letselschade-2.jpg\",\"width\":1000,\"height\":667},{\"@type\":\"BreadcrumbList\",\"@id\":\"https:\\\/\\\/tepas.nl\\\/pl\\\/obrazenia-cielesne\\\/#breadcrumb\",\"itemListElement\":[{\"@type\":\"ListItem\",\"position\":1,\"name\":\"Home\",\"item\":\"https:\\\/\\\/tepas.nl\\\/pl\\\/\"},{\"@type\":\"ListItem\",\"position\":2,\"name\":\"Obra\u017cenia cielesne\"}]},{\"@type\":\"WebSite\",\"@id\":\"https:\\\/\\\/tepas.nl\\\/#website\",\"url\":\"https:\\\/\\\/tepas.nl\\\/\",\"name\":\"Te Pas - Kowalczyk\",\"description\":\"Advocatenkantoor in Rotterdam\",\"publisher\":{\"@id\":\"https:\\\/\\\/tepas.nl\\\/#organization\"},\"potentialAction\":[{\"@type\":\"SearchAction\",\"target\":{\"@type\":\"EntryPoint\",\"urlTemplate\":\"https:\\\/\\\/tepas.nl\\\/?s={search_term_string}\"},\"query-input\":{\"@type\":\"PropertyValueSpecification\",\"valueRequired\":true,\"valueName\":\"search_term_string\"}}],\"inLanguage\":\"pl-PL\"},{\"@type\":\"Organization\",\"@id\":\"https:\\\/\\\/tepas.nl\\\/#organization\",\"name\":\"Te Pas - Kowalczyk\",\"url\":\"https:\\\/\\\/tepas.nl\\\/\",\"logo\":{\"@type\":\"ImageObject\",\"inLanguage\":\"pl-PL\",\"@id\":\"https:\\\/\\\/tepas.nl\\\/#\\\/schema\\\/logo\\\/image\\\/\",\"url\":\"https:\\\/\\\/tepas.nl\\\/wp-content\\\/uploads\\\/2020\\\/03\\\/Te-Pas-Kowalczyk-Advocaten_norm.png\",\"contentUrl\":\"https:\\\/\\\/tepas.nl\\\/wp-content\\\/uploads\\\/2020\\\/03\\\/Te-Pas-Kowalczyk-Advocaten_norm.png\",\"width\":600,\"height\":150,\"caption\":\"Te Pas - Kowalczyk\"},\"image\":{\"@id\":\"https:\\\/\\\/tepas.nl\\\/#\\\/schema\\\/logo\\\/image\\\/\"}}]}<\/script>\n<!-- \/ Yoast SEO plugin. -->","yoast_head_json":{"title":"Obra\u017cenia cielesne - Te Pas - Kowalczyk","robots":{"index":"index","follow":"follow","max-snippet":"max-snippet:-1","max-image-preview":"max-image-preview:large","max-video-preview":"max-video-preview:-1"},"canonical":"https:\/\/tepas.nl\/pl\/obrazenia-cielesne\/","og_locale":"pl_PL","og_type":"article","og_title":"Obra\u017cenia cielesne - Te Pas - Kowalczyk","og_description":"[vc_row full_width=&#8221;stretch_row&#8221; content_placement=&#8221;middle&#8221; column_spacing=&#8221;0px&#8221; remove_bottom_col_margin=&#8221;true&#8221; bg_style=&#8221;stretch&#8221; wpex_fixed_bg=&#8221;fixed&#8221; wpex_bg_overlay=&#8221;color&#8221; min_height=&#8221;125&#8243; css=&#8221;.vc_custom_1583852995277{background-image: url(https:\/\/tepas.nl\/wp-content\/uploads\/2020\/03\/Algemeen-1.jpg?id=6144) !important;background-position: center !important;background-repeat: no-repeat !important;background-size: cover !important;}&#8221; wpex_bg_position=&#8221;center center&#8221; wpex_bg_overlay_color=&#8221;#125d7a&#8221; wpex_bg_overlay_opacity=&#8221;0.85&#8243;][vc_column][\/vc_column][\/vc_row][vc_row css=&#8221;.vc_custom_1734010731281{padding-top: 50px !important;}&#8221;][vc_column width=&#8221;1\/2&#8243; css=&#8221;.vc_custom_1734077026401{padding-right: 0px !important;padding-bottom: 0px !important;padding-left: 0px !important;}&#8221;][\/vc_column][vc_column width=&#8221;1\/2&#8243;][\/vc_column][\/vc_row][vc_row column_spacing=&#8221;40&#8243; equal_height=&#8221;yes&#8221; remove_bottom_col_margin=&#8221;true&#8221; css=&#8221;.vc_custom_1734076999870{padding-top: 0px !important;}&#8221;][vc_column width=&#8221;1\/2&#8243; css=&#8221;.vc_custom_1734077074319{margin-top: -20px !important;border-top-width: 4px !important;border-right-width: 2px !important;border-left-width: 2px !important;padding-top: 30px !important;padding-bottom: 30px !important;padding-left: 30px&hellip;","og_url":"https:\/\/tepas.nl\/pl\/obrazenia-cielesne\/","og_site_name":"Te Pas - Kowalczyk","article_modified_time":"2025-01-10T12:22:54+00:00","og_image":[{"width":1000,"height":667,"url":"https:\/\/tepas.nl\/wp-content\/uploads\/2020\/03\/Letselschade-2.jpg","type":"image\/jpeg"}],"twitter_card":"summary_large_image","twitter_misc":{"Szacowany czas czytania":"3 minuty"},"schema":{"@context":"https:\/\/schema.org","@graph":[{"@type":"WebPage","@id":"https:\/\/tepas.nl\/pl\/obrazenia-cielesne\/","url":"https:\/\/tepas.nl\/pl\/obrazenia-cielesne\/","name":"Obra\u017cenia cielesne - Te Pas - Kowalczyk","isPartOf":{"@id":"https:\/\/tepas.nl\/#website"},"primaryImageOfPage":{"@id":"https:\/\/tepas.nl\/pl\/obrazenia-cielesne\/#primaryimage"},"image":{"@id":"https:\/\/tepas.nl\/pl\/obrazenia-cielesne\/#primaryimage"},"thumbnailUrl":"https:\/\/tepas.nl\/wp-content\/uploads\/2020\/03\/Letselschade-2.jpg","datePublished":"2020-03-05T14:22:50+00:00","dateModified":"2025-01-10T12:22:54+00:00","breadcrumb":{"@id":"https:\/\/tepas.nl\/pl\/obrazenia-cielesne\/#breadcrumb"},"inLanguage":"pl-PL","potentialAction":[{"@type":"ReadAction","target":["https:\/\/tepas.nl\/pl\/obrazenia-cielesne\/"]}]},{"@type":"ImageObject","inLanguage":"pl-PL","@id":"https:\/\/tepas.nl\/pl\/obrazenia-cielesne\/#primaryimage","url":"https:\/\/tepas.nl\/wp-content\/uploads\/2020\/03\/Letselschade-2.jpg","contentUrl":"https:\/\/tepas.nl\/wp-content\/uploads\/2020\/03\/Letselschade-2.jpg","width":1000,"height":667},{"@type":"BreadcrumbList","@id":"https:\/\/tepas.nl\/pl\/obrazenia-cielesne\/#breadcrumb","itemListElement":[{"@type":"ListItem","position":1,"name":"Home","item":"https:\/\/tepas.nl\/pl\/"},{"@type":"ListItem","position":2,"name":"Obra\u017cenia cielesne"}]},{"@type":"WebSite","@id":"https:\/\/tepas.nl\/#website","url":"https:\/\/tepas.nl\/","name":"Te Pas - Kowalczyk","description":"Advocatenkantoor in Rotterdam","publisher":{"@id":"https:\/\/tepas.nl\/#organization"},"potentialAction":[{"@type":"SearchAction","target":{"@type":"EntryPoint","urlTemplate":"https:\/\/tepas.nl\/?s={search_term_string}"},"query-input":{"@type":"PropertyValueSpecification","valueRequired":true,"valueName":"search_term_string"}}],"inLanguage":"pl-PL"},{"@type":"Organization","@id":"https:\/\/tepas.nl\/#organization","name":"Te Pas - Kowalczyk","url":"https:\/\/tepas.nl\/","logo":{"@type":"ImageObject","inLanguage":"pl-PL","@id":"https:\/\/tepas.nl\/#\/schema\/logo\/image\/","url":"https:\/\/tepas.nl\/wp-content\/uploads\/2020\/03\/Te-Pas-Kowalczyk-Advocaten_norm.png","contentUrl":"https:\/\/tepas.nl\/wp-content\/uploads\/2020\/03\/Te-Pas-Kowalczyk-Advocaten_norm.png","width":600,"height":150,"caption":"Te Pas - Kowalczyk"},"image":{"@id":"https:\/\/tepas.nl\/#\/schema\/logo\/image\/"}}]}},"_links":{"self":[{"href":"https:\/\/tepas.nl\/pl\/wp-json\/wp\/v2\/pages\/6599","targetHints":{"allow":["GET"]}}],"collection":[{"href":"https:\/\/tepas.nl\/pl\/wp-json\/wp\/v2\/pages"}],"about":[{"href":"https:\/\/tepas.nl\/pl\/wp-json\/wp\/v2\/types\/page"}],"author":[{"embeddable":true,"href":"https:\/\/tepas.nl\/pl\/wp-json\/wp\/v2\/users\/2"}],"replies":[{"embeddable":true,"href":"https:\/\/tepas.nl\/pl\/wp-json\/wp\/v2\/comments?post=6599"}],"version-history":[{"count":11,"href":"https:\/\/tepas.nl\/pl\/wp-json\/wp\/v2\/pages\/6599\/revisions"}],"predecessor-version":[{"id":22547,"href":"https:\/\/tepas.nl\/pl\/wp-json\/wp\/v2\/pages\/6599\/revisions\/22547"}],"wp:featuredmedia":[{"embeddable":true,"href":"https:\/\/tepas.nl\/pl\/wp-json\/wp\/v2\/media\/6511"}],"wp:attachment":[{"href":"https:\/\/tepas.nl\/pl\/wp-json\/wp\/v2\/media?parent=6599"}],"curies":[{"name":"wp","href":"https:\/\/api.w.org\/{rel}","templated":true}]}}