{"id":11278,"date":"2022-07-07T14:04:41","date_gmt":"2022-07-07T12:04:41","guid":{"rendered":"https:\/\/tepas.nl\/?page_id=11278"},"modified":"2022-09-08T15:51:53","modified_gmt":"2022-09-08T13:51:53","slug":"homepage","status":"publish","type":"page","link":"https:\/\/tepas.nl\/ro\/","title":{"rendered":"Homepage"},"content":{"rendered":"<div class=\"wpb-content-wrapper\">[vc_row content_placement=&#8221;middle&#8221; column_spacing=&#8221;40&#8243; bg_style=&#8221;stretch&#8221; css=&#8221;.vc_custom_1662645075322{padding-top: 40px !important;padding-bottom: 30px !important;}&#8221;][vc_column]<h2 class=\"vcex-heading vcex-heading-plain vcex-module wpex-heading wpex-text-2xl\"><span class=\"vcex-heading-inner wpex-inline-block\">Te Pas - Kowalczyk Advocaten<\/span><\/h2>[vc_column_text]Te Pas \u2013 Kowalczyk Advocaten este o firm\u0103 de avocatur\u0103 independent\u0103 de mai bine de 30 de ani, cu sediul \u00een Rotterdam, concentr\u00e2ndu-se at\u00e2t pe persoane fizice, c\u00e2t \u0219i pe companii. Avoca\u021bii no\u0219tri ofer\u0103 consiliere, negocieri \u0219i intermediaz\u0103 \u00een diverse domenii. [\/vc_column_text][\/vc_column][\/vc_row][vc_row full_width=&#8221;stretch_row_content_no_spaces&#8221; content_placement=&#8221;middle&#8221; column_spacing=&#8221;40&#8243; equal_height=&#8221;yes&#8221; remove_bottom_col_margin=&#8221;true&#8221; bg_style=&#8221;stretch&#8221; css=&#8221;.vc_custom_1583847714979{margin-bottom: 0px !important;background-color: #f4f4f4 !important;}&#8221;][vc_column width=&#8221;1\/2&#8243; css=&#8221;.vc_custom_1583847544868{margin-bottom: 0px !important;background-position: center !important;background-repeat: no-repeat !important;background-size: cover !important;}&#8221;]<style>.vcex-image-banner.vcex_69f0bc0b90e17 .vcex-ib-content-wrap{padding-block:200px;}.vcex-image-banner.vcex_69f0bc0b90e17 .vcex-ib-overlay-bg{background-color:#125d7a;opacity:0.2;}.vcex-image-banner.vcex_69f0bc0b90e17 .vcex-ib-title{padding-block-end:25px;color:#ffffff;font-size:24px;font-weight:600;}<\/style><div class=\"vcex-module vcex-image-banner wpex-flex wpex-flex-col wpex-w-100 wpex-justify-center wpex-relative wpex-overflow-hidden wpex-bg-gray-900 wpex-text-white wpex-hover-text-white wpex-text-center vcex_69f0bc0b90e17\"><span class=\"vcex-ib-img wpex-block wpex-transition-all wpex-duration-500 wpex-bg-cover wpex-absolute wpex-inset-0\" style=\"background-image:url(https:\/\/tepas.nl\/wp-content\/uploads\/2020\/03\/20191029-TePas-16.jpg);background-position:center center;\"><\/span><div class=\"vcex-ib-overlay wpex-absolute wpex-inset-0 wpex-transition-all wpex-duration-500\"><div class=\"vcex-ib-overlay-bg wpex-absolute wpex-inset-0 wpex-bg-black wpex-opacity-30\"><\/div><\/div><div class=\"vcex-ib-content-wrap wpex-w-100 wpex-transition-all wpex-duration-500 wpex-py-100 wpex-px-40 wpex-relative\"><div class=\"vcex-ib-content wpex-mx-auto\"><\/div><\/div><\/div>[\/vc_column][vc_column width=&#8221;1\/2&#8243; css=&#8221;.vc_custom_1583847551504{margin-bottom: 0px !important;padding-top: 10% !important;padding-right: 10% !important;padding-bottom: 10% !important;padding-left: 10% !important;}&#8221;][vc_column_text]Lua\u021bi ca exemplu daunele aduse s\u0103n\u0103t\u0103\u021bii. Pute\u021bi fi implicat \u00eentr-un accident \u00een diferite moduri \u0219i pute\u021bi avea r\u0103ni corporale. Accidentul v\u0103 poate da via\u021ba de zi cu zi peste cap. Cum pot s\u0103-mi readuc via\u021ba pe drumul cel bun? Este cineva responsabil pentru accident? Pot solicita daune de la aceast\u0103 persoan\u0103 sau de la compania de asigur\u0103ri? Ce pot pretinde? Pot solicita daune morale? Am dreptul la ajutor \u00een cas\u0103? Am dreptul la o indemniza\u021bie de incapacitate? Un avocat de accidente v\u0103 va ajuta s\u0103 \u00een\u021belege\u021bi implica\u021biile financiare ale accidentului dumneavoastr\u0103.[\/vc_column_text][\/vc_column][\/vc_row][vc_row full_width=&#8221;stretch_row_content_no_spaces&#8221; content_placement=&#8221;middle&#8221; column_spacing=&#8221;40&#8243; equal_height=&#8221;yes&#8221; remove_bottom_col_margin=&#8221;true&#8221; columns_right=&#8221;yes&#8221; bg_style=&#8221;stretch&#8221; css=&#8221;.vc_custom_1583923219851{margin-bottom: 0px !important;background-color: #f4f4f4 !important;}&#8221;][vc_column width=&#8221;1\/2&#8243; css=&#8221;.vc_custom_1583847544868{margin-bottom: 0px !important;background-position: center !important;background-repeat: no-repeat !important;background-size: cover !important;}&#8221;]<style>.vcex-image-banner.vcex_69f0bc0b9486f .vcex-ib-content-wrap{padding-block:200px;}.vcex-image-banner.vcex_69f0bc0b9486f .vcex-ib-overlay-bg{background-color:#125d7a;opacity:0.2;}.vcex-image-banner.vcex_69f0bc0b9486f .vcex-ib-title{padding-block-end:25px;color:#ffffff;font-size:24px;font-weight:600;}<\/style><div class=\"vcex-module vcex-image-banner wpex-flex wpex-flex-col wpex-w-100 wpex-justify-center wpex-relative wpex-overflow-hidden wpex-bg-gray-900 wpex-text-white wpex-hover-text-white wpex-text-center vcex_69f0bc0b9486f\"><span class=\"vcex-ib-img wpex-block wpex-transition-all wpex-duration-500 wpex-bg-cover wpex-absolute wpex-inset-0\" style=\"background-image:url(https:\/\/tepas.nl\/wp-content\/uploads\/2020\/03\/20191029-TePas-22.jpg);background-position:center center;\"><\/span><div class=\"vcex-ib-overlay wpex-absolute wpex-inset-0 wpex-transition-all wpex-duration-500\"><div class=\"vcex-ib-overlay-bg wpex-absolute wpex-inset-0 wpex-bg-black wpex-opacity-30\"><\/div><\/div><div class=\"vcex-ib-content-wrap wpex-w-100 wpex-transition-all wpex-duration-500 wpex-py-100 wpex-px-40 wpex-relative\"><div class=\"vcex-ib-content wpex-mx-auto\"><\/div><\/div><\/div>[\/vc_column][vc_column width=&#8221;1\/2&#8243; css=&#8221;.vc_custom_1583923156906{margin-bottom: 0px !important;padding-top: 10% !important;padding-right: 10% !important;padding-bottom: 10% !important;padding-left: 10% !important;}&#8221;][vc_column_text]Te Pas \u2013 Kowalczyk Lawyers s-a ocupat \u00een mod tradi\u021bional \u0219i de multe chestiuni legate de transport \u00een cel mai larg sens al cuv\u00e2ntului. Ne referim la deteriorarea\/furtul \u00eenc\u0103rc\u0103turii \u0219i procedurile de re\u021binere a \u00eenc\u0103rc\u0103turii.[\/vc_column_text][\/vc_column][\/vc_row][vc_row column_spacing=&#8221;40&#8243; bg_style=&#8221;stretch&#8221; css=&#8221;.vc_custom_1583849927303{padding-top: 50px !important;padding-bottom: 20px !important;}&#8221;][vc_column][vc_column_text text_align=&#8221;left&#8221;]Ve\u021bi g\u0103si toate specializ\u0103rile\/domeniile de practic\u0103 \u00een continuare pe site-ul nostru \u00een sec\u021biunea \u201eexpertiz\u0103\u201d. Aici ve\u021bi g\u0103si toate informa\u021biile despre domeniul de drept pe care \u00eel c\u0103uta\u021bi.\u00a0 Datorit\u0103 unei echipe mici, str\u00e2ns interconectate, \u0219i prin urmare datorit\u0103 comunic\u0103rii directe, participarea \u00een cazurile clien\u021bilor no\u0219tri este ridicat\u0103. Prin aceasta se va asigura o cooperare eficient\u0103 \u0219i ne va permite s\u0103 avem cea mai bun\u0103 grij\u0103 de interesele dumneavoastr\u0103. Suntem garan\u021bia calit\u0103\u021bii, angajamentului si a pre\u021burilor f\u0103r\u0103 concuren\u021b\u0103.[\/vc_column_text][\/vc_column][\/vc_row][vc_row full_width=&#8221;stretch_row_content_no_spaces&#8221; column_spacing=&#8221;40&#8243; equal_height=&#8221;yes&#8221; remove_bottom_col_margin=&#8221;true&#8221; bg_style=&#8221;stretch&#8221;][vc_column css=&#8221;.vc_custom_1583847769852{margin-bottom: 0px !important;}&#8221;]<style>.vcex-image-banner.vcex_69f0bc0b9740d .vcex-ib-content-wrap{padding-block:120px;}.vcex-image-banner.vcex_69f0bc0b9740d .vcex-ib-overlay-bg{background-color:#125d7a;opacity:0.75;}.vcex-image-banner.vcex_69f0bc0b9740d .vcex-ib-title{padding-block-end:25px;color:#ffffff;font-size:26px;font-family:Quattrocento;font-weight:600;}.vcex-image-banner.vcex_69f0bc0b9740d .vcex-ib-button-inner{font-size:18px;}@media (max-width:479px){.vcex-image-banner.vcex_69f0bc0b9740d .vcex-ib-title{font-size:22px;}}<\/style><a class=\"vcex-module vcex-image-banner vcex-image-banner-has-link wpex-no-underline wpex-flex wpex-flex-col wpex-w-100 wpex-justify-center wpex-relative wpex-overflow-hidden wpex-bg-gray-900 wpex-text-white wpex-hover-text-white wpex-text-center vcex-has-button vcex_69f0bc0b9740d\" href=\"https:\/\/tepas.nl\/ro\/contact\/\" title=\"Contact\"><span class=\"vcex-ib-img wpex-block wpex-transition-all wpex-duration-500 wpex-bg-cover wpex-absolute wpex-inset-0\" style=\"background-image:url(https:\/\/tepas.nl\/wp-content\/uploads\/2020\/03\/20191029-TePas-19.jpg);background-position:center center;\"><\/span><div class=\"vcex-ib-overlay wpex-absolute wpex-inset-0 wpex-transition-all wpex-duration-500\"><div class=\"vcex-ib-overlay-bg wpex-absolute wpex-inset-0 wpex-bg-black wpex-opacity-30\"><\/div><\/div><div class=\"vcex-ib-content-wrap wpex-w-100 wpex-transition-all wpex-duration-500 wpex-py-100 wpex-px-40 wpex-relative\"><div class=\"vcex-ib-content wpex-mx-auto\"><div class=\"vcex-ib-title wpex-heading\">E\u0219ti interesat de o \u00eent\u00e2lnire introductiv\u0103 f\u0103r\u0103 obliga\u021bii?<\/div><div class=\"vcex-ib-button\"><span class=\"vcex-ib-button-inner theme-button\">Contacta\u0163i-ne<\/span><\/div><\/div><\/div><\/a>[\/vc_column][\/vc_row][vc_row css=&#8221;.vc_custom_1662645046348{padding-top: 40px !important;}&#8221;][vc_column][vc_column_text]Datorit\u0103 contactului bun cu clien\u021bii no\u0219tri, expertizei noastre \u0219i unei abord\u0103ri orientate spre servicii, ne vom str\u0103dui s\u0103 ob\u021binem cel mai bun rezultat posibil pentru dumneavoastr\u0103. \u00cen primul r\u00e2nd, \u00eencerc\u0103m \u00eentotdeauna s\u0103 ob\u021binem cel mai bun rezultat extrajudiciar posibil, dar, dac\u0103 este necesar, vor \u00eencepe litigiile. Ave\u021bi nevoie de consiliere juridic\u0103 \u0219i mai multe informa\u021bii? Contacta\u021bi biroul nostru din Rotterdam. Ne pute\u021bi contacta la 010 411 68 33 sau prin info@tepas.nl. Unul dintre avoca\u021bii no\u0219tri v\u0103 va evalua situa\u021bia \u0219i va stabili o \u00eent\u00e2lnire cu dvs.[\/vc_column_text][\/vc_column][\/vc_row]\n<\/div>","protected":false},"excerpt":{"rendered":"<p>[vc_row content_placement=&#8221;middle&#8221; column_spacing=&#8221;40&#8243; bg_style=&#8221;stretch&#8221; css=&#8221;.vc_custom_1662645075322{padding-top: 40px !important;padding-bottom: 30px !important;}&#8221;][vc_column][vc_column_text]Te Pas \u2013 Kowalczyk Advocaten este o firm\u0103 de avocatur\u0103 independent\u0103 de mai bine de 30 de ani, cu sediul \u00een Rotterdam, concentr\u00e2ndu-se at\u00e2t pe persoane fizice, c\u00e2t \u0219i pe companii. Avoca\u021bii no\u0219tri ofer\u0103 consiliere, negocieri \u0219i intermediaz\u0103 \u00een diverse domenii. [\/vc_column_text][\/vc_column][\/vc_row][vc_row full_width=&#8221;stretch_row_content_no_spaces&#8221; content_placement=&#8221;middle&#8221; column_spacing=&#8221;40&#8243; equal_height=&#8221;yes&#8221; remove_bottom_col_margin=&#8221;true&#8221;&hellip;<\/p>\n","protected":false},"author":5,"featured_media":0,"parent":0,"menu_order":0,"comment_status":"closed","ping_status":"closed","template":"","meta":{"footnotes":""},"class_list":["post-11278","page","type-page","status-publish","hentry","entry","no-media"],"yoast_head":"<!-- This site is optimized with the Yoast SEO plugin v27.4 - https:\/\/yoast.com\/product\/yoast-seo-wordpress\/ -->\n<title>Homepage - Te Pas - Kowalczyk<\/title>\n<meta name=\"robots\" content=\"index, follow, max-snippet:-1, max-image-preview:large, max-video-preview:-1\" \/>\n<link rel=\"canonical\" href=\"https:\/\/tepas.nl\/ro\/\" \/>\n<meta property=\"og:locale\" content=\"ro_RO\" \/>\n<meta property=\"og:type\" content=\"article\" \/>\n<meta property=\"og:title\" content=\"Homepage - Te Pas - Kowalczyk\" \/>\n<meta property=\"og:description\" content=\"[vc_row content_placement=&#8221;middle&#8221; column_spacing=&#8221;40&#8243; bg_style=&#8221;stretch&#8221; css=&#8221;.vc_custom_1662645075322{padding-top: 40px !important;padding-bottom: 30px !important;}&#8221;][vc_column][vc_column_text]Te Pas \u2013 Kowalczyk Advocaten este o firm\u0103 de avocatur\u0103 independent\u0103 de mai bine de 30 de ani, cu sediul \u00een Rotterdam, concentr\u00e2ndu-se at\u00e2t pe persoane fizice, c\u00e2t \u0219i pe companii. Avoca\u021bii no\u0219tri ofer\u0103 consiliere, negocieri \u0219i intermediaz\u0103 \u00een diverse domenii. [\/vc_column_text][\/vc_column][\/vc_row][vc_row full_width=&#8221;stretch_row_content_no_spaces&#8221; content_placement=&#8221;middle&#8221; column_spacing=&#8221;40&#8243; equal_height=&#8221;yes&#8221; remove_bottom_col_margin=&#8221;true&#8221;&hellip;\" \/>\n<meta property=\"og:url\" content=\"https:\/\/tepas.nl\/ro\/\" \/>\n<meta property=\"og:site_name\" content=\"Te Pas - Kowalczyk\" \/>\n<meta property=\"article:modified_time\" content=\"2022-09-08T13:51:53+00:00\" \/>\n<meta name=\"twitter:card\" content=\"summary_large_image\" \/>\n<meta name=\"twitter:label1\" content=\"Timp estimat pentru citire\" \/>\n\t<meta name=\"twitter:data1\" content=\"3 minute\" \/>\n<script type=\"application\/ld+json\" class=\"yoast-schema-graph\">{\"@context\":\"https:\\\/\\\/schema.org\",\"@graph\":[{\"@type\":\"WebPage\",\"@id\":\"https:\\\/\\\/tepas.nl\\\/ro\\\/\",\"url\":\"https:\\\/\\\/tepas.nl\\\/ro\\\/\",\"name\":\"Homepage - Te Pas - Kowalczyk\",\"isPartOf\":{\"@id\":\"https:\\\/\\\/tepas.nl\\\/#website\"},\"datePublished\":\"2022-07-07T12:04:41+00:00\",\"dateModified\":\"2022-09-08T13:51:53+00:00\",\"breadcrumb\":{\"@id\":\"https:\\\/\\\/tepas.nl\\\/ro\\\/#breadcrumb\"},\"inLanguage\":\"ro-RO\",\"potentialAction\":[{\"@type\":\"ReadAction\",\"target\":[\"https:\\\/\\\/tepas.nl\\\/ro\\\/\"]}]},{\"@type\":\"BreadcrumbList\",\"@id\":\"https:\\\/\\\/tepas.nl\\\/ro\\\/#breadcrumb\",\"itemListElement\":[{\"@type\":\"ListItem\",\"position\":1,\"name\":\"Home\",\"item\":\"https:\\\/\\\/tepas.nl\\\/ro\\\/\"},{\"@type\":\"ListItem\",\"position\":2,\"name\":\"Homepage\"}]},{\"@type\":\"WebSite\",\"@id\":\"https:\\\/\\\/tepas.nl\\\/#website\",\"url\":\"https:\\\/\\\/tepas.nl\\\/\",\"name\":\"Te Pas - Kowalczyk\",\"description\":\"Advocatenkantoor in Rotterdam\",\"publisher\":{\"@id\":\"https:\\\/\\\/tepas.nl\\\/#organization\"},\"potentialAction\":[{\"@type\":\"SearchAction\",\"target\":{\"@type\":\"EntryPoint\",\"urlTemplate\":\"https:\\\/\\\/tepas.nl\\\/?s={search_term_string}\"},\"query-input\":{\"@type\":\"PropertyValueSpecification\",\"valueRequired\":true,\"valueName\":\"search_term_string\"}}],\"inLanguage\":\"ro-RO\"},{\"@type\":\"Organization\",\"@id\":\"https:\\\/\\\/tepas.nl\\\/#organization\",\"name\":\"Te Pas - Kowalczyk\",\"url\":\"https:\\\/\\\/tepas.nl\\\/\",\"logo\":{\"@type\":\"ImageObject\",\"inLanguage\":\"ro-RO\",\"@id\":\"https:\\\/\\\/tepas.nl\\\/#\\\/schema\\\/logo\\\/image\\\/\",\"url\":\"https:\\\/\\\/tepas.nl\\\/wp-content\\\/uploads\\\/2020\\\/03\\\/Te-Pas-Kowalczyk-Advocaten_norm.png\",\"contentUrl\":\"https:\\\/\\\/tepas.nl\\\/wp-content\\\/uploads\\\/2020\\\/03\\\/Te-Pas-Kowalczyk-Advocaten_norm.png\",\"width\":600,\"height\":150,\"caption\":\"Te Pas - Kowalczyk\"},\"image\":{\"@id\":\"https:\\\/\\\/tepas.nl\\\/#\\\/schema\\\/logo\\\/image\\\/\"}}]}<\/script>\n<!-- \/ Yoast SEO plugin. -->","yoast_head_json":{"title":"Homepage - Te Pas - Kowalczyk","robots":{"index":"index","follow":"follow","max-snippet":"max-snippet:-1","max-image-preview":"max-image-preview:large","max-video-preview":"max-video-preview:-1"},"canonical":"https:\/\/tepas.nl\/ro\/","og_locale":"ro_RO","og_type":"article","og_title":"Homepage - Te Pas - Kowalczyk","og_description":"[vc_row content_placement=&#8221;middle&#8221; column_spacing=&#8221;40&#8243; bg_style=&#8221;stretch&#8221; css=&#8221;.vc_custom_1662645075322{padding-top: 40px !important;padding-bottom: 30px !important;}&#8221;][vc_column][vc_column_text]Te Pas \u2013 Kowalczyk Advocaten este o firm\u0103 de avocatur\u0103 independent\u0103 de mai bine de 30 de ani, cu sediul \u00een Rotterdam, concentr\u00e2ndu-se at\u00e2t pe persoane fizice, c\u00e2t \u0219i pe companii. Avoca\u021bii no\u0219tri ofer\u0103 consiliere, negocieri \u0219i intermediaz\u0103 \u00een diverse domenii. [\/vc_column_text][\/vc_column][\/vc_row][vc_row full_width=&#8221;stretch_row_content_no_spaces&#8221; content_placement=&#8221;middle&#8221; column_spacing=&#8221;40&#8243; equal_height=&#8221;yes&#8221; remove_bottom_col_margin=&#8221;true&#8221;&hellip;","og_url":"https:\/\/tepas.nl\/ro\/","og_site_name":"Te Pas - Kowalczyk","article_modified_time":"2022-09-08T13:51:53+00:00","twitter_card":"summary_large_image","twitter_misc":{"Timp estimat pentru citire":"3 minute"},"schema":{"@context":"https:\/\/schema.org","@graph":[{"@type":"WebPage","@id":"https:\/\/tepas.nl\/ro\/","url":"https:\/\/tepas.nl\/ro\/","name":"Homepage - Te Pas - Kowalczyk","isPartOf":{"@id":"https:\/\/tepas.nl\/#website"},"datePublished":"2022-07-07T12:04:41+00:00","dateModified":"2022-09-08T13:51:53+00:00","breadcrumb":{"@id":"https:\/\/tepas.nl\/ro\/#breadcrumb"},"inLanguage":"ro-RO","potentialAction":[{"@type":"ReadAction","target":["https:\/\/tepas.nl\/ro\/"]}]},{"@type":"BreadcrumbList","@id":"https:\/\/tepas.nl\/ro\/#breadcrumb","itemListElement":[{"@type":"ListItem","position":1,"name":"Home","item":"https:\/\/tepas.nl\/ro\/"},{"@type":"ListItem","position":2,"name":"Homepage"}]},{"@type":"WebSite","@id":"https:\/\/tepas.nl\/#website","url":"https:\/\/tepas.nl\/","name":"Te Pas - Kowalczyk","description":"Advocatenkantoor in Rotterdam","publisher":{"@id":"https:\/\/tepas.nl\/#organization"},"potentialAction":[{"@type":"SearchAction","target":{"@type":"EntryPoint","urlTemplate":"https:\/\/tepas.nl\/?s={search_term_string}"},"query-input":{"@type":"PropertyValueSpecification","valueRequired":true,"valueName":"search_term_string"}}],"inLanguage":"ro-RO"},{"@type":"Organization","@id":"https:\/\/tepas.nl\/#organization","name":"Te Pas - Kowalczyk","url":"https:\/\/tepas.nl\/","logo":{"@type":"ImageObject","inLanguage":"ro-RO","@id":"https:\/\/tepas.nl\/#\/schema\/logo\/image\/","url":"https:\/\/tepas.nl\/wp-content\/uploads\/2020\/03\/Te-Pas-Kowalczyk-Advocaten_norm.png","contentUrl":"https:\/\/tepas.nl\/wp-content\/uploads\/2020\/03\/Te-Pas-Kowalczyk-Advocaten_norm.png","width":600,"height":150,"caption":"Te Pas - Kowalczyk"},"image":{"@id":"https:\/\/tepas.nl\/#\/schema\/logo\/image\/"}}]}},"_links":{"self":[{"href":"https:\/\/tepas.nl\/ro\/wp-json\/wp\/v2\/pages\/11278","targetHints":{"allow":["GET"]}}],"collection":[{"href":"https:\/\/tepas.nl\/ro\/wp-json\/wp\/v2\/pages"}],"about":[{"href":"https:\/\/tepas.nl\/ro\/wp-json\/wp\/v2\/types\/page"}],"author":[{"embeddable":true,"href":"https:\/\/tepas.nl\/ro\/wp-json\/wp\/v2\/users\/5"}],"replies":[{"embeddable":true,"href":"https:\/\/tepas.nl\/ro\/wp-json\/wp\/v2\/comments?post=11278"}],"version-history":[{"count":7,"href":"https:\/\/tepas.nl\/ro\/wp-json\/wp\/v2\/pages\/11278\/revisions"}],"predecessor-version":[{"id":12539,"href":"https:\/\/tepas.nl\/ro\/wp-json\/wp\/v2\/pages\/11278\/revisions\/12539"}],"wp:attachment":[{"href":"https:\/\/tepas.nl\/ro\/wp-json\/wp\/v2\/media?parent=11278"}],"curies":[{"name":"wp","href":"https:\/\/api.w.org\/{rel}","templated":true}]}}