{"id":6765,"date":"2018-05-03T06:52:47","date_gmt":"2018-05-03T04:52:47","guid":{"rendered":"https:\/\/tepas.nl\/contact\/"},"modified":"2022-07-07T13:31:28","modified_gmt":"2022-07-07T11:31:28","slug":"kontakt","status":"publish","type":"page","link":"https:\/\/tepas.nl\/sk\/kontakt\/","title":{"rendered":"Kontakt"},"content":{"rendered":"<div class=\"wpb-content-wrapper\">[vc_row full_width=&#8220;stretch_row&#8220; content_placement=&#8220;middle&#8220; column_spacing=&#8220;0px&#8220; remove_bottom_col_margin=&#8220;true&#8220; wpex_bg_overlay=&#8220;color&#8220; wpex_fixed_bg=&#8220;fixed&#8220; bg_style=&#8220;stretch&#8220; min_height=&#8220;125&#8243; css=&#8220;.vc_custom_1583766902807{background-image: url(https:\/\/tepas.nl\/wp-content\/uploads\/2020\/03\/20191029-TePas-13.jpg?id=6198) !important;background-position: center !important;background-repeat: no-repeat !important;background-size: cover !important;}&#8220; wpex_bg_position=&#8220;center center&#8220; wpex_bg_overlay_color=&#8220;#125d7a&#8220; wpex_bg_overlay_opacity=&#8220;0.85&#8243;][vc_column]<div class=\"vcex-spacing wpex-w-100 wpex-clear\" style=\"height:10px;\"><\/div><style>.vcex-heading.vcex_69e73a52dc3d7{color:#ffffff;font-size:30px;font-weight:600;}<\/style><h1 class=\"vcex-heading vcex-heading-plain vcex-module wpex-heading wpex-text-2xl wpex-text-left vcex_69e73a52dc3d7\"><span class=\"vcex-heading-inner wpex-inline-block\">Kontakt<\/span><\/h1>[\/vc_column][\/vc_row][vc_row column_spacing=&#8220;30&#8243; bg_style=&#8220;stretch&#8220; css=&#8220;.vc_custom_1584538681674{padding-top: 50px !important;padding-bottom: 25px !important;}&#8220;][vc_column][vc_column_text]Potrebujete pr\u00e1vne poradenstvo a\u00a0viac inform\u00e1ci\u00ed? Pokojne sa s\u00a0skontaktujte s\u00a0na\u0161ou kancel\u00e1riou v\u00a0Rotterdame. Sme k\u00a0dispoz\u00edcii na\u00a0telef\u00f3nnom \u010d\u00edsle 010\u00a0411\u00a068\u00a033 alebo na\u00a0e-mailovej adrese info@tepas.nl. Jeden z\u00a0na\u0161ich advok\u00e1tov pos\u00fadi va\u0161u situ\u00e1ciu a\u00a0dohodne si s\u00a0vami sch\u00f4dzku. Po\u010das n\u00e1\u0161ho rozhovoru odhadneme \u0161ance \u00faspechu a\u00a0mo\u017enost\u00ed v\u00e1\u0161ho pr\u00edpadu. Tie\u017e v\u00e1m po\u010das rozhovoru vypo\u010d\u00edtame predbe\u017en\u00e9 n\u00e1klady pr\u00e1vneho zast\u00fapenia.<\/p>\n<p>Rozumieme, \u017ee v\u00a0pr\u00edpade nehody m\u00f4\u017ee by\u0165 pre\u00a0v\u00e1s \u0165a\u017ek\u00e9 pr\u00eds\u0165 do\u00a0na\u0161ej kancel\u00e1rie. Preto je v\u00a0pr\u00edpade potreby mo\u017en\u00e9 zabezpe\u010di\u0165, aby advok\u00e1t pri\u0161iel k\u00a0v\u00e1m domov, aby ste sa s\u00a0n\u00edm mohli poradi\u0165, bez oh\u013eadu na\u00a0miesto v\u00e1\u0161ho pobytu v\u00a0Holandsku. Nechajte va\u0161e starosti na\u00a0n\u00e1s![\/vc_column_text][\/vc_column][\/vc_row][vc_row full_width=&#8220;stretch_row&#8220; column_spacing=&#8220;40&#8243; remove_bottom_col_margin=&#8220;true&#8220; bg_style=&#8220;stretch&#8220; css=&#8220;.vc_custom_1584538660820{border-top-width: 1px !important;border-right-width: 0px !important;border-bottom-width: 1px !important;border-left-width: 0px !important;padding-top: 45px !important;padding-bottom: 30px !important;background-color: #f7f7f7 !important;border-left-color: #e4e4e4 !important;border-left-style: solid !important;border-right-color: #e4e4e4 !important;border-right-style: solid !important;border-top-color: #e4e4e4 !important;border-top-style: solid !important;border-bottom-color: #e4e4e4 !important;border-bottom-style: solid !important;}&#8220;][vc_column width=&#8220;1\/3&#8243;]<h2 class=\"vcex-heading vcex-heading-plain vcex-module wpex-heading wpex-text-2xl vc_custom_1598625650575\"><span class=\"vcex-heading-inner wpex-inline-block\">Te Pas - Kowalczyk<br \/>\nAdvok\u00e1ti<\/span><\/h2><style>.vcex-list_item.vcex_69e73a52df921 .vcex-list-item-icon-inner{color:#125d7a;}<\/style><div class=\"vcex-list_item vcex-module wpex-m-0 wpex-max-w-100 wpex-mb-5 vcex_69e73a52df921\"><a href=\"tel:+3110%20411%2068%2033\" class=\"vcex-list-item-link wpex-no-underline\"><div class=\"vcex-list-item-inner wpex-inline-flex wpex-flex-no-wrap\"><div class=\"vcex-list-item-icon wpex-mr-10\"><div class=\"vcex-list-item-icon-inner vcex-icon-wrap wpex-inline-flex wpex-justify-center wpex-items-center wpex-leading-none wpex-child-inherit-color\"><span class=\"wpex-icon--w wpex-icon\" aria-hidden=\"true\"><svg xmlns=\"http:\/\/www.w3.org\/2000\/svg\" viewBox=\"0 0 512 512\"><path d=\"M164.9 24.6c-7.7-18.6-28-28.5-47.4-23.2l-88 24C12.1 30.2 0 46 0 64C0 311.4 200.6 512 448 512c18 0 33.8-12.1 38.6-29.5l24-88c5.3-19.4-4.6-39.7-23.2-47.4l-96-40c-16.3-6.8-35.2-2.1-46.3 11.6L304.7 368C234.3 334.7 177.3 277.7 144 207.3L193.3 167c13.7-11.2 18.4-30 11.6-46.3l-40-96z\"\/><\/svg><\/span><\/div><\/div><div class=\"vcex-list-item-text vcex-content wpex-flex-grow\">(+31) 010 411 68 33<\/div><\/div><\/a><\/div><style>.vcex-list_item.vcex_69e73a52e397c .vcex-list-item-icon-inner{color:#125d7a;}<\/style><div class=\"vcex-list_item vcex-module wpex-m-0 wpex-max-w-100 wpex-mb-5 vcex_69e73a52e397c\"><a href=\"mailto:&#105;n&#102;o&#064;t&#101;&#112;&#097;s&#046;n&#108;\" class=\"vcex-list-item-link wpex-no-underline\"><div class=\"vcex-list-item-inner wpex-inline-flex wpex-flex-no-wrap\"><div class=\"vcex-list-item-icon wpex-mr-10\"><div class=\"vcex-list-item-icon-inner vcex-icon-wrap wpex-inline-flex wpex-justify-center wpex-items-center wpex-leading-none wpex-child-inherit-color\"><span class=\"wpex-icon--w wpex-icon\" aria-hidden=\"true\"><svg xmlns=\"http:\/\/www.w3.org\/2000\/svg\" viewBox=\"0 0 512 512\"><path d=\"M48 64C21.5 64 0 85.5 0 112c0 15.1 7.1 29.3 19.2 38.4L236.8 313.6c11.4 8.5 27 8.5 38.4 0L492.8 150.4c12.1-9.1 19.2-23.3 19.2-38.4c0-26.5-21.5-48-48-48H48zM0 176V384c0 35.3 28.7 64 64 64H448c35.3 0 64-28.7 64-64V176L294.4 339.2c-22.8 17.1-54 17.1-76.8 0L0 176z\"\/><\/svg><\/span><\/div><\/div><div class=\"vcex-list-item-text vcex-content wpex-flex-grow\">in&#102;&#111;&#64;&#116;&#101;pa&#115;.&#110;&#108;<\/div><\/div><\/a><\/div><div class=\"vcex-spacing wpex-w-100 wpex-clear\" style=\"height:10px;\"><\/div><style>.vcex-bullets.vcex_69e73a52e53c7 .vcex-bullets-icon{color:#125d7a;}<\/style><div class=\"vcex-module vcex-bullets vcex-bullets--vertical custom-icon vcex_69e73a52e53c7\">\n<ul role=\"list\">\n<li><div class=\"vcex-bullets-ci-wrap wpex-inline-flex\"><span class=\"vcex-bullets-icon-wrap vcex-icon-wrap wpex-mr-10\"><span class=\"vcex-bullets-icon vcex-icon fa fa-info-circle\" aria-hidden=\"true\"><\/span><\/span><div class=\"vcex-content wpex-flex-grow\">Sme v\u00e1m k\u00a0dispoz\u00edcii od\u00a0pondelka do\u00a0piatka od\u00a009:00 do\u00a017:00\u00a0hod.<\/div><\/div><\/li>\n<\/ul>\n<\/div>[\/vc_column][vc_column width=&#8220;2\/3&#8243;]<style> style=\"width:750px;\"<\/style><div class=\"vcex-form-shortcode vcex-module wpex-form wpex-m-auto wpex-max-w-100 full-width-input\" style=\"width:750px;\">\n<div class=\"wpcf7 no-js\" id=\"wpcf7-f11264-o1\" lang=\"nl-NL\" dir=\"ltr\" data-wpcf7-id=\"11264\">\n<div class=\"screen-reader-response\"><p role=\"status\" aria-live=\"polite\" aria-atomic=\"true\"><\/p> <ul><\/ul><\/div>\n<form action=\"\/sk\/wp-json\/wp\/v2\/pages\/6765#wpcf7-f11264-o1\" method=\"post\" class=\"wpcf7-form init\" aria-label=\"Contactformulier\" novalidate=\"novalidate\" data-status=\"init\">\n<fieldset class=\"hidden-fields-container\"><input type=\"hidden\" name=\"_wpcf7\" value=\"11264\" \/><input type=\"hidden\" name=\"_wpcf7_version\" value=\"6.1.5\" \/><input type=\"hidden\" name=\"_wpcf7_locale\" value=\"nl_NL\" \/><input type=\"hidden\" name=\"_wpcf7_unit_tag\" value=\"wpcf7-f11264-o1\" \/><input type=\"hidden\" name=\"_wpcf7_container_post\" value=\"0\" \/><input type=\"hidden\" name=\"_wpcf7_posted_data_hash\" value=\"\" \/>\n<\/fieldset>\n<p class=\"one-half first\">Meno (povinn\u00e9)\n<\/p>\n<p><span class=\"wpcf7-form-control-wrap\" data-name=\"your-name\"><input size=\"40\" maxlength=\"400\" class=\"wpcf7-form-control wpcf7-text wpcf7-validates-as-required\" aria-required=\"true\" aria-invalid=\"false\" value=\"\" type=\"text\" name=\"your-name\" \/><\/span>\n<\/p>\n<p><span id=\"wpcf7-69e73a52eadcd-wrapper\" class=\"wpcf7-form-control-wrap your-lastname-wrap\" style=\"display:none !important; visibility:hidden !important;\"><input type=\"hidden\" name=\"your-lastname-time-start\" value=\"1776761426\"><input type=\"hidden\" name=\"your-lastname-time-check\" value=\"5\"><label for=\"wpcf7-69e73a52eadcd-field\" class=\"hp-message\">Gelieve dit veld leeg te laten.<\/label><input id=\"wpcf7-69e73a52eadcd-field\"  class=\"wpcf7-form-control wpcf7-text\" type=\"text\" name=\"your-lastname\" value=\"\" size=\"40\" tabindex=\"-1\" autocomplete=\"new-password\" \/><\/span>\n<\/p>\n<p class=\"one-half\">E-mail (povinn\u00e9)\n<\/p>\n<p><span class=\"wpcf7-form-control-wrap\" data-name=\"your-email\"><input size=\"40\" maxlength=\"400\" class=\"wpcf7-form-control wpcf7-email wpcf7-validates-as-required wpcf7-text wpcf7-validates-as-email\" aria-required=\"true\" aria-invalid=\"false\" value=\"\" type=\"email\" name=\"your-email\" \/><\/span>\n<\/p>\n<p><span id=\"wpcf7-69e73a52eae9f-wrapper\" class=\"wpcf7-form-control-wrap Website-wrap\" style=\"display:none !important; visibility:hidden !important;\"><input type=\"hidden\" name=\"Website-time-start\" value=\"1776761426\"><input type=\"hidden\" name=\"Website-time-check\" value=\"5\"><label for=\"wpcf7-69e73a52eae9f-field\" class=\"hp-message\">Gelieve dit veld leeg te laten.<\/label><input id=\"wpcf7-69e73a52eae9f-field\"  class=\"wpcf7-form-control wpcf7-text\" type=\"text\" name=\"Website\" value=\"\" size=\"40\" tabindex=\"-1\" autocomplete=\"new-password\" \/><\/span>\n<\/p>\n<p><label> Vec<br \/>\n<span class=\"wpcf7-form-control-wrap\" data-name=\"your-subject\"><input size=\"40\" maxlength=\"400\" class=\"wpcf7-form-control wpcf7-text\" aria-invalid=\"false\" value=\"\" type=\"text\" name=\"your-subject\" \/><\/span> <\/label>\n<\/p>\n<p><label> Spr\u00e1va<br \/>\n<span class=\"wpcf7-form-control-wrap\" data-name=\"your-message\"><textarea cols=\"40\" rows=\"10\" maxlength=\"2000\" class=\"wpcf7-form-control wpcf7-textarea\" aria-invalid=\"false\" name=\"your-message\"><\/textarea><\/span> <\/label>\n<\/p>\n<p><input class=\"wpcf7-form-control wpcf7-submit has-spinner\" type=\"submit\" value=\"Odoslat\" \/>\n<\/p><p style=\"display: none !important;\" class=\"akismet-fields-container\" data-prefix=\"_wpcf7_ak_\"><label>&#916;<textarea name=\"_wpcf7_ak_hp_textarea\" cols=\"45\" rows=\"8\" maxlength=\"100\"><\/textarea><\/label><input type=\"hidden\" id=\"ak_js_1\" name=\"_wpcf7_ak_js\" value=\"137\"\/><script>document.getElementById( \"ak_js_1\" ).setAttribute( \"value\", ( new Date() ).getTime() );<\/script><\/p><div class=\"wpcf7-response-output\" aria-hidden=\"true\"><\/div>\n<\/form>\n<\/div>\n<\/div>[\/vc_column][\/vc_row][vc_row full_width=&#8220;stretch_row_content&#8220; remove_bottom_col_margin=&#8220;true&#8220;][vc_column][vc_gmaps link=&#8220;#E-8_JTNDaWZyYW1lJTIwc3JjJTNEJTIyaHR0cHMlM0ElMkYlMkZ3d3cuZ29vZ2xlLmNvbSUyRm1hcHMlMkZlbWJlZCUzRnBiJTNEJTIxMW0xOCUyMTFtMTIlMjExbTMlMjExZDk4NDEuOTIzODMyOTgwNjg5JTIxMmQ0LjQ3NjMzODM0OTYxMjM2NCUyMTNkNTEuOTI1MTgwMjY2MDAwMzQ2JTIxMm0zJTIxMWYwJTIxMmYwJTIxM2YwJTIxM20yJTIxMWkxMDI0JTIxMmk3NjglMjE0ZjEzLjElMjEzbTMlMjExbTIlMjExczB4NDdjNDMzNTgyOTU1MmNhMyUyNTNBMHg3ZTBlOTZiNDcyM2E0MTI5JTIxMnNQb21wZW5idXJnJTI1MjAxODAlMjUyQyUyNTIwMzAzMiUyNTIwRU0lMjUyMFJvdHRlcmRhbSUyMTVlMCUyMTNtMiUyMTFzbmwlMjEyc25sJTIxNHYxNTg0MDI0NzgzMTc2JTIxNW0yJTIxMXNubCUyMTJzbmwlMjIlMjB3aWR0aCUzRCUyMjEwMCUyNSUyMiUyMGhlaWdodCUzRCUyMjM3NSUyMiUyMGZyYW1lYm9yZGVyJTNEJTIyMCUyMiUyMHN0eWxlJTNEJTIyYm9yZGVyJTNBMCUzQiUyMiUyMGFsbG93ZnVsbHNjcmVlbiUzRCUyMiUyMiUyMGFyaWEtaGlkZGVuJTNEJTIyZmFsc2UlMjIlMjB0YWJpbmRleCUzRCUyMjAlMjIlM0UlM0MlMkZpZnJhbWUlM0U=&#8220; size=&#8220;375&#8243;][\/vc_column][\/vc_row]\n<\/div>","protected":false},"excerpt":{"rendered":"<p>[vc_row full_width=&#8220;stretch_row&#8220; content_placement=&#8220;middle&#8220; column_spacing=&#8220;0px&#8220; remove_bottom_col_margin=&#8220;true&#8220; wpex_bg_overlay=&#8220;color&#8220; wpex_fixed_bg=&#8220;fixed&#8220; bg_style=&#8220;stretch&#8220; min_height=&#8220;125&#8243; css=&#8220;.vc_custom_1583766902807{background-image: url(https:\/\/tepas.nl\/wp-content\/uploads\/2020\/03\/20191029-TePas-13.jpg?id=6198) !important;background-position: center !important;background-repeat: no-repeat !important;background-size: cover !important;}&#8220; wpex_bg_position=&#8220;center center&#8220; wpex_bg_overlay_color=&#8220;#125d7a&#8220; wpex_bg_overlay_opacity=&#8220;0.85&#8243;][vc_column][\/vc_column][\/vc_row][vc_row column_spacing=&#8220;30&#8243; bg_style=&#8220;stretch&#8220; css=&#8220;.vc_custom_1584538681674{padding-top: 50px !important;padding-bottom: 25px !important;}&#8220;][vc_column][vc_column_text]Potrebujete pr\u00e1vne poradenstvo a\u00a0viac inform\u00e1ci\u00ed? Pokojne sa s\u00a0skontaktujte s\u00a0na\u0161ou kancel\u00e1riou v\u00a0Rotterdame. Sme k\u00a0dispoz\u00edcii na\u00a0telef\u00f3nnom \u010d\u00edsle 010\u00a0411\u00a068\u00a033 alebo na\u00a0e-mailovej adrese info@tepas.nl. Jeden z\u00a0na\u0161ich advok\u00e1tov pos\u00fadi va\u0161u situ\u00e1ciu a\u00a0dohodne&hellip;<\/p>\n","protected":false},"author":2,"featured_media":0,"parent":0,"menu_order":0,"comment_status":"closed","ping_status":"closed","template":"","meta":{"footnotes":""},"class_list":["post-6765","page","type-page","status-publish","hentry","entry","no-media"],"yoast_head":"<!-- This site is optimized with the Yoast SEO plugin v27.4 - https:\/\/yoast.com\/product\/yoast-seo-wordpress\/ -->\n<title>Kontakt - Te Pas - Kowalczyk<\/title>\n<meta name=\"robots\" content=\"index, follow, max-snippet:-1, max-image-preview:large, max-video-preview:-1\" \/>\n<link rel=\"canonical\" href=\"https:\/\/tepas.nl\/sk\/kontakt\/\" \/>\n<meta property=\"og:locale\" content=\"sk_SK\" \/>\n<meta property=\"og:type\" content=\"article\" \/>\n<meta property=\"og:title\" content=\"Kontakt - Te Pas - Kowalczyk\" \/>\n<meta property=\"og:description\" content=\"[vc_row full_width=&#8220;stretch_row&#8220; content_placement=&#8220;middle&#8220; column_spacing=&#8220;0px&#8220; remove_bottom_col_margin=&#8220;true&#8220; wpex_bg_overlay=&#8220;color&#8220; wpex_fixed_bg=&#8220;fixed&#8220; bg_style=&#8220;stretch&#8220; min_height=&#8220;125&#8243; css=&#8220;.vc_custom_1583766902807{background-image: url(https:\/\/tepas.nl\/wp-content\/uploads\/2020\/03\/20191029-TePas-13.jpg?id=6198) !important;background-position: center !important;background-repeat: no-repeat !important;background-size: cover !important;}&#8220; wpex_bg_position=&#8220;center center&#8220; wpex_bg_overlay_color=&#8220;#125d7a&#8220; wpex_bg_overlay_opacity=&#8220;0.85&#8243;][vc_column][\/vc_column][\/vc_row][vc_row column_spacing=&#8220;30&#8243; bg_style=&#8220;stretch&#8220; css=&#8220;.vc_custom_1584538681674{padding-top: 50px !important;padding-bottom: 25px !important;}&#8220;][vc_column][vc_column_text]Potrebujete pr\u00e1vne poradenstvo a\u00a0viac inform\u00e1ci\u00ed? Pokojne sa s\u00a0skontaktujte s\u00a0na\u0161ou kancel\u00e1riou v\u00a0Rotterdame. Sme k\u00a0dispoz\u00edcii na\u00a0telef\u00f3nnom \u010d\u00edsle 010\u00a0411\u00a068\u00a033 alebo na\u00a0e-mailovej adrese info@tepas.nl. Jeden z\u00a0na\u0161ich advok\u00e1tov pos\u00fadi va\u0161u situ\u00e1ciu a\u00a0dohodne&hellip;\" \/>\n<meta property=\"og:url\" content=\"https:\/\/tepas.nl\/sk\/kontakt\/\" \/>\n<meta property=\"og:site_name\" content=\"Te Pas - Kowalczyk\" \/>\n<meta property=\"article:modified_time\" content=\"2022-07-07T11:31:28+00:00\" \/>\n<meta name=\"twitter:card\" content=\"summary_large_image\" \/>\n<meta name=\"twitter:label1\" content=\"Predpokladan\u00fd \u010das \u010d\u00edtania\" \/>\n\t<meta name=\"twitter:data1\" content=\"2 min\u00faty\" \/>\n<script type=\"application\/ld+json\" class=\"yoast-schema-graph\">{\"@context\":\"https:\\\/\\\/schema.org\",\"@graph\":[{\"@type\":\"WebPage\",\"@id\":\"https:\\\/\\\/tepas.nl\\\/sk\\\/kontakt\\\/\",\"url\":\"https:\\\/\\\/tepas.nl\\\/sk\\\/kontakt\\\/\",\"name\":\"Kontakt - Te Pas - Kowalczyk\",\"isPartOf\":{\"@id\":\"https:\\\/\\\/tepas.nl\\\/#website\"},\"datePublished\":\"2018-05-03T04:52:47+00:00\",\"dateModified\":\"2022-07-07T11:31:28+00:00\",\"breadcrumb\":{\"@id\":\"https:\\\/\\\/tepas.nl\\\/sk\\\/kontakt\\\/#breadcrumb\"},\"inLanguage\":\"sk-SK\",\"potentialAction\":[{\"@type\":\"ReadAction\",\"target\":[\"https:\\\/\\\/tepas.nl\\\/sk\\\/kontakt\\\/\"]}]},{\"@type\":\"BreadcrumbList\",\"@id\":\"https:\\\/\\\/tepas.nl\\\/sk\\\/kontakt\\\/#breadcrumb\",\"itemListElement\":[{\"@type\":\"ListItem\",\"position\":1,\"name\":\"Home\",\"item\":\"https:\\\/\\\/tepas.nl\\\/sk\\\/\"},{\"@type\":\"ListItem\",\"position\":2,\"name\":\"Kontakt\"}]},{\"@type\":\"WebSite\",\"@id\":\"https:\\\/\\\/tepas.nl\\\/#website\",\"url\":\"https:\\\/\\\/tepas.nl\\\/\",\"name\":\"Te Pas - Kowalczyk\",\"description\":\"Advocatenkantoor in Rotterdam\",\"publisher\":{\"@id\":\"https:\\\/\\\/tepas.nl\\\/#organization\"},\"potentialAction\":[{\"@type\":\"SearchAction\",\"target\":{\"@type\":\"EntryPoint\",\"urlTemplate\":\"https:\\\/\\\/tepas.nl\\\/?s={search_term_string}\"},\"query-input\":{\"@type\":\"PropertyValueSpecification\",\"valueRequired\":true,\"valueName\":\"search_term_string\"}}],\"inLanguage\":\"sk-SK\"},{\"@type\":\"Organization\",\"@id\":\"https:\\\/\\\/tepas.nl\\\/#organization\",\"name\":\"Te Pas - Kowalczyk\",\"url\":\"https:\\\/\\\/tepas.nl\\\/\",\"logo\":{\"@type\":\"ImageObject\",\"inLanguage\":\"sk-SK\",\"@id\":\"https:\\\/\\\/tepas.nl\\\/#\\\/schema\\\/logo\\\/image\\\/\",\"url\":\"https:\\\/\\\/tepas.nl\\\/wp-content\\\/uploads\\\/2020\\\/03\\\/Te-Pas-Kowalczyk-Advocaten_norm.png\",\"contentUrl\":\"https:\\\/\\\/tepas.nl\\\/wp-content\\\/uploads\\\/2020\\\/03\\\/Te-Pas-Kowalczyk-Advocaten_norm.png\",\"width\":600,\"height\":150,\"caption\":\"Te Pas - Kowalczyk\"},\"image\":{\"@id\":\"https:\\\/\\\/tepas.nl\\\/#\\\/schema\\\/logo\\\/image\\\/\"}}]}<\/script>\n<!-- \/ Yoast SEO plugin. -->","yoast_head_json":{"title":"Kontakt - Te Pas - Kowalczyk","robots":{"index":"index","follow":"follow","max-snippet":"max-snippet:-1","max-image-preview":"max-image-preview:large","max-video-preview":"max-video-preview:-1"},"canonical":"https:\/\/tepas.nl\/sk\/kontakt\/","og_locale":"sk_SK","og_type":"article","og_title":"Kontakt - Te Pas - Kowalczyk","og_description":"[vc_row full_width=&#8220;stretch_row&#8220; content_placement=&#8220;middle&#8220; column_spacing=&#8220;0px&#8220; remove_bottom_col_margin=&#8220;true&#8220; wpex_bg_overlay=&#8220;color&#8220; wpex_fixed_bg=&#8220;fixed&#8220; bg_style=&#8220;stretch&#8220; min_height=&#8220;125&#8243; css=&#8220;.vc_custom_1583766902807{background-image: url(https:\/\/tepas.nl\/wp-content\/uploads\/2020\/03\/20191029-TePas-13.jpg?id=6198) !important;background-position: center !important;background-repeat: no-repeat !important;background-size: cover !important;}&#8220; wpex_bg_position=&#8220;center center&#8220; wpex_bg_overlay_color=&#8220;#125d7a&#8220; wpex_bg_overlay_opacity=&#8220;0.85&#8243;][vc_column][\/vc_column][\/vc_row][vc_row column_spacing=&#8220;30&#8243; bg_style=&#8220;stretch&#8220; css=&#8220;.vc_custom_1584538681674{padding-top: 50px !important;padding-bottom: 25px !important;}&#8220;][vc_column][vc_column_text]Potrebujete pr\u00e1vne poradenstvo a\u00a0viac inform\u00e1ci\u00ed? Pokojne sa s\u00a0skontaktujte s\u00a0na\u0161ou kancel\u00e1riou v\u00a0Rotterdame. Sme k\u00a0dispoz\u00edcii na\u00a0telef\u00f3nnom \u010d\u00edsle 010\u00a0411\u00a068\u00a033 alebo na\u00a0e-mailovej adrese info@tepas.nl. Jeden z\u00a0na\u0161ich advok\u00e1tov pos\u00fadi va\u0161u situ\u00e1ciu a\u00a0dohodne&hellip;","og_url":"https:\/\/tepas.nl\/sk\/kontakt\/","og_site_name":"Te Pas - Kowalczyk","article_modified_time":"2022-07-07T11:31:28+00:00","twitter_card":"summary_large_image","twitter_misc":{"Predpokladan\u00fd \u010das \u010d\u00edtania":"2 min\u00faty"},"schema":{"@context":"https:\/\/schema.org","@graph":[{"@type":"WebPage","@id":"https:\/\/tepas.nl\/sk\/kontakt\/","url":"https:\/\/tepas.nl\/sk\/kontakt\/","name":"Kontakt - Te Pas - Kowalczyk","isPartOf":{"@id":"https:\/\/tepas.nl\/#website"},"datePublished":"2018-05-03T04:52:47+00:00","dateModified":"2022-07-07T11:31:28+00:00","breadcrumb":{"@id":"https:\/\/tepas.nl\/sk\/kontakt\/#breadcrumb"},"inLanguage":"sk-SK","potentialAction":[{"@type":"ReadAction","target":["https:\/\/tepas.nl\/sk\/kontakt\/"]}]},{"@type":"BreadcrumbList","@id":"https:\/\/tepas.nl\/sk\/kontakt\/#breadcrumb","itemListElement":[{"@type":"ListItem","position":1,"name":"Home","item":"https:\/\/tepas.nl\/sk\/"},{"@type":"ListItem","position":2,"name":"Kontakt"}]},{"@type":"WebSite","@id":"https:\/\/tepas.nl\/#website","url":"https:\/\/tepas.nl\/","name":"Te Pas - Kowalczyk","description":"Advocatenkantoor in Rotterdam","publisher":{"@id":"https:\/\/tepas.nl\/#organization"},"potentialAction":[{"@type":"SearchAction","target":{"@type":"EntryPoint","urlTemplate":"https:\/\/tepas.nl\/?s={search_term_string}"},"query-input":{"@type":"PropertyValueSpecification","valueRequired":true,"valueName":"search_term_string"}}],"inLanguage":"sk-SK"},{"@type":"Organization","@id":"https:\/\/tepas.nl\/#organization","name":"Te Pas - Kowalczyk","url":"https:\/\/tepas.nl\/","logo":{"@type":"ImageObject","inLanguage":"sk-SK","@id":"https:\/\/tepas.nl\/#\/schema\/logo\/image\/","url":"https:\/\/tepas.nl\/wp-content\/uploads\/2020\/03\/Te-Pas-Kowalczyk-Advocaten_norm.png","contentUrl":"https:\/\/tepas.nl\/wp-content\/uploads\/2020\/03\/Te-Pas-Kowalczyk-Advocaten_norm.png","width":600,"height":150,"caption":"Te Pas - Kowalczyk"},"image":{"@id":"https:\/\/tepas.nl\/#\/schema\/logo\/image\/"}}]}},"_links":{"self":[{"href":"https:\/\/tepas.nl\/sk\/wp-json\/wp\/v2\/pages\/6765","targetHints":{"allow":["GET"]}}],"collection":[{"href":"https:\/\/tepas.nl\/sk\/wp-json\/wp\/v2\/pages"}],"about":[{"href":"https:\/\/tepas.nl\/sk\/wp-json\/wp\/v2\/types\/page"}],"author":[{"embeddable":true,"href":"https:\/\/tepas.nl\/sk\/wp-json\/wp\/v2\/users\/2"}],"replies":[{"embeddable":true,"href":"https:\/\/tepas.nl\/sk\/wp-json\/wp\/v2\/comments?post=6765"}],"version-history":[{"count":6,"href":"https:\/\/tepas.nl\/sk\/wp-json\/wp\/v2\/pages\/6765\/revisions"}],"predecessor-version":[{"id":11274,"href":"https:\/\/tepas.nl\/sk\/wp-json\/wp\/v2\/pages\/6765\/revisions\/11274"}],"wp:attachment":[{"href":"https:\/\/tepas.nl\/sk\/wp-json\/wp\/v2\/media?parent=6765"}],"curies":[{"name":"wp","href":"https:\/\/api.w.org\/{rel}","templated":true}]}}