{"id":6778,"date":"2020-03-05T15:32:45","date_gmt":"2020-03-05T14:32:45","guid":{"rendered":"https:\/\/tepas.nl\/familierecht\/"},"modified":"2020-08-28T16:46:42","modified_gmt":"2020-08-28T14:46:42","slug":"rodinne-pravo","status":"publish","type":"page","link":"https:\/\/tepas.nl\/sk\/rodinne-pravo\/","title":{"rendered":"Rodinn\u00e9 pr\u00e1vo"},"content":{"rendered":"<div class=\"wpb-content-wrapper\">[vc_row full_width=&#8220;stretch_row&#8220; content_placement=&#8220;middle&#8220; column_spacing=&#8220;0px&#8220; remove_bottom_col_margin=&#8220;true&#8220; wpex_bg_overlay=&#8220;color&#8220; wpex_fixed_bg=&#8220;fixed&#8220; bg_style=&#8220;stretch&#8220; min_height=&#8220;125&#8243; css=&#8220;.vc_custom_1583852995277{background-image: url(https:\/\/tepas.nl\/wp-content\/uploads\/2020\/03\/Algemeen-1.jpg?id=6144) !important;background-position: center !important;background-repeat: no-repeat !important;background-size: cover !important;}&#8220; wpex_bg_position=&#8220;center center&#8220; wpex_bg_overlay_color=&#8220;#125d7a&#8220; wpex_bg_overlay_opacity=&#8220;0.85&#8243;][vc_column]<div class=\"vcex-spacing wpex-w-100 wpex-clear\" style=\"height:10px;\"><\/div><style>.vcex-heading.vcex_69e5af3136719{color:#ffffff;font-size:30px;font-weight:600;}<\/style><h1 class=\"vcex-heading vcex-heading-plain vcex-module wpex-heading wpex-text-2xl wpex-text-left vcex_69e5af3136719\"><span class=\"vcex-heading-inner wpex-inline-block\">Familierecht<\/span><\/h1>[\/vc_column][\/vc_row][vc_row css=&#8220;.vc_custom_1583922955593{padding-top: 50px !important;padding-bottom: 30px !important;}&#8220;][vc_column][vc_column_text]Personen- en familierecht heeft verschillende aspecten.\u00a0Een herkenbaar onderdeel van dit rechtsgebied is de echtscheiding.\u00a0Dit rechtsgebied omvat echter nog zoveel meer aspecten dan echtscheiding, denk hierbij aan: naamswijziging, verbreking van samenwoning, afstamming, gezag over minderjarige kinderen etc.<\/p>\n<p>Conflicten of geschillen op het gebied van personen- en familierecht zijn veelal ingrijpend en zeer persoonlijk van aard. Goede en persoonlijke begeleiding is in dit proces erg belangrijk. Wij helpen u graag dit proces zo soepel en goed\u00a0mogelijk te laten verlopen.[\/vc_column_text][\/vc_column][\/vc_row][vc_row full_width=&#8220;stretch_row&#8220; column_spacing=&#8220;40&#8243; equal_height=&#8220;yes&#8220; remove_bottom_col_margin=&#8220;true&#8220; bg_style=&#8220;stretch&#8220; css=&#8220;.vc_custom_1584536467804{padding-top: 80px !important;padding-bottom: 60px !important;background-image: url(https:\/\/tepas.nl\/wp-content\/uploads\/2020\/03\/Familie.jpg?id=6369) !important;background-position: center !important;background-repeat: no-repeat !important;background-size: cover !important;}&#8220;][vc_column width=&#8220;3\/5&#8243; css=&#8220;.vc_custom_1583854415191{padding-top: 7% !important;padding-right: 7% !important;padding-bottom: 7% !important;padding-left: 7% !important;background-color: #125d7a !important;}&#8220;][vc_column_text italic=&#8220;true&#8220; color=&#8220;#ffffff&#8220; font_size=&#8220;20&#8243;]&#8220;Wij helpen u graag bij een juridisch geschil op het gebied van personen- en familierecht&#8220;[\/vc_column_text][\/vc_column][vc_column width=&#8220;2\/5&#8243; css=&#8220;.vc_custom_1583847769852{margin-bottom: 0px !important;}&#8220;][\/vc_column][\/vc_row]\n<\/div>","protected":false},"excerpt":{"rendered":"<p>[vc_row full_width=&#8220;stretch_row&#8220; content_placement=&#8220;middle&#8220; column_spacing=&#8220;0px&#8220; remove_bottom_col_margin=&#8220;true&#8220; wpex_bg_overlay=&#8220;color&#8220; wpex_fixed_bg=&#8220;fixed&#8220; bg_style=&#8220;stretch&#8220; min_height=&#8220;125&#8243; css=&#8220;.vc_custom_1583852995277{background-image: url(https:\/\/tepas.nl\/wp-content\/uploads\/2020\/03\/Algemeen-1.jpg?id=6144) !important;background-position: center !important;background-repeat: no-repeat !important;background-size: cover !important;}&#8220; wpex_bg_position=&#8220;center center&#8220; wpex_bg_overlay_color=&#8220;#125d7a&#8220; wpex_bg_overlay_opacity=&#8220;0.85&#8243;][vc_column][\/vc_column][\/vc_row][vc_row css=&#8220;.vc_custom_1583922955593{padding-top: 50px !important;padding-bottom: 30px !important;}&#8220;][vc_column][vc_column_text]Personen- en familierecht heeft verschillende aspecten.\u00a0Een herkenbaar onderdeel van dit rechtsgebied is de echtscheiding.\u00a0Dit rechtsgebied omvat echter nog zoveel meer aspecten dan echtscheiding, denk hierbij aan: naamswijziging, verbreking van&hellip;<\/p>\n","protected":false},"author":2,"featured_media":6780,"parent":0,"menu_order":0,"comment_status":"closed","ping_status":"closed","template":"","meta":{"footnotes":""},"class_list":["post-6778","page","type-page","status-publish","has-post-thumbnail","hentry","entry","has-media"],"yoast_head":"<!-- This site is optimized with the Yoast SEO plugin v27.4 - https:\/\/yoast.com\/product\/yoast-seo-wordpress\/ -->\n<title>Rodinn\u00e9 pr\u00e1vo - Te Pas - Kowalczyk<\/title>\n<meta name=\"robots\" content=\"index, follow, max-snippet:-1, max-image-preview:large, max-video-preview:-1\" \/>\n<link rel=\"canonical\" href=\"https:\/\/tepas.nl\/sk\/rodinne-pravo\/\" \/>\n<meta property=\"og:locale\" content=\"sk_SK\" \/>\n<meta property=\"og:type\" content=\"article\" \/>\n<meta property=\"og:title\" content=\"Rodinn\u00e9 pr\u00e1vo - Te Pas - Kowalczyk\" \/>\n<meta property=\"og:description\" content=\"[vc_row full_width=&#8220;stretch_row&#8220; content_placement=&#8220;middle&#8220; column_spacing=&#8220;0px&#8220; remove_bottom_col_margin=&#8220;true&#8220; wpex_bg_overlay=&#8220;color&#8220; wpex_fixed_bg=&#8220;fixed&#8220; bg_style=&#8220;stretch&#8220; min_height=&#8220;125&#8243; css=&#8220;.vc_custom_1583852995277{background-image: url(https:\/\/tepas.nl\/wp-content\/uploads\/2020\/03\/Algemeen-1.jpg?id=6144) !important;background-position: center !important;background-repeat: no-repeat !important;background-size: cover !important;}&#8220; wpex_bg_position=&#8220;center center&#8220; wpex_bg_overlay_color=&#8220;#125d7a&#8220; wpex_bg_overlay_opacity=&#8220;0.85&#8243;][vc_column][\/vc_column][\/vc_row][vc_row css=&#8220;.vc_custom_1583922955593{padding-top: 50px !important;padding-bottom: 30px !important;}&#8220;][vc_column][vc_column_text]Personen- en familierecht heeft verschillende aspecten.\u00a0Een herkenbaar onderdeel van dit rechtsgebied is de echtscheiding.\u00a0Dit rechtsgebied omvat echter nog zoveel meer aspecten dan echtscheiding, denk hierbij aan: naamswijziging, verbreking van&hellip;\" \/>\n<meta property=\"og:url\" content=\"https:\/\/tepas.nl\/sk\/rodinne-pravo\/\" \/>\n<meta property=\"og:site_name\" content=\"Te Pas - Kowalczyk\" \/>\n<meta property=\"article:modified_time\" content=\"2020-08-28T14:46:42+00:00\" \/>\n<meta property=\"og:image\" content=\"https:\/\/tepas.nl\/wp-content\/uploads\/2020\/03\/Familie-1.jpg\" \/>\n\t<meta property=\"og:image:width\" content=\"1000\" \/>\n\t<meta property=\"og:image:height\" content=\"667\" \/>\n\t<meta property=\"og:image:type\" content=\"image\/jpeg\" \/>\n<meta name=\"twitter:card\" content=\"summary_large_image\" \/>\n<meta name=\"twitter:label1\" content=\"Predpokladan\u00fd \u010das \u010d\u00edtania\" \/>\n\t<meta name=\"twitter:data1\" content=\"2 min\u00faty\" \/>\n<script type=\"application\/ld+json\" class=\"yoast-schema-graph\">{\"@context\":\"https:\\\/\\\/schema.org\",\"@graph\":[{\"@type\":\"WebPage\",\"@id\":\"https:\\\/\\\/tepas.nl\\\/sk\\\/rodinne-pravo\\\/\",\"url\":\"https:\\\/\\\/tepas.nl\\\/sk\\\/rodinne-pravo\\\/\",\"name\":\"Rodinn\u00e9 pr\u00e1vo - Te Pas - Kowalczyk\",\"isPartOf\":{\"@id\":\"https:\\\/\\\/tepas.nl\\\/#website\"},\"primaryImageOfPage\":{\"@id\":\"https:\\\/\\\/tepas.nl\\\/sk\\\/rodinne-pravo\\\/#primaryimage\"},\"image\":{\"@id\":\"https:\\\/\\\/tepas.nl\\\/sk\\\/rodinne-pravo\\\/#primaryimage\"},\"thumbnailUrl\":\"https:\\\/\\\/tepas.nl\\\/wp-content\\\/uploads\\\/2020\\\/03\\\/Familie-1.jpg\",\"datePublished\":\"2020-03-05T14:32:45+00:00\",\"dateModified\":\"2020-08-28T14:46:42+00:00\",\"breadcrumb\":{\"@id\":\"https:\\\/\\\/tepas.nl\\\/sk\\\/rodinne-pravo\\\/#breadcrumb\"},\"inLanguage\":\"sk-SK\",\"potentialAction\":[{\"@type\":\"ReadAction\",\"target\":[\"https:\\\/\\\/tepas.nl\\\/sk\\\/rodinne-pravo\\\/\"]}]},{\"@type\":\"ImageObject\",\"inLanguage\":\"sk-SK\",\"@id\":\"https:\\\/\\\/tepas.nl\\\/sk\\\/rodinne-pravo\\\/#primaryimage\",\"url\":\"https:\\\/\\\/tepas.nl\\\/wp-content\\\/uploads\\\/2020\\\/03\\\/Familie-1.jpg\",\"contentUrl\":\"https:\\\/\\\/tepas.nl\\\/wp-content\\\/uploads\\\/2020\\\/03\\\/Familie-1.jpg\",\"width\":1000,\"height\":667},{\"@type\":\"BreadcrumbList\",\"@id\":\"https:\\\/\\\/tepas.nl\\\/sk\\\/rodinne-pravo\\\/#breadcrumb\",\"itemListElement\":[{\"@type\":\"ListItem\",\"position\":1,\"name\":\"Home\",\"item\":\"https:\\\/\\\/tepas.nl\\\/sk\\\/\"},{\"@type\":\"ListItem\",\"position\":2,\"name\":\"Rodinn\u00e9 pr\u00e1vo\"}]},{\"@type\":\"WebSite\",\"@id\":\"https:\\\/\\\/tepas.nl\\\/#website\",\"url\":\"https:\\\/\\\/tepas.nl\\\/\",\"name\":\"Te Pas - Kowalczyk\",\"description\":\"Advocatenkantoor in Rotterdam\",\"publisher\":{\"@id\":\"https:\\\/\\\/tepas.nl\\\/#organization\"},\"potentialAction\":[{\"@type\":\"SearchAction\",\"target\":{\"@type\":\"EntryPoint\",\"urlTemplate\":\"https:\\\/\\\/tepas.nl\\\/?s={search_term_string}\"},\"query-input\":{\"@type\":\"PropertyValueSpecification\",\"valueRequired\":true,\"valueName\":\"search_term_string\"}}],\"inLanguage\":\"sk-SK\"},{\"@type\":\"Organization\",\"@id\":\"https:\\\/\\\/tepas.nl\\\/#organization\",\"name\":\"Te Pas - Kowalczyk\",\"url\":\"https:\\\/\\\/tepas.nl\\\/\",\"logo\":{\"@type\":\"ImageObject\",\"inLanguage\":\"sk-SK\",\"@id\":\"https:\\\/\\\/tepas.nl\\\/#\\\/schema\\\/logo\\\/image\\\/\",\"url\":\"https:\\\/\\\/tepas.nl\\\/wp-content\\\/uploads\\\/2020\\\/03\\\/Te-Pas-Kowalczyk-Advocaten_norm.png\",\"contentUrl\":\"https:\\\/\\\/tepas.nl\\\/wp-content\\\/uploads\\\/2020\\\/03\\\/Te-Pas-Kowalczyk-Advocaten_norm.png\",\"width\":600,\"height\":150,\"caption\":\"Te Pas - Kowalczyk\"},\"image\":{\"@id\":\"https:\\\/\\\/tepas.nl\\\/#\\\/schema\\\/logo\\\/image\\\/\"}}]}<\/script>\n<!-- \/ Yoast SEO plugin. -->","yoast_head_json":{"title":"Rodinn\u00e9 pr\u00e1vo - Te Pas - Kowalczyk","robots":{"index":"index","follow":"follow","max-snippet":"max-snippet:-1","max-image-preview":"max-image-preview:large","max-video-preview":"max-video-preview:-1"},"canonical":"https:\/\/tepas.nl\/sk\/rodinne-pravo\/","og_locale":"sk_SK","og_type":"article","og_title":"Rodinn\u00e9 pr\u00e1vo - Te Pas - Kowalczyk","og_description":"[vc_row full_width=&#8220;stretch_row&#8220; content_placement=&#8220;middle&#8220; column_spacing=&#8220;0px&#8220; remove_bottom_col_margin=&#8220;true&#8220; wpex_bg_overlay=&#8220;color&#8220; wpex_fixed_bg=&#8220;fixed&#8220; bg_style=&#8220;stretch&#8220; min_height=&#8220;125&#8243; css=&#8220;.vc_custom_1583852995277{background-image: url(https:\/\/tepas.nl\/wp-content\/uploads\/2020\/03\/Algemeen-1.jpg?id=6144) !important;background-position: center !important;background-repeat: no-repeat !important;background-size: cover !important;}&#8220; wpex_bg_position=&#8220;center center&#8220; wpex_bg_overlay_color=&#8220;#125d7a&#8220; wpex_bg_overlay_opacity=&#8220;0.85&#8243;][vc_column][\/vc_column][\/vc_row][vc_row css=&#8220;.vc_custom_1583922955593{padding-top: 50px !important;padding-bottom: 30px !important;}&#8220;][vc_column][vc_column_text]Personen- en familierecht heeft verschillende aspecten.\u00a0Een herkenbaar onderdeel van dit rechtsgebied is de echtscheiding.\u00a0Dit rechtsgebied omvat echter nog zoveel meer aspecten dan echtscheiding, denk hierbij aan: naamswijziging, verbreking van&hellip;","og_url":"https:\/\/tepas.nl\/sk\/rodinne-pravo\/","og_site_name":"Te Pas - Kowalczyk","article_modified_time":"2020-08-28T14:46:42+00:00","og_image":[{"width":1000,"height":667,"url":"https:\/\/tepas.nl\/wp-content\/uploads\/2020\/03\/Familie-1.jpg","type":"image\/jpeg"}],"twitter_card":"summary_large_image","twitter_misc":{"Predpokladan\u00fd \u010das \u010d\u00edtania":"2 min\u00faty"},"schema":{"@context":"https:\/\/schema.org","@graph":[{"@type":"WebPage","@id":"https:\/\/tepas.nl\/sk\/rodinne-pravo\/","url":"https:\/\/tepas.nl\/sk\/rodinne-pravo\/","name":"Rodinn\u00e9 pr\u00e1vo - Te Pas - Kowalczyk","isPartOf":{"@id":"https:\/\/tepas.nl\/#website"},"primaryImageOfPage":{"@id":"https:\/\/tepas.nl\/sk\/rodinne-pravo\/#primaryimage"},"image":{"@id":"https:\/\/tepas.nl\/sk\/rodinne-pravo\/#primaryimage"},"thumbnailUrl":"https:\/\/tepas.nl\/wp-content\/uploads\/2020\/03\/Familie-1.jpg","datePublished":"2020-03-05T14:32:45+00:00","dateModified":"2020-08-28T14:46:42+00:00","breadcrumb":{"@id":"https:\/\/tepas.nl\/sk\/rodinne-pravo\/#breadcrumb"},"inLanguage":"sk-SK","potentialAction":[{"@type":"ReadAction","target":["https:\/\/tepas.nl\/sk\/rodinne-pravo\/"]}]},{"@type":"ImageObject","inLanguage":"sk-SK","@id":"https:\/\/tepas.nl\/sk\/rodinne-pravo\/#primaryimage","url":"https:\/\/tepas.nl\/wp-content\/uploads\/2020\/03\/Familie-1.jpg","contentUrl":"https:\/\/tepas.nl\/wp-content\/uploads\/2020\/03\/Familie-1.jpg","width":1000,"height":667},{"@type":"BreadcrumbList","@id":"https:\/\/tepas.nl\/sk\/rodinne-pravo\/#breadcrumb","itemListElement":[{"@type":"ListItem","position":1,"name":"Home","item":"https:\/\/tepas.nl\/sk\/"},{"@type":"ListItem","position":2,"name":"Rodinn\u00e9 pr\u00e1vo"}]},{"@type":"WebSite","@id":"https:\/\/tepas.nl\/#website","url":"https:\/\/tepas.nl\/","name":"Te Pas - Kowalczyk","description":"Advocatenkantoor in Rotterdam","publisher":{"@id":"https:\/\/tepas.nl\/#organization"},"potentialAction":[{"@type":"SearchAction","target":{"@type":"EntryPoint","urlTemplate":"https:\/\/tepas.nl\/?s={search_term_string}"},"query-input":{"@type":"PropertyValueSpecification","valueRequired":true,"valueName":"search_term_string"}}],"inLanguage":"sk-SK"},{"@type":"Organization","@id":"https:\/\/tepas.nl\/#organization","name":"Te Pas - Kowalczyk","url":"https:\/\/tepas.nl\/","logo":{"@type":"ImageObject","inLanguage":"sk-SK","@id":"https:\/\/tepas.nl\/#\/schema\/logo\/image\/","url":"https:\/\/tepas.nl\/wp-content\/uploads\/2020\/03\/Te-Pas-Kowalczyk-Advocaten_norm.png","contentUrl":"https:\/\/tepas.nl\/wp-content\/uploads\/2020\/03\/Te-Pas-Kowalczyk-Advocaten_norm.png","width":600,"height":150,"caption":"Te Pas - Kowalczyk"},"image":{"@id":"https:\/\/tepas.nl\/#\/schema\/logo\/image\/"}}]}},"_links":{"self":[{"href":"https:\/\/tepas.nl\/sk\/wp-json\/wp\/v2\/pages\/6778","targetHints":{"allow":["GET"]}}],"collection":[{"href":"https:\/\/tepas.nl\/sk\/wp-json\/wp\/v2\/pages"}],"about":[{"href":"https:\/\/tepas.nl\/sk\/wp-json\/wp\/v2\/types\/page"}],"author":[{"embeddable":true,"href":"https:\/\/tepas.nl\/sk\/wp-json\/wp\/v2\/users\/2"}],"replies":[{"embeddable":true,"href":"https:\/\/tepas.nl\/sk\/wp-json\/wp\/v2\/comments?post=6778"}],"version-history":[{"count":3,"href":"https:\/\/tepas.nl\/sk\/wp-json\/wp\/v2\/pages\/6778\/revisions"}],"predecessor-version":[{"id":6783,"href":"https:\/\/tepas.nl\/sk\/wp-json\/wp\/v2\/pages\/6778\/revisions\/6783"}],"wp:featuredmedia":[{"embeddable":true,"href":"https:\/\/tepas.nl\/sk\/wp-json\/wp\/v2\/media\/6780"}],"wp:attachment":[{"href":"https:\/\/tepas.nl\/sk\/wp-json\/wp\/v2\/media?parent=6778"}],"curies":[{"name":"wp","href":"https:\/\/api.w.org\/{rel}","templated":true}]}}