{"id":6799,"date":"2020-03-05T15:34:34","date_gmt":"2020-03-05T14:34:34","guid":{"rendered":"https:\/\/tepas.nl\/verzekeringsrecht\/"},"modified":"2020-08-28T16:48:54","modified_gmt":"2020-08-28T14:48:54","slug":"pravne-predpisy-v-oblasti-poistneho-prava","status":"publish","type":"page","link":"https:\/\/tepas.nl\/sk\/pravne-predpisy-v-oblasti-poistneho-prava\/","title":{"rendered":"Pr\u00e1vne predpisy v oblasti poistn\u00e9ho pr\u00e1va"},"content":{"rendered":"<div class=\"wpb-content-wrapper\">[vc_row full_width=&#8220;stretch_row&#8220; content_placement=&#8220;middle&#8220; column_spacing=&#8220;0px&#8220; remove_bottom_col_margin=&#8220;true&#8220; wpex_bg_overlay=&#8220;color&#8220; wpex_fixed_bg=&#8220;fixed&#8220; bg_style=&#8220;stretch&#8220; min_height=&#8220;125&#8243; css=&#8220;.vc_custom_1583852995277{background-image: url(https:\/\/tepas.nl\/wp-content\/uploads\/2020\/03\/Algemeen-1.jpg?id=6144) !important;background-position: center !important;background-repeat: no-repeat !important;background-size: cover !important;}&#8220; wpex_bg_position=&#8220;center center&#8220; wpex_bg_overlay_color=&#8220;#125d7a&#8220; wpex_bg_overlay_opacity=&#8220;0.85&#8243;][vc_column]<div class=\"vcex-spacing wpex-w-100 wpex-clear\" style=\"height:10px;\"><\/div><style>.vcex-heading.vcex_69eccd276a0b5{color:#ffffff;font-size:30px;font-weight:600;}<\/style><h1 class=\"vcex-heading vcex-heading-plain vcex-module wpex-heading wpex-text-2xl wpex-text-left vcex_69eccd276a0b5\"><span class=\"vcex-heading-inner wpex-inline-block\">Verzekeringsrecht<\/span><\/h1>[\/vc_column][\/vc_row][vc_row css=&#8220;.vc_custom_1583917828032{padding-top: 50px !important;}&#8220;][vc_column][vc_column_text]Er kunnen zich allerlei geschillen voordoen naar aanleiding van een verzekeringsovereenkomst. Deze geschillen kunnen zich op allerlei niveaus afspelen. Denk hierbij aan geschillen tussen verzekeraars en verzekerden, dan wel tussen verzekeraars onderling.<\/p>\n<p>Daarnaast adviseren wij u graag omtrent uw juridische positie indien u aansprakelijk bent gesteld. Te Pas \u2013 Kowalczyk Advocaten heeft in de afgelopen jaren ruime ervaring opgedaan in het adviseren van zowel kleine, middelgrote- als grote bedrijven op het gebied van aansprakelijkheidsrecht.[\/vc_column_text][\/vc_column][\/vc_row][vc_row full_width=&#8220;stretch_row&#8220; column_spacing=&#8220;40&#8243; equal_height=&#8220;yes&#8220; remove_bottom_col_margin=&#8220;true&#8220; bg_style=&#8220;stretch&#8220; css=&#8220;.vc_custom_1585041893392{padding-top: 80px !important;padding-bottom: 60px !important;background-image: url(https:\/\/tepas.nl\/wp-content\/uploads\/2020\/03\/verzekering3.jpg?id=6406) !important;background-position: center !important;background-repeat: no-repeat !important;background-size: cover !important;}&#8220; wpex_bg_position=&#8220;center center&#8220;][vc_column width=&#8220;3\/5&#8243; css=&#8220;.vc_custom_1583854415191{padding-top: 7% !important;padding-right: 7% !important;padding-bottom: 7% !important;padding-left: 7% !important;background-color: #125d7a !important;}&#8220;][vc_column_text italic=&#8220;true&#8220; color=&#8220;#ffffff&#8220; font_size=&#8220;20&#8243; text_align=&#8220;left&#8220; line_height=&#8220;1.5&#8243;]Te Pas \u2013 Kowalczyk Advocaten is gespecialiseerd in de begeleiding rondom een procedure. Vanzelfsprekend wordt altijd de mogelijkheid van een schikking onderzocht.[\/vc_column_text][\/vc_column][vc_column width=&#8220;2\/5&#8243; css=&#8220;.vc_custom_1583847769852{margin-bottom: 0px !important;}&#8220;][\/vc_column][\/vc_row]\n<\/div>","protected":false},"excerpt":{"rendered":"<p>[vc_row full_width=&#8220;stretch_row&#8220; content_placement=&#8220;middle&#8220; column_spacing=&#8220;0px&#8220; remove_bottom_col_margin=&#8220;true&#8220; wpex_bg_overlay=&#8220;color&#8220; wpex_fixed_bg=&#8220;fixed&#8220; bg_style=&#8220;stretch&#8220; min_height=&#8220;125&#8243; css=&#8220;.vc_custom_1583852995277{background-image: url(https:\/\/tepas.nl\/wp-content\/uploads\/2020\/03\/Algemeen-1.jpg?id=6144) !important;background-position: center !important;background-repeat: no-repeat !important;background-size: cover !important;}&#8220; wpex_bg_position=&#8220;center center&#8220; wpex_bg_overlay_color=&#8220;#125d7a&#8220; wpex_bg_overlay_opacity=&#8220;0.85&#8243;][vc_column][\/vc_column][\/vc_row][vc_row css=&#8220;.vc_custom_1583917828032{padding-top: 50px !important;}&#8220;][vc_column][vc_column_text]Er kunnen zich allerlei geschillen voordoen naar aanleiding van een verzekeringsovereenkomst. Deze geschillen kunnen zich op allerlei niveaus afspelen. Denk hierbij aan geschillen tussen verzekeraars en verzekerden, dan wel tussen verzekeraars&hellip;<\/p>\n","protected":false},"author":2,"featured_media":6801,"parent":0,"menu_order":0,"comment_status":"closed","ping_status":"closed","template":"","meta":{"footnotes":""},"class_list":["post-6799","page","type-page","status-publish","has-post-thumbnail","hentry","entry","has-media"],"yoast_head":"<!-- This site is optimized with the Yoast SEO plugin v27.4 - https:\/\/yoast.com\/product\/yoast-seo-wordpress\/ -->\n<title>Pr\u00e1vne predpisy v oblasti poistn\u00e9ho pr\u00e1va - Te Pas - Kowalczyk<\/title>\n<meta name=\"robots\" content=\"index, follow, max-snippet:-1, max-image-preview:large, max-video-preview:-1\" \/>\n<link rel=\"canonical\" href=\"https:\/\/tepas.nl\/sk\/pravne-predpisy-v-oblasti-poistneho-prava\/\" \/>\n<meta property=\"og:locale\" content=\"sk_SK\" \/>\n<meta property=\"og:type\" content=\"article\" \/>\n<meta property=\"og:title\" content=\"Pr\u00e1vne predpisy v oblasti poistn\u00e9ho pr\u00e1va - Te Pas - Kowalczyk\" \/>\n<meta property=\"og:description\" content=\"[vc_row full_width=&#8220;stretch_row&#8220; content_placement=&#8220;middle&#8220; column_spacing=&#8220;0px&#8220; remove_bottom_col_margin=&#8220;true&#8220; wpex_bg_overlay=&#8220;color&#8220; wpex_fixed_bg=&#8220;fixed&#8220; bg_style=&#8220;stretch&#8220; min_height=&#8220;125&#8243; css=&#8220;.vc_custom_1583852995277{background-image: url(https:\/\/tepas.nl\/wp-content\/uploads\/2020\/03\/Algemeen-1.jpg?id=6144) !important;background-position: center !important;background-repeat: no-repeat !important;background-size: cover !important;}&#8220; wpex_bg_position=&#8220;center center&#8220; wpex_bg_overlay_color=&#8220;#125d7a&#8220; wpex_bg_overlay_opacity=&#8220;0.85&#8243;][vc_column][\/vc_column][\/vc_row][vc_row css=&#8220;.vc_custom_1583917828032{padding-top: 50px !important;}&#8220;][vc_column][vc_column_text]Er kunnen zich allerlei geschillen voordoen naar aanleiding van een verzekeringsovereenkomst. Deze geschillen kunnen zich op allerlei niveaus afspelen. Denk hierbij aan geschillen tussen verzekeraars en verzekerden, dan wel tussen verzekeraars&hellip;\" \/>\n<meta property=\"og:url\" content=\"https:\/\/tepas.nl\/sk\/pravne-predpisy-v-oblasti-poistneho-prava\/\" \/>\n<meta property=\"og:site_name\" content=\"Te Pas - Kowalczyk\" \/>\n<meta property=\"article:modified_time\" content=\"2020-08-28T14:48:54+00:00\" \/>\n<meta property=\"og:image\" content=\"https:\/\/tepas.nl\/wp-content\/uploads\/2020\/03\/Algemeen.jpg\" \/>\n\t<meta property=\"og:image:width\" content=\"1000\" \/>\n\t<meta property=\"og:image:height\" content=\"667\" \/>\n\t<meta property=\"og:image:type\" content=\"image\/jpeg\" \/>\n<meta name=\"twitter:card\" content=\"summary_large_image\" \/>\n<meta name=\"twitter:label1\" content=\"Predpokladan\u00fd \u010das \u010d\u00edtania\" \/>\n\t<meta name=\"twitter:data1\" content=\"2 min\u00faty\" \/>\n<script type=\"application\/ld+json\" class=\"yoast-schema-graph\">{\"@context\":\"https:\\\/\\\/schema.org\",\"@graph\":[{\"@type\":\"WebPage\",\"@id\":\"https:\\\/\\\/tepas.nl\\\/sk\\\/pravne-predpisy-v-oblasti-poistneho-prava\\\/\",\"url\":\"https:\\\/\\\/tepas.nl\\\/sk\\\/pravne-predpisy-v-oblasti-poistneho-prava\\\/\",\"name\":\"Pr\u00e1vne predpisy v oblasti poistn\u00e9ho pr\u00e1va - Te Pas - Kowalczyk\",\"isPartOf\":{\"@id\":\"https:\\\/\\\/tepas.nl\\\/#website\"},\"primaryImageOfPage\":{\"@id\":\"https:\\\/\\\/tepas.nl\\\/sk\\\/pravne-predpisy-v-oblasti-poistneho-prava\\\/#primaryimage\"},\"image\":{\"@id\":\"https:\\\/\\\/tepas.nl\\\/sk\\\/pravne-predpisy-v-oblasti-poistneho-prava\\\/#primaryimage\"},\"thumbnailUrl\":\"https:\\\/\\\/tepas.nl\\\/wp-content\\\/uploads\\\/2020\\\/03\\\/Algemeen.jpg\",\"datePublished\":\"2020-03-05T14:34:34+00:00\",\"dateModified\":\"2020-08-28T14:48:54+00:00\",\"breadcrumb\":{\"@id\":\"https:\\\/\\\/tepas.nl\\\/sk\\\/pravne-predpisy-v-oblasti-poistneho-prava\\\/#breadcrumb\"},\"inLanguage\":\"sk-SK\",\"potentialAction\":[{\"@type\":\"ReadAction\",\"target\":[\"https:\\\/\\\/tepas.nl\\\/sk\\\/pravne-predpisy-v-oblasti-poistneho-prava\\\/\"]}]},{\"@type\":\"ImageObject\",\"inLanguage\":\"sk-SK\",\"@id\":\"https:\\\/\\\/tepas.nl\\\/sk\\\/pravne-predpisy-v-oblasti-poistneho-prava\\\/#primaryimage\",\"url\":\"https:\\\/\\\/tepas.nl\\\/wp-content\\\/uploads\\\/2020\\\/03\\\/Algemeen.jpg\",\"contentUrl\":\"https:\\\/\\\/tepas.nl\\\/wp-content\\\/uploads\\\/2020\\\/03\\\/Algemeen.jpg\",\"width\":1000,\"height\":667},{\"@type\":\"BreadcrumbList\",\"@id\":\"https:\\\/\\\/tepas.nl\\\/sk\\\/pravne-predpisy-v-oblasti-poistneho-prava\\\/#breadcrumb\",\"itemListElement\":[{\"@type\":\"ListItem\",\"position\":1,\"name\":\"Home\",\"item\":\"https:\\\/\\\/tepas.nl\\\/sk\\\/\"},{\"@type\":\"ListItem\",\"position\":2,\"name\":\"Pr\u00e1vne predpisy v oblasti poistn\u00e9ho pr\u00e1va\"}]},{\"@type\":\"WebSite\",\"@id\":\"https:\\\/\\\/tepas.nl\\\/#website\",\"url\":\"https:\\\/\\\/tepas.nl\\\/\",\"name\":\"Te Pas - Kowalczyk\",\"description\":\"Advocatenkantoor in Rotterdam\",\"publisher\":{\"@id\":\"https:\\\/\\\/tepas.nl\\\/#organization\"},\"potentialAction\":[{\"@type\":\"SearchAction\",\"target\":{\"@type\":\"EntryPoint\",\"urlTemplate\":\"https:\\\/\\\/tepas.nl\\\/?s={search_term_string}\"},\"query-input\":{\"@type\":\"PropertyValueSpecification\",\"valueRequired\":true,\"valueName\":\"search_term_string\"}}],\"inLanguage\":\"sk-SK\"},{\"@type\":\"Organization\",\"@id\":\"https:\\\/\\\/tepas.nl\\\/#organization\",\"name\":\"Te Pas - Kowalczyk\",\"url\":\"https:\\\/\\\/tepas.nl\\\/\",\"logo\":{\"@type\":\"ImageObject\",\"inLanguage\":\"sk-SK\",\"@id\":\"https:\\\/\\\/tepas.nl\\\/#\\\/schema\\\/logo\\\/image\\\/\",\"url\":\"https:\\\/\\\/tepas.nl\\\/wp-content\\\/uploads\\\/2020\\\/03\\\/Te-Pas-Kowalczyk-Advocaten_norm.png\",\"contentUrl\":\"https:\\\/\\\/tepas.nl\\\/wp-content\\\/uploads\\\/2020\\\/03\\\/Te-Pas-Kowalczyk-Advocaten_norm.png\",\"width\":600,\"height\":150,\"caption\":\"Te Pas - Kowalczyk\"},\"image\":{\"@id\":\"https:\\\/\\\/tepas.nl\\\/#\\\/schema\\\/logo\\\/image\\\/\"}}]}<\/script>\n<!-- \/ Yoast SEO plugin. -->","yoast_head_json":{"title":"Pr\u00e1vne predpisy v oblasti poistn\u00e9ho pr\u00e1va - Te Pas - Kowalczyk","robots":{"index":"index","follow":"follow","max-snippet":"max-snippet:-1","max-image-preview":"max-image-preview:large","max-video-preview":"max-video-preview:-1"},"canonical":"https:\/\/tepas.nl\/sk\/pravne-predpisy-v-oblasti-poistneho-prava\/","og_locale":"sk_SK","og_type":"article","og_title":"Pr\u00e1vne predpisy v oblasti poistn\u00e9ho pr\u00e1va - Te Pas - Kowalczyk","og_description":"[vc_row full_width=&#8220;stretch_row&#8220; content_placement=&#8220;middle&#8220; column_spacing=&#8220;0px&#8220; remove_bottom_col_margin=&#8220;true&#8220; wpex_bg_overlay=&#8220;color&#8220; wpex_fixed_bg=&#8220;fixed&#8220; bg_style=&#8220;stretch&#8220; min_height=&#8220;125&#8243; css=&#8220;.vc_custom_1583852995277{background-image: url(https:\/\/tepas.nl\/wp-content\/uploads\/2020\/03\/Algemeen-1.jpg?id=6144) !important;background-position: center !important;background-repeat: no-repeat !important;background-size: cover !important;}&#8220; wpex_bg_position=&#8220;center center&#8220; wpex_bg_overlay_color=&#8220;#125d7a&#8220; wpex_bg_overlay_opacity=&#8220;0.85&#8243;][vc_column][\/vc_column][\/vc_row][vc_row css=&#8220;.vc_custom_1583917828032{padding-top: 50px !important;}&#8220;][vc_column][vc_column_text]Er kunnen zich allerlei geschillen voordoen naar aanleiding van een verzekeringsovereenkomst. Deze geschillen kunnen zich op allerlei niveaus afspelen. Denk hierbij aan geschillen tussen verzekeraars en verzekerden, dan wel tussen verzekeraars&hellip;","og_url":"https:\/\/tepas.nl\/sk\/pravne-predpisy-v-oblasti-poistneho-prava\/","og_site_name":"Te Pas - Kowalczyk","article_modified_time":"2020-08-28T14:48:54+00:00","og_image":[{"width":1000,"height":667,"url":"https:\/\/tepas.nl\/wp-content\/uploads\/2020\/03\/Algemeen.jpg","type":"image\/jpeg"}],"twitter_card":"summary_large_image","twitter_misc":{"Predpokladan\u00fd \u010das \u010d\u00edtania":"2 min\u00faty"},"schema":{"@context":"https:\/\/schema.org","@graph":[{"@type":"WebPage","@id":"https:\/\/tepas.nl\/sk\/pravne-predpisy-v-oblasti-poistneho-prava\/","url":"https:\/\/tepas.nl\/sk\/pravne-predpisy-v-oblasti-poistneho-prava\/","name":"Pr\u00e1vne predpisy v oblasti poistn\u00e9ho pr\u00e1va - Te Pas - Kowalczyk","isPartOf":{"@id":"https:\/\/tepas.nl\/#website"},"primaryImageOfPage":{"@id":"https:\/\/tepas.nl\/sk\/pravne-predpisy-v-oblasti-poistneho-prava\/#primaryimage"},"image":{"@id":"https:\/\/tepas.nl\/sk\/pravne-predpisy-v-oblasti-poistneho-prava\/#primaryimage"},"thumbnailUrl":"https:\/\/tepas.nl\/wp-content\/uploads\/2020\/03\/Algemeen.jpg","datePublished":"2020-03-05T14:34:34+00:00","dateModified":"2020-08-28T14:48:54+00:00","breadcrumb":{"@id":"https:\/\/tepas.nl\/sk\/pravne-predpisy-v-oblasti-poistneho-prava\/#breadcrumb"},"inLanguage":"sk-SK","potentialAction":[{"@type":"ReadAction","target":["https:\/\/tepas.nl\/sk\/pravne-predpisy-v-oblasti-poistneho-prava\/"]}]},{"@type":"ImageObject","inLanguage":"sk-SK","@id":"https:\/\/tepas.nl\/sk\/pravne-predpisy-v-oblasti-poistneho-prava\/#primaryimage","url":"https:\/\/tepas.nl\/wp-content\/uploads\/2020\/03\/Algemeen.jpg","contentUrl":"https:\/\/tepas.nl\/wp-content\/uploads\/2020\/03\/Algemeen.jpg","width":1000,"height":667},{"@type":"BreadcrumbList","@id":"https:\/\/tepas.nl\/sk\/pravne-predpisy-v-oblasti-poistneho-prava\/#breadcrumb","itemListElement":[{"@type":"ListItem","position":1,"name":"Home","item":"https:\/\/tepas.nl\/sk\/"},{"@type":"ListItem","position":2,"name":"Pr\u00e1vne predpisy v oblasti poistn\u00e9ho pr\u00e1va"}]},{"@type":"WebSite","@id":"https:\/\/tepas.nl\/#website","url":"https:\/\/tepas.nl\/","name":"Te Pas - Kowalczyk","description":"Advocatenkantoor in Rotterdam","publisher":{"@id":"https:\/\/tepas.nl\/#organization"},"potentialAction":[{"@type":"SearchAction","target":{"@type":"EntryPoint","urlTemplate":"https:\/\/tepas.nl\/?s={search_term_string}"},"query-input":{"@type":"PropertyValueSpecification","valueRequired":true,"valueName":"search_term_string"}}],"inLanguage":"sk-SK"},{"@type":"Organization","@id":"https:\/\/tepas.nl\/#organization","name":"Te Pas - Kowalczyk","url":"https:\/\/tepas.nl\/","logo":{"@type":"ImageObject","inLanguage":"sk-SK","@id":"https:\/\/tepas.nl\/#\/schema\/logo\/image\/","url":"https:\/\/tepas.nl\/wp-content\/uploads\/2020\/03\/Te-Pas-Kowalczyk-Advocaten_norm.png","contentUrl":"https:\/\/tepas.nl\/wp-content\/uploads\/2020\/03\/Te-Pas-Kowalczyk-Advocaten_norm.png","width":600,"height":150,"caption":"Te Pas - Kowalczyk"},"image":{"@id":"https:\/\/tepas.nl\/#\/schema\/logo\/image\/"}}]}},"_links":{"self":[{"href":"https:\/\/tepas.nl\/sk\/wp-json\/wp\/v2\/pages\/6799","targetHints":{"allow":["GET"]}}],"collection":[{"href":"https:\/\/tepas.nl\/sk\/wp-json\/wp\/v2\/pages"}],"about":[{"href":"https:\/\/tepas.nl\/sk\/wp-json\/wp\/v2\/types\/page"}],"author":[{"embeddable":true,"href":"https:\/\/tepas.nl\/sk\/wp-json\/wp\/v2\/users\/2"}],"replies":[{"embeddable":true,"href":"https:\/\/tepas.nl\/sk\/wp-json\/wp\/v2\/comments?post=6799"}],"version-history":[{"count":2,"href":"https:\/\/tepas.nl\/sk\/wp-json\/wp\/v2\/pages\/6799\/revisions"}],"predecessor-version":[{"id":6803,"href":"https:\/\/tepas.nl\/sk\/wp-json\/wp\/v2\/pages\/6799\/revisions\/6803"}],"wp:featuredmedia":[{"embeddable":true,"href":"https:\/\/tepas.nl\/sk\/wp-json\/wp\/v2\/media\/6801"}],"wp:attachment":[{"href":"https:\/\/tepas.nl\/sk\/wp-json\/wp\/v2\/media?parent=6799"}],"curies":[{"name":"wp","href":"https:\/\/api.w.org\/{rel}","templated":true}]}}