{"id":6804,"date":"2020-03-05T15:22:50","date_gmt":"2020-03-05T14:22:50","guid":{"rendered":"https:\/\/tepas.nl\/letselschade\/"},"modified":"2020-08-28T16:49:29","modified_gmt":"2020-08-28T14:49:29","slug":"odskodnenie-v-pripade-ujmy-na-zdravi","status":"publish","type":"page","link":"https:\/\/tepas.nl\/sk\/odskodnenie-v-pripade-ujmy-na-zdravi\/","title":{"rendered":"Od\u0161kodnenie v pr\u00edpade ujmy na zdrav\u00ed"},"content":{"rendered":"<div class=\"wpb-content-wrapper\">[vc_row full_width=&#8220;stretch_row&#8220; content_placement=&#8220;middle&#8220; column_spacing=&#8220;0px&#8220; remove_bottom_col_margin=&#8220;true&#8220; wpex_bg_overlay=&#8220;color&#8220; wpex_fixed_bg=&#8220;fixed&#8220; bg_style=&#8220;stretch&#8220; min_height=&#8220;125&#8243; css=&#8220;.vc_custom_1583852995277{background-image: url(https:\/\/tepas.nl\/wp-content\/uploads\/2020\/03\/Algemeen-1.jpg?id=6144) !important;background-position: center !important;background-repeat: no-repeat !important;background-size: cover !important;}&#8220; wpex_bg_position=&#8220;center center&#8220; wpex_bg_overlay_color=&#8220;#125d7a&#8220; wpex_bg_overlay_opacity=&#8220;0.85&#8243;][vc_column]<div class=\"vcex-spacing wpex-w-100 wpex-clear\" style=\"height:10px;\"><\/div><style>.vcex-heading.vcex_69e5ae81c367d{color:#ffffff;font-size:30px;font-weight:600;}<\/style><h1 class=\"vcex-heading vcex-heading-plain vcex-module wpex-heading wpex-text-2xl wpex-text-left vcex_69e5ae81c367d\"><span class=\"vcex-heading-inner wpex-inline-block\">Letselschade<\/span><\/h1>[\/vc_column][\/vc_row][vc_row css=&#8220;.vc_custom_1583854461864{padding-top: 50px !important;padding-bottom: 30px !important;}&#8220;][vc_column][vc_column_text]U kunt op verschillende manieren bij een ongeval betrokken raken en letselschade oplopen. Een ongeval kan uw dagelijkse leven op zijn kop kan zetten. Hoe krijg ik mijn leven weer op de rit? Is er iemand verantwoordelijk voor het ongeval? Kan ik bij diegene een claim indienen of bij de verzekeraar? Wat kan ik claimen? Kan ik smartengeld claimen? Heb ik recht op huishoudelijke hulp? Heb ik recht op tegemoetkoming in de zelfwerkzaamheid? Een letselschadeadvocaat geeft onder andere inzicht in deze vraagstukken en helpt u de financi\u00eble impact van uw ongeval op een rijtje te zetten.<\/p>\n<p>Een slachtoffer kan zowel materi\u00eble als immateri\u00eble schade overhouden aan een ongeval. Materi\u00eble\u00a0schade\u00a0is\u00a0schade\u00a0die direct in geld is uit te drukken. Dit betekent bijvoorbeeld:\u00a0beschadiging van uw eigendommen (bijvoorbeeld auto, fiets of kleding) maar ook\u00a0misgelopen inkomen,\u00a0kosten voor het ziekenhuis,\u00a0huishoudelijke hulp\u00a0en dergelijke.\u00a0Immateri\u00eble\u00a0schade\u00a0is\u00a0schade\u00a0veroorzaakt door verdriet, de pijn en het verlies aan levensvreugde na een ongeval. Een schadevergoeding die wordt uitgekeerd voor immateri\u00eble schade wordt ook wel smartengeld genoemd. Alleen het slachtoffer zelf heeft recht op smartengeld. Wanneer iemand anders aansprakelijk is voor de ontstane schade, kan de schade op de aansprakelijke partij worden verhaald. Onze advocaten kunnen u hierin bijstaan.[\/vc_column_text][\/vc_column][\/vc_row][vc_row full_width=&#8220;stretch_row&#8220; column_spacing=&#8220;40&#8243; equal_height=&#8220;yes&#8220; remove_bottom_col_margin=&#8220;true&#8220; bg_style=&#8220;stretch&#8220; css=&#8220;.vc_custom_1584535159737{padding-top: 80px !important;padding-bottom: 60px !important;background-image: url(https:\/\/tepas.nl\/wp-content\/uploads\/2020\/03\/Letselschade-2-1.jpg?id=6356) !important;background-position: center !important;background-repeat: no-repeat !important;background-size: cover !important;}&#8220;][vc_column width=&#8220;3\/5&#8243; css=&#8220;.vc_custom_1583854415191{padding-top: 7% !important;padding-right: 7% !important;padding-bottom: 7% !important;padding-left: 7% !important;background-color: #125d7a !important;}&#8220;]<style>.vcex-heading.vcex_69e5ae81c6f09{color:#ffffff;font-weight:600;}<\/style><h2 class=\"vcex-heading vcex-heading-plain vcex-module wpex-heading wpex-text-2xl wpex-text-left vcex_69e5ae81c6f09\"><span class=\"vcex-heading-inner wpex-inline-block\">Letselschade<\/span><\/h2>[vc_column_text color=&#8220;#ffffff&#8220; font_size=&#8220;18&#8243; text_align=&#8220;left&#8220; line_height=&#8220;1.5&#8243;]Heeft u letselschade opgelopen door een verkeersongeval, bedrijfsongeluk of door een medische fout en wilt u hulp bij het verkrijgen van een schadevergoeding? Te Pas-Kowalczyk Advocaten helpt u graag bij de juridische aspecten.[\/vc_column_text]<div class=\"vcex-spacing wpex-w-100 wpex-clear\"><\/div><a href=\"https:\/\/tepas.nl\/sk\/kontakt\/?page_id=1346\" class=\"vcex-button theme-button align-left inline\"><span class=\"vcex-button-inner theme-button-inner wpex-flex wpex-flex-wrap wpex-items-center wpex-justify-center\">Neem contact op<\/span><\/a> [\/vc_column][vc_column width=&#8220;2\/5&#8243; css=&#8220;.vc_custom_1583847769852{margin-bottom: 0px !important;}&#8220;][\/vc_column][\/vc_row]\n<\/div>","protected":false},"excerpt":{"rendered":"<p>[vc_row full_width=&#8220;stretch_row&#8220; content_placement=&#8220;middle&#8220; column_spacing=&#8220;0px&#8220; remove_bottom_col_margin=&#8220;true&#8220; wpex_bg_overlay=&#8220;color&#8220; wpex_fixed_bg=&#8220;fixed&#8220; bg_style=&#8220;stretch&#8220; min_height=&#8220;125&#8243; css=&#8220;.vc_custom_1583852995277{background-image: url(https:\/\/tepas.nl\/wp-content\/uploads\/2020\/03\/Algemeen-1.jpg?id=6144) !important;background-position: center !important;background-repeat: no-repeat !important;background-size: cover !important;}&#8220; wpex_bg_position=&#8220;center center&#8220; wpex_bg_overlay_color=&#8220;#125d7a&#8220; wpex_bg_overlay_opacity=&#8220;0.85&#8243;][vc_column][\/vc_column][\/vc_row][vc_row css=&#8220;.vc_custom_1583854461864{padding-top: 50px !important;padding-bottom: 30px !important;}&#8220;][vc_column][vc_column_text]U kunt op verschillende manieren bij een ongeval betrokken raken en letselschade oplopen. Een ongeval kan uw dagelijkse leven op zijn kop kan zetten. Hoe krijg ik mijn leven&hellip;<\/p>\n","protected":false},"author":2,"featured_media":6806,"parent":0,"menu_order":0,"comment_status":"closed","ping_status":"closed","template":"","meta":{"footnotes":""},"class_list":["post-6804","page","type-page","status-publish","has-post-thumbnail","hentry","entry","has-media"],"yoast_head":"<!-- This site is optimized with the Yoast SEO plugin v27.4 - https:\/\/yoast.com\/product\/yoast-seo-wordpress\/ -->\n<title>Od\u0161kodnenie v pr\u00edpade ujmy na zdrav\u00ed - Te Pas - Kowalczyk<\/title>\n<meta name=\"robots\" content=\"index, follow, max-snippet:-1, max-image-preview:large, max-video-preview:-1\" \/>\n<link rel=\"canonical\" href=\"https:\/\/tepas.nl\/sk\/odskodnenie-v-pripade-ujmy-na-zdravi\/\" \/>\n<meta property=\"og:locale\" content=\"sk_SK\" \/>\n<meta property=\"og:type\" content=\"article\" \/>\n<meta property=\"og:title\" content=\"Od\u0161kodnenie v pr\u00edpade ujmy na zdrav\u00ed - Te Pas - Kowalczyk\" \/>\n<meta property=\"og:description\" content=\"[vc_row full_width=&#8220;stretch_row&#8220; content_placement=&#8220;middle&#8220; column_spacing=&#8220;0px&#8220; remove_bottom_col_margin=&#8220;true&#8220; wpex_bg_overlay=&#8220;color&#8220; wpex_fixed_bg=&#8220;fixed&#8220; bg_style=&#8220;stretch&#8220; min_height=&#8220;125&#8243; css=&#8220;.vc_custom_1583852995277{background-image: url(https:\/\/tepas.nl\/wp-content\/uploads\/2020\/03\/Algemeen-1.jpg?id=6144) !important;background-position: center !important;background-repeat: no-repeat !important;background-size: cover !important;}&#8220; wpex_bg_position=&#8220;center center&#8220; wpex_bg_overlay_color=&#8220;#125d7a&#8220; wpex_bg_overlay_opacity=&#8220;0.85&#8243;][vc_column][\/vc_column][\/vc_row][vc_row css=&#8220;.vc_custom_1583854461864{padding-top: 50px !important;padding-bottom: 30px !important;}&#8220;][vc_column][vc_column_text]U kunt op verschillende manieren bij een ongeval betrokken raken en letselschade oplopen. Een ongeval kan uw dagelijkse leven op zijn kop kan zetten. Hoe krijg ik mijn leven&hellip;\" \/>\n<meta property=\"og:url\" content=\"https:\/\/tepas.nl\/sk\/odskodnenie-v-pripade-ujmy-na-zdravi\/\" \/>\n<meta property=\"og:site_name\" content=\"Te Pas - Kowalczyk\" \/>\n<meta property=\"article:modified_time\" content=\"2020-08-28T14:49:29+00:00\" \/>\n<meta property=\"og:image\" content=\"https:\/\/tepas.nl\/wp-content\/uploads\/2020\/03\/Letselschade-2.jpg\" \/>\n\t<meta property=\"og:image:width\" content=\"1000\" \/>\n\t<meta property=\"og:image:height\" content=\"667\" \/>\n\t<meta property=\"og:image:type\" content=\"image\/jpeg\" \/>\n<meta name=\"twitter:card\" content=\"summary_large_image\" \/>\n<meta name=\"twitter:label1\" content=\"Predpokladan\u00fd \u010das \u010d\u00edtania\" \/>\n\t<meta name=\"twitter:data1\" content=\"3 min\u00faty\" \/>\n<script type=\"application\/ld+json\" class=\"yoast-schema-graph\">{\"@context\":\"https:\\\/\\\/schema.org\",\"@graph\":[{\"@type\":\"WebPage\",\"@id\":\"https:\\\/\\\/tepas.nl\\\/sk\\\/odskodnenie-v-pripade-ujmy-na-zdravi\\\/\",\"url\":\"https:\\\/\\\/tepas.nl\\\/sk\\\/odskodnenie-v-pripade-ujmy-na-zdravi\\\/\",\"name\":\"Od\u0161kodnenie v pr\u00edpade ujmy na zdrav\u00ed - Te Pas - Kowalczyk\",\"isPartOf\":{\"@id\":\"https:\\\/\\\/tepas.nl\\\/#website\"},\"primaryImageOfPage\":{\"@id\":\"https:\\\/\\\/tepas.nl\\\/sk\\\/odskodnenie-v-pripade-ujmy-na-zdravi\\\/#primaryimage\"},\"image\":{\"@id\":\"https:\\\/\\\/tepas.nl\\\/sk\\\/odskodnenie-v-pripade-ujmy-na-zdravi\\\/#primaryimage\"},\"thumbnailUrl\":\"https:\\\/\\\/tepas.nl\\\/wp-content\\\/uploads\\\/2020\\\/03\\\/Letselschade-2.jpg\",\"datePublished\":\"2020-03-05T14:22:50+00:00\",\"dateModified\":\"2020-08-28T14:49:29+00:00\",\"breadcrumb\":{\"@id\":\"https:\\\/\\\/tepas.nl\\\/sk\\\/odskodnenie-v-pripade-ujmy-na-zdravi\\\/#breadcrumb\"},\"inLanguage\":\"sk-SK\",\"potentialAction\":[{\"@type\":\"ReadAction\",\"target\":[\"https:\\\/\\\/tepas.nl\\\/sk\\\/odskodnenie-v-pripade-ujmy-na-zdravi\\\/\"]}]},{\"@type\":\"ImageObject\",\"inLanguage\":\"sk-SK\",\"@id\":\"https:\\\/\\\/tepas.nl\\\/sk\\\/odskodnenie-v-pripade-ujmy-na-zdravi\\\/#primaryimage\",\"url\":\"https:\\\/\\\/tepas.nl\\\/wp-content\\\/uploads\\\/2020\\\/03\\\/Letselschade-2.jpg\",\"contentUrl\":\"https:\\\/\\\/tepas.nl\\\/wp-content\\\/uploads\\\/2020\\\/03\\\/Letselschade-2.jpg\",\"width\":1000,\"height\":667},{\"@type\":\"BreadcrumbList\",\"@id\":\"https:\\\/\\\/tepas.nl\\\/sk\\\/odskodnenie-v-pripade-ujmy-na-zdravi\\\/#breadcrumb\",\"itemListElement\":[{\"@type\":\"ListItem\",\"position\":1,\"name\":\"Home\",\"item\":\"https:\\\/\\\/tepas.nl\\\/sk\\\/\"},{\"@type\":\"ListItem\",\"position\":2,\"name\":\"Od\u0161kodnenie v pr\u00edpade ujmy na zdrav\u00ed\"}]},{\"@type\":\"WebSite\",\"@id\":\"https:\\\/\\\/tepas.nl\\\/#website\",\"url\":\"https:\\\/\\\/tepas.nl\\\/\",\"name\":\"Te Pas - Kowalczyk\",\"description\":\"Advocatenkantoor in Rotterdam\",\"publisher\":{\"@id\":\"https:\\\/\\\/tepas.nl\\\/#organization\"},\"potentialAction\":[{\"@type\":\"SearchAction\",\"target\":{\"@type\":\"EntryPoint\",\"urlTemplate\":\"https:\\\/\\\/tepas.nl\\\/?s={search_term_string}\"},\"query-input\":{\"@type\":\"PropertyValueSpecification\",\"valueRequired\":true,\"valueName\":\"search_term_string\"}}],\"inLanguage\":\"sk-SK\"},{\"@type\":\"Organization\",\"@id\":\"https:\\\/\\\/tepas.nl\\\/#organization\",\"name\":\"Te Pas - Kowalczyk\",\"url\":\"https:\\\/\\\/tepas.nl\\\/\",\"logo\":{\"@type\":\"ImageObject\",\"inLanguage\":\"sk-SK\",\"@id\":\"https:\\\/\\\/tepas.nl\\\/#\\\/schema\\\/logo\\\/image\\\/\",\"url\":\"https:\\\/\\\/tepas.nl\\\/wp-content\\\/uploads\\\/2020\\\/03\\\/Te-Pas-Kowalczyk-Advocaten_norm.png\",\"contentUrl\":\"https:\\\/\\\/tepas.nl\\\/wp-content\\\/uploads\\\/2020\\\/03\\\/Te-Pas-Kowalczyk-Advocaten_norm.png\",\"width\":600,\"height\":150,\"caption\":\"Te Pas - Kowalczyk\"},\"image\":{\"@id\":\"https:\\\/\\\/tepas.nl\\\/#\\\/schema\\\/logo\\\/image\\\/\"}}]}<\/script>\n<!-- \/ Yoast SEO plugin. -->","yoast_head_json":{"title":"Od\u0161kodnenie v pr\u00edpade ujmy na zdrav\u00ed - Te Pas - Kowalczyk","robots":{"index":"index","follow":"follow","max-snippet":"max-snippet:-1","max-image-preview":"max-image-preview:large","max-video-preview":"max-video-preview:-1"},"canonical":"https:\/\/tepas.nl\/sk\/odskodnenie-v-pripade-ujmy-na-zdravi\/","og_locale":"sk_SK","og_type":"article","og_title":"Od\u0161kodnenie v pr\u00edpade ujmy na zdrav\u00ed - Te Pas - Kowalczyk","og_description":"[vc_row full_width=&#8220;stretch_row&#8220; content_placement=&#8220;middle&#8220; column_spacing=&#8220;0px&#8220; remove_bottom_col_margin=&#8220;true&#8220; wpex_bg_overlay=&#8220;color&#8220; wpex_fixed_bg=&#8220;fixed&#8220; bg_style=&#8220;stretch&#8220; min_height=&#8220;125&#8243; css=&#8220;.vc_custom_1583852995277{background-image: url(https:\/\/tepas.nl\/wp-content\/uploads\/2020\/03\/Algemeen-1.jpg?id=6144) !important;background-position: center !important;background-repeat: no-repeat !important;background-size: cover !important;}&#8220; wpex_bg_position=&#8220;center center&#8220; wpex_bg_overlay_color=&#8220;#125d7a&#8220; wpex_bg_overlay_opacity=&#8220;0.85&#8243;][vc_column][\/vc_column][\/vc_row][vc_row css=&#8220;.vc_custom_1583854461864{padding-top: 50px !important;padding-bottom: 30px !important;}&#8220;][vc_column][vc_column_text]U kunt op verschillende manieren bij een ongeval betrokken raken en letselschade oplopen. Een ongeval kan uw dagelijkse leven op zijn kop kan zetten. Hoe krijg ik mijn leven&hellip;","og_url":"https:\/\/tepas.nl\/sk\/odskodnenie-v-pripade-ujmy-na-zdravi\/","og_site_name":"Te Pas - Kowalczyk","article_modified_time":"2020-08-28T14:49:29+00:00","og_image":[{"width":1000,"height":667,"url":"https:\/\/tepas.nl\/wp-content\/uploads\/2020\/03\/Letselschade-2.jpg","type":"image\/jpeg"}],"twitter_card":"summary_large_image","twitter_misc":{"Predpokladan\u00fd \u010das \u010d\u00edtania":"3 min\u00faty"},"schema":{"@context":"https:\/\/schema.org","@graph":[{"@type":"WebPage","@id":"https:\/\/tepas.nl\/sk\/odskodnenie-v-pripade-ujmy-na-zdravi\/","url":"https:\/\/tepas.nl\/sk\/odskodnenie-v-pripade-ujmy-na-zdravi\/","name":"Od\u0161kodnenie v pr\u00edpade ujmy na zdrav\u00ed - Te Pas - Kowalczyk","isPartOf":{"@id":"https:\/\/tepas.nl\/#website"},"primaryImageOfPage":{"@id":"https:\/\/tepas.nl\/sk\/odskodnenie-v-pripade-ujmy-na-zdravi\/#primaryimage"},"image":{"@id":"https:\/\/tepas.nl\/sk\/odskodnenie-v-pripade-ujmy-na-zdravi\/#primaryimage"},"thumbnailUrl":"https:\/\/tepas.nl\/wp-content\/uploads\/2020\/03\/Letselschade-2.jpg","datePublished":"2020-03-05T14:22:50+00:00","dateModified":"2020-08-28T14:49:29+00:00","breadcrumb":{"@id":"https:\/\/tepas.nl\/sk\/odskodnenie-v-pripade-ujmy-na-zdravi\/#breadcrumb"},"inLanguage":"sk-SK","potentialAction":[{"@type":"ReadAction","target":["https:\/\/tepas.nl\/sk\/odskodnenie-v-pripade-ujmy-na-zdravi\/"]}]},{"@type":"ImageObject","inLanguage":"sk-SK","@id":"https:\/\/tepas.nl\/sk\/odskodnenie-v-pripade-ujmy-na-zdravi\/#primaryimage","url":"https:\/\/tepas.nl\/wp-content\/uploads\/2020\/03\/Letselschade-2.jpg","contentUrl":"https:\/\/tepas.nl\/wp-content\/uploads\/2020\/03\/Letselschade-2.jpg","width":1000,"height":667},{"@type":"BreadcrumbList","@id":"https:\/\/tepas.nl\/sk\/odskodnenie-v-pripade-ujmy-na-zdravi\/#breadcrumb","itemListElement":[{"@type":"ListItem","position":1,"name":"Home","item":"https:\/\/tepas.nl\/sk\/"},{"@type":"ListItem","position":2,"name":"Od\u0161kodnenie v pr\u00edpade ujmy na zdrav\u00ed"}]},{"@type":"WebSite","@id":"https:\/\/tepas.nl\/#website","url":"https:\/\/tepas.nl\/","name":"Te Pas - Kowalczyk","description":"Advocatenkantoor in Rotterdam","publisher":{"@id":"https:\/\/tepas.nl\/#organization"},"potentialAction":[{"@type":"SearchAction","target":{"@type":"EntryPoint","urlTemplate":"https:\/\/tepas.nl\/?s={search_term_string}"},"query-input":{"@type":"PropertyValueSpecification","valueRequired":true,"valueName":"search_term_string"}}],"inLanguage":"sk-SK"},{"@type":"Organization","@id":"https:\/\/tepas.nl\/#organization","name":"Te Pas - Kowalczyk","url":"https:\/\/tepas.nl\/","logo":{"@type":"ImageObject","inLanguage":"sk-SK","@id":"https:\/\/tepas.nl\/#\/schema\/logo\/image\/","url":"https:\/\/tepas.nl\/wp-content\/uploads\/2020\/03\/Te-Pas-Kowalczyk-Advocaten_norm.png","contentUrl":"https:\/\/tepas.nl\/wp-content\/uploads\/2020\/03\/Te-Pas-Kowalczyk-Advocaten_norm.png","width":600,"height":150,"caption":"Te Pas - Kowalczyk"},"image":{"@id":"https:\/\/tepas.nl\/#\/schema\/logo\/image\/"}}]}},"_links":{"self":[{"href":"https:\/\/tepas.nl\/sk\/wp-json\/wp\/v2\/pages\/6804","targetHints":{"allow":["GET"]}}],"collection":[{"href":"https:\/\/tepas.nl\/sk\/wp-json\/wp\/v2\/pages"}],"about":[{"href":"https:\/\/tepas.nl\/sk\/wp-json\/wp\/v2\/types\/page"}],"author":[{"embeddable":true,"href":"https:\/\/tepas.nl\/sk\/wp-json\/wp\/v2\/users\/2"}],"replies":[{"embeddable":true,"href":"https:\/\/tepas.nl\/sk\/wp-json\/wp\/v2\/comments?post=6804"}],"version-history":[{"count":2,"href":"https:\/\/tepas.nl\/sk\/wp-json\/wp\/v2\/pages\/6804\/revisions"}],"predecessor-version":[{"id":6808,"href":"https:\/\/tepas.nl\/sk\/wp-json\/wp\/v2\/pages\/6804\/revisions\/6808"}],"wp:featuredmedia":[{"embeddable":true,"href":"https:\/\/tepas.nl\/sk\/wp-json\/wp\/v2\/media\/6806"}],"wp:attachment":[{"href":"https:\/\/tepas.nl\/sk\/wp-json\/wp\/v2\/media?parent=6804"}],"curies":[{"name":"wp","href":"https:\/\/api.w.org\/{rel}","templated":true}]}}